{"id":98,"date":"2024-07-20T06:36:26","date_gmt":"2024-07-20T06:36:26","guid":{"rendered":"https:\/\/filatelia.cuentista.es\/product\/global-eradication-of-small-pox-110fs"},"modified":"2024-08-29T06:40:46","modified_gmt":"2024-08-29T06:40:46","slug":"global-eradication-of-small-pox-110fs","status":"publish","type":"product","link":"https:\/\/filatelia.cuentista.es\/en\/product\/global-eradication-of-small-pox-110fs","title":{"rendered":"Sobre Primer D\u00eda &#8211; UN Global Eradication of small Pox &#8211; 1,10fs"},"content":{"rendered":"<p>Sobre Primer D\u00eda &#8211; UN Global Eradication of small Pox (Viruela) con sello de 1,10fs<\/p>\n<p>La\u00a0<b>viruela<\/b>\u00a0(del lat\u00edn\u00a0<i>variola<\/i>: &#8216;p\u00fastula peque\u00f1a&#8217;) fue una\u00a0<a title=\"Enfermedad infecciosa\" href=\"https:\/\/es.wikipedia.org\/wiki\/Enfermedad_infecciosa\">enfermedad infecciosa<\/a>\u00a0grave, contagiosa y con un alto riesgo de muerte, causada por el\u00a0<a title=\"Virus\" href=\"https:\/\/es.wikipedia.org\/wiki\/Virus\">virus<\/a>\u00a0<i><a title=\"Variola virus\" href=\"https:\/\/es.wikipedia.org\/wiki\/Variola_virus\">Variola virus<\/a><\/i>\u00a0en el siglo\u00a0xix.<sup id=\"cite_ref-1\" class=\"reference separada\"><a href=\"https:\/\/es.wikipedia.org\/wiki\/Viruela#cite_note-1\">1<\/a><\/sup>\u200b El \u00faltimo caso de contagio natural se diagnostic\u00f3 en octubre de 1977 y en 1980 la\u00a0<a title=\"Organizaci\u00f3n Mundial de la Salud\" href=\"https:\/\/es.wikipedia.org\/wiki\/Organizaci%C3%B3n_Mundial_de_la_Salud\">Organizaci\u00f3n Mundial de la Salud<\/a>\u00a0(OMS) certific\u00f3 la erradicaci\u00f3n de la enfermedad en todo el planeta.<sup id=\"cite_ref-bbc_2-0\" class=\"reference separada\"><a href=\"https:\/\/es.wikipedia.org\/wiki\/Viruela#cite_note-bbc-2\">2<\/a><\/sup>\u200b Sus principales caracter\u00edsticas eran una elevada\u00a0<a class=\"mw-redirect\" title=\"Tasa de mortalidad\" href=\"https:\/\/es.wikipedia.org\/wiki\/Tasa_de_mortalidad\">tasa de mortalidad<\/a>, de alrededor de un 30\u00a0%, con tasas especialmente elevadas en beb\u00e9s,<sup id=\"cite_ref-3\" class=\"reference separada\"><a href=\"https:\/\/es.wikipedia.org\/wiki\/Viruela#cite_note-3\">3<\/a><\/sup>\u200b<sup id=\"cite_ref-CDCRef_4-0\" class=\"reference separada\"><a href=\"https:\/\/es.wikipedia.org\/wiki\/Viruela#cite_note-CDCRef-4\">4<\/a><\/sup>\u200b mientras que en aquellos que sobreviv\u00edan dejaba cicatrices por todo el cuerpo, y en algunos casos\u00a0<a title=\"Ceguera\" href=\"https:\/\/es.wikipedia.org\/wiki\/Ceguera\">ceguera<\/a>.<sup id=\"cite_ref-CDCRef_4-1\" class=\"reference separada\"><a href=\"https:\/\/es.wikipedia.org\/wiki\/Viruela#cite_note-CDCRef-4\">4<\/a><\/sup>\u200b<\/p>\n<p class=\"p1\">Edici\u00f3n de Ginebra con cancelaci\u00f3n especial para la serie<\/p>\n<p class=\"p1\"><b>Los sobres de primer d\u00eda son objetos de colecci\u00f3n muy valorados por los filat\u00e9licos.<\/b> Estos sobres especiales se utilizan para enviar una carta el mismo d\u00eda en que se emite un nuevo sello postal. Al ser los primeros en utilizar ese sello en particular, adquieren un valor a\u00f1adido para los coleccionistas. Los sobres de primer d\u00eda suelen incluir un matasellos con la fecha de emisi\u00f3n y el nombre de la oficina de correos donde se expidi\u00f3 el sello, lo que los convierte en piezas \u00fanicas y aut\u00e9nticas. Adem\u00e1s de su valor filat\u00e9lico, estos sobres a menudo presentan dise\u00f1os atractivos y conmemorativos, relacionados con el tema del sello emitido, lo que los convierte en peque\u00f1os tesoros para los amantes de la historia y el arte postal.<\/p>","protected":false},"excerpt":{"rendered":"<p>Sobre Primer D\u00eda &#8211; UN Global Eradication of small Pox (Viruela) con sello de 1,10fs<\/p>","protected":false},"featured_media":1922,"comment_status":"open","ping_status":"closed","template":"","meta":{"_acf_changed":false},"product_brand":[],"product_cat":[19,901],"product_tag":[40,906,32,905],"class_list":{"0":"post-98","1":"product","2":"type-product","3":"status-publish","4":"has-post-thumbnail","6":"product_cat-spd-sobres-primer-dia","7":"product_cat-united-nations","8":"product_tag-40","9":"product_tag-erradicacion","10":"product_tag-naciones-unidas","11":"product_tag-viruela","12":"thunk-woo-product-list","13":"opn-qv-enable","14":"open-woo-hover-zoom","15":"open-single-product-tab-horizontal","16":"open-shadow-","17":"open-shadow-hover-","19":"first","20":"instock","21":"sale","22":"shipping-taxable","23":"purchasable","24":"product-type-simple"},"acf":[],"jetpack_sharing_enabled":true,"_links":{"self":[{"href":"https:\/\/filatelia.cuentista.es\/en\/wp-json\/wp\/v2\/product\/98","targetHints":{"allow":["GET"]}}],"collection":[{"href":"https:\/\/filatelia.cuentista.es\/en\/wp-json\/wp\/v2\/product"}],"about":[{"href":"https:\/\/filatelia.cuentista.es\/en\/wp-json\/wp\/v2\/types\/product"}],"replies":[{"embeddable":true,"href":"https:\/\/filatelia.cuentista.es\/en\/wp-json\/wp\/v2\/comments?post=98"}],"wp:featuredmedia":[{"embeddable":true,"href":"https:\/\/filatelia.cuentista.es\/en\/wp-json\/wp\/v2\/media\/1922"}],"wp:attachment":[{"href":"https:\/\/filatelia.cuentista.es\/en\/wp-json\/wp\/v2\/media?parent=98"}],"wp:term":[{"taxonomy":"product_brand","embeddable":true,"href":"https:\/\/filatelia.cuentista.es\/en\/wp-json\/wp\/v2\/product_brand?post=98"},{"taxonomy":"product_cat","embeddable":true,"href":"https:\/\/filatelia.cuentista.es\/en\/wp-json\/wp\/v2\/product_cat?post=98"},{"taxonomy":"product_tag","embeddable":true,"href":"https:\/\/filatelia.cuentista.es\/en\/wp-json\/wp\/v2\/product_tag?post=98"}],"curies":[{"name":"wp","href":"https:\/\/api.w.org\/{rel}","templated":true}]}}