{"id":966,"date":"2024-08-03T09:10:48","date_gmt":"2024-08-03T09:10:48","guid":{"rendered":"https:\/\/filatelia.cuentista.es\/?post_type=product&#038;p=966"},"modified":"2024-08-03T09:12:15","modified_gmt":"2024-08-03T09:12:15","slug":"revista-timbres-vous-1-2-2-2-2-2","status":"publish","type":"product","link":"https:\/\/filatelia.cuentista.es\/en\/product\/revista-timbres-vous-1-2-2-2-2-2","title":{"rendered":"Revista Timbres &amp; Vous #9"},"content":{"rendered":"<p>Revista francesa editada por la Poste n\u00famero 9<\/p>\n<p>Tiene 12 p\u00e1ginas con informaci\u00f3n de los sellos emitidos en cada mes.<\/p>\n<p>noviembre 2005<\/p>","protected":false},"excerpt":{"rendered":"<p>Revista francesa editada por la Poste n\u00famero 9 Tiene 12 p\u00e1ginas con informaci\u00f3n de los sellos emitidos en cada mes. noviembre 2005<\/p>","protected":false},"featured_media":969,"comment_status":"open","ping_status":"closed","template":"","meta":{"_acf_changed":false},"product_brand":[],"product_cat":[27],"product_tag":[355,356,353,354],"class_list":{"0":"post-966","1":"product","2":"type-product","3":"status-publish","4":"has-post-thumbnail","6":"product_cat-revista","7":"product_tag-francia","8":"product_tag-la-poste","9":"product_tag-revista","10":"product_tag-timbre","11":"thunk-woo-product-list","12":"opn-qv-enable","13":"open-woo-hover-zoom","14":"open-single-product-tab-horizontal","15":"open-shadow-","16":"open-shadow-hover-","18":"first","19":"instock","20":"sale","21":"shipping-taxable","22":"purchasable","23":"product-type-simple"},"acf":[],"jetpack_sharing_enabled":true,"_links":{"self":[{"href":"https:\/\/filatelia.cuentista.es\/en\/wp-json\/wp\/v2\/product\/966","targetHints":{"allow":["GET"]}}],"collection":[{"href":"https:\/\/filatelia.cuentista.es\/en\/wp-json\/wp\/v2\/product"}],"about":[{"href":"https:\/\/filatelia.cuentista.es\/en\/wp-json\/wp\/v2\/types\/product"}],"replies":[{"embeddable":true,"href":"https:\/\/filatelia.cuentista.es\/en\/wp-json\/wp\/v2\/comments?post=966"}],"wp:featuredmedia":[{"embeddable":true,"href":"https:\/\/filatelia.cuentista.es\/en\/wp-json\/wp\/v2\/media\/969"}],"wp:attachment":[{"href":"https:\/\/filatelia.cuentista.es\/en\/wp-json\/wp\/v2\/media?parent=966"}],"wp:term":[{"taxonomy":"product_brand","embeddable":true,"href":"https:\/\/filatelia.cuentista.es\/en\/wp-json\/wp\/v2\/product_brand?post=966"},{"taxonomy":"product_cat","embeddable":true,"href":"https:\/\/filatelia.cuentista.es\/en\/wp-json\/wp\/v2\/product_cat?post=966"},{"taxonomy":"product_tag","embeddable":true,"href":"https:\/\/filatelia.cuentista.es\/en\/wp-json\/wp\/v2\/product_tag?post=966"}],"curies":[{"name":"wp","href":"https:\/\/api.w.org\/{rel}","templated":true}]}}