{"id":8093,"date":"2026-05-09T17:31:43","date_gmt":"2026-05-09T17:31:43","guid":{"rendered":"https:\/\/filatelia.cuentista.es\/product\/tarjeta-filatelica-austria-1995-10-anos-steyrtal-museumsbahn-matasellos-especial-steyrtal"},"modified":"2026-05-09T17:31:47","modified_gmt":"2026-05-09T17:31:47","slug":"tarjeta-filatelica-austria-1995-10-anos-steyrtal-museumsbahn-matasellos-especial-steyrtal","status":"publish","type":"product","link":"https:\/\/filatelia.cuentista.es\/en\/product\/tarjeta-filatelica-austria-1995-10-anos-steyrtal-museumsbahn-matasellos-especial-steyrtal","title":{"rendered":"Tarjeta Filat\u00e9lica Austria 1995 &#8211; 10 A\u00f1os Steyrtal Museumsbahn &#8211; Matasellos Especial Steyrtal"},"content":{"rendered":"<p>Esta pieza de coleccionismo postal captura un momento hist\u00f3rico de la tradici\u00f3n ferroviaria de Austria. Se trata de una tarjeta conmemorativa (Beleg) que presenta los siguientes elementos:<\/p>\n<p>Matasellos Especial (Sonderstempel): Fechado el 12 de agosto de 1995 en 4400 Steyr. El dise\u00f1o ilustra una locomotora de vapor y la estaci\u00f3n del Steyrtal Museumsbahn, el ferrocarril de v\u00eda estrecha m\u00e1s antiguo del pa\u00eds, con motivo de la \u00abBriefmarkenwerbeschau\u00bb (Exhibici\u00f3n de Promoci\u00f3n Filat\u00e9lica).<\/p>\n<p>Sello Postal: Sello original de la Rep\u00fablica de Austria con un valor facial de 60 Groschen, perteneciente a la serie definitiva \u00abBauwerke\u00bb (Edificios), que muestra la emblem\u00e1tica torre Ledererturm de la ciudad de Wels.<\/p>\n<p>Dise\u00f1o Oficial: Incluye el logotipo de POST (Correos de Austria) en la parte superior izquierda, garantizando su autenticidad como emisi\u00f3n oficial.<\/p>\n<p>Estado: Excelente conservaci\u00f3n, sin circular (perfecta para \u00e1lbum de coleccionista).<\/p>","protected":false},"excerpt":{"rendered":"<p>Tarjeta conmemorativa emitida por \u00d6sterreichische Post en 1995 para celebrar el 10.\u00ba aniversario del Ferrocarril Museo Steyrtal. Incluye un matasellos especial de la exhibici\u00f3n filat\u00e9lica de Steyr y un sello de la serie \u00abEdificios\u00bb (Ledererturm Wels). Ideal para coleccionistas de tem\u00e1tica ferroviaria y filatelia austriaca.<\/p>","protected":false},"featured_media":8092,"comment_status":"open","ping_status":"closed","template":"","meta":{"_acf_changed":false},"product_brand":[],"product_cat":[1671,1648],"product_tag":[127,1661,1389,114,68,443,1703,1677,1704,1701,1700,1699,1195,1702],"class_list":{"0":"post-8093","1":"product","2":"type-product","3":"status-publish","4":"has-post-thumbnail","6":"product_cat-austria","7":"product_cat-hoja-filatelica","8":"product_tag-127","9":"product_tag-austria","10":"product_tag-coleccionismo","11":"product_tag-ferrocarril","12":"product_tag-filatelia","13":"product_tag-historia-postal","14":"product_tag-ledererturm","15":"product_tag-matasellos-especial","16":"product_tag-osterreichische-post","17":"product_tag-steyr","18":"product_tag-steyrtal-museumsbahn","19":"product_tag-tarjeta-postal","20":"product_tag-trenes","21":"product_tag-wels","22":"thunk-woo-product-list","23":"opn-qv-enable","24":"open-woo-hover-zoom","25":"open-single-product-tab-horizontal","26":"open-shadow-","27":"open-shadow-hover-","29":"first","30":"instock","31":"sale","32":"shipping-taxable","33":"purchasable","34":"product-type-simple"},"acf":[],"jetpack_sharing_enabled":true,"_links":{"self":[{"href":"https:\/\/filatelia.cuentista.es\/en\/wp-json\/wp\/v2\/product\/8093","targetHints":{"allow":["GET"]}}],"collection":[{"href":"https:\/\/filatelia.cuentista.es\/en\/wp-json\/wp\/v2\/product"}],"about":[{"href":"https:\/\/filatelia.cuentista.es\/en\/wp-json\/wp\/v2\/types\/product"}],"replies":[{"embeddable":true,"href":"https:\/\/filatelia.cuentista.es\/en\/wp-json\/wp\/v2\/comments?post=8093"}],"wp:featuredmedia":[{"embeddable":true,"href":"https:\/\/filatelia.cuentista.es\/en\/wp-json\/wp\/v2\/media\/8092"}],"wp:attachment":[{"href":"https:\/\/filatelia.cuentista.es\/en\/wp-json\/wp\/v2\/media?parent=8093"}],"wp:term":[{"taxonomy":"product_brand","embeddable":true,"href":"https:\/\/filatelia.cuentista.es\/en\/wp-json\/wp\/v2\/product_brand?post=8093"},{"taxonomy":"product_cat","embeddable":true,"href":"https:\/\/filatelia.cuentista.es\/en\/wp-json\/wp\/v2\/product_cat?post=8093"},{"taxonomy":"product_tag","embeddable":true,"href":"https:\/\/filatelia.cuentista.es\/en\/wp-json\/wp\/v2\/product_tag?post=8093"}],"curies":[{"name":"wp","href":"https:\/\/api.w.org\/{rel}","templated":true}]}}