{"id":8087,"date":"2026-05-09T17:13:04","date_gmt":"2026-05-09T17:13:04","guid":{"rendered":"https:\/\/filatelia.cuentista.es\/product\/sobre-de-primer-dia-fdc-10o-koasalauf-72km-st-johann-in-tirol-1982-con-sellos-de-esqui-alpino"},"modified":"2026-05-09T17:18:14","modified_gmt":"2026-05-09T17:18:14","slug":"sobre-de-primer-dia-fdc-10o-koasalauf-72km-st-johann-in-tirol-1982-con-sellos-de-esqui-alpino","status":"publish","type":"product","link":"https:\/\/filatelia.cuentista.es\/en\/product\/sobre-de-primer-dia-fdc-10o-koasalauf-72km-st-johann-in-tirol-1982-con-sellos-de-esqui-alpino","title":{"rendered":"Sobre de Primer D\u00eda (FDC) &#8211; 10\u00ba Koasalauf 72km, St. Johann in Tirol (1982) con Sellos de Esqu\u00ed Alpino"},"content":{"rendered":"<p>Este art\u00edculo de colecci\u00f3n es un sobre conmemorativo de la 10\u00aa edici\u00f3n de la carrera Koasalauf de 72 km, celebrada en St. Johann in Tirol, Austria, el 14 de febrero de 1982.<\/p>\n<p>El sobre cuenta con:<\/p>\n<p>Sellos Oficiales: Dos sellos de 5.40 chelines de la Rep\u00fablica de Austria (Republik \u00d6sterreich) conmemorativos del Campeonato Mundial de Esqu\u00ed Alpino de 1982 en Schladming\/Haus.<\/p>\n<p>Matasellos Especial: Un matasellos conmemorativo \u00abKoasalauf\u00bb que incluye la fecha del evento (14.2.1982) y una ilustraci\u00f3n de un esquiador de fondo.<\/p>\n<p>Estado: Excelente estado de conservaci\u00f3n, conservando la nitidez de la impresi\u00f3n y los colores originales de los sellos.<\/p>\n<p>Inter\u00e9s Coleccionista: Ideal para filat\u00e9licos interesados en tem\u00e1tica deportiva (esqu\u00ed), historia de Austria o eventos de esqu\u00ed de fondo de larga distancia.<\/p>","protected":false},"excerpt":{"rendered":"<p>Sobre conmemorativo austriaco de 1982. Incluye sellos del Campeonato Mundial de Esqu\u00ed Alpino y matasellos especial de la 10.\u00aa carrera Koasalauf en St. Johann in Tirol. Una pieza hist\u00f3rica para coleccionistas de deportes y filatelia europea.<\/p>","protected":false},"featured_media":8086,"comment_status":"open","ping_status":"closed","template":"","meta":{"_acf_changed":false},"product_brand":[],"product_cat":[1671,1681],"product_tag":[147,1661,1687,1682,1683,190,68,1684,1688,1686,1662,1685],"class_list":{"0":"post-8087","1":"product","2":"type-product","3":"status-publish","4":"has-post-thumbnail","6":"product_cat-austria","7":"product_cat-sobre-filatelico","8":"product_tag-147","9":"product_tag-austria","10":"product_tag-coleccionismo-deportivo","11":"product_tag-esqui-alpino","12":"product_tag-esqui-de-fondo","13":"product_tag-fdc","14":"product_tag-filatelia","15":"product_tag-koasalauf","16":"product_tag-republik-osterreich","17":"product_tag-sellos-de-deportes","18":"product_tag-sobre-de-primer-dia","19":"product_tag-st-johann-in-tirol","20":"thunk-woo-product-list","21":"opn-qv-enable","22":"open-woo-hover-zoom","23":"open-single-product-tab-horizontal","24":"open-shadow-","25":"open-shadow-hover-","27":"first","28":"instock","29":"sale","30":"shipping-taxable","31":"purchasable","32":"product-type-simple"},"acf":[],"jetpack_sharing_enabled":true,"_links":{"self":[{"href":"https:\/\/filatelia.cuentista.es\/en\/wp-json\/wp\/v2\/product\/8087","targetHints":{"allow":["GET"]}}],"collection":[{"href":"https:\/\/filatelia.cuentista.es\/en\/wp-json\/wp\/v2\/product"}],"about":[{"href":"https:\/\/filatelia.cuentista.es\/en\/wp-json\/wp\/v2\/types\/product"}],"replies":[{"embeddable":true,"href":"https:\/\/filatelia.cuentista.es\/en\/wp-json\/wp\/v2\/comments?post=8087"}],"wp:featuredmedia":[{"embeddable":true,"href":"https:\/\/filatelia.cuentista.es\/en\/wp-json\/wp\/v2\/media\/8086"}],"wp:attachment":[{"href":"https:\/\/filatelia.cuentista.es\/en\/wp-json\/wp\/v2\/media?parent=8087"}],"wp:term":[{"taxonomy":"product_brand","embeddable":true,"href":"https:\/\/filatelia.cuentista.es\/en\/wp-json\/wp\/v2\/product_brand?post=8087"},{"taxonomy":"product_cat","embeddable":true,"href":"https:\/\/filatelia.cuentista.es\/en\/wp-json\/wp\/v2\/product_cat?post=8087"},{"taxonomy":"product_tag","embeddable":true,"href":"https:\/\/filatelia.cuentista.es\/en\/wp-json\/wp\/v2\/product_tag?post=8087"}],"curies":[{"name":"wp","href":"https:\/\/api.w.org\/{rel}","templated":true}]}}