{"id":8075,"date":"2026-05-09T15:36:15","date_gmt":"2026-05-09T15:36:15","guid":{"rendered":"https:\/\/filatelia.cuentista.es\/product\/sobre-de-primer-dia-fdc-coleccion-grunes-gewolbe-dresden-1971-nautiluspokal"},"modified":"2026-05-09T15:36:19","modified_gmt":"2026-05-09T15:36:19","slug":"sobre-de-primer-dia-fdc-coleccion-grunes-gewolbe-dresden-1971-nautiluspokal","status":"publish","type":"product","link":"https:\/\/filatelia.cuentista.es\/en\/product\/sobre-de-primer-dia-fdc-coleccion-grunes-gewolbe-dresden-1971-nautiluspokal","title":{"rendered":"Sobre de Primer D\u00eda (FDC) &#8211; Colecci\u00f3n Gr\u00fcnes Gew\u00f6lbe Dresden (1971) &#8211; Nautiluspokal"},"content":{"rendered":"<p>Este art\u00edculo de colecci\u00f3n filat\u00e9lica es un Sobre de Primer D\u00eda (First Day Cover) emitido en Berl\u00edn en 1971. Es una pieza ideal para coleccionistas de tem\u00e1tica art\u00edstica, historia alemana o numism\u00e1tica.<\/p>\n<p>Caracter\u00edsticas principales:<\/p>\n<p>Origen: Rep\u00fablica Democr\u00e1tica Alemana (DDR).<\/p>\n<p>Fecha de emisi\u00f3n: 22 de junio de 1971 (Matasellos de Berl\u00edn).<\/p>\n<p>Ilustraci\u00f3n principal: Reproducci\u00f3n del Nautiluspokal mit Korallenzweig (Copa de Nautilus con rama de coral) de 1724, una de las piezas maestras de la orfebrer\u00eda barroca.<\/p>\n<p>Sellos incluidos:<\/p>\n<p>10 (verde): Colgante de joyas barrocas (Joyas de la corona de Sajonia).<\/p>\n<p>20 (rojo): Figura ecuestre de San Jorge, pieza emblem\u00e1tica del museo.<\/p>\n<p>Lugar: Gr\u00fcnes Gew\u00f6lbe Dresden (B\u00f3veda Verde de Dresde), uno de los museos de tesoros m\u00e1s antiguos del mundo.<\/p>\n<p>Estado: Excelente estado de conservaci\u00f3n, sin circular (unaddressed) y con matasellos limpio de primer d\u00eda.<\/p>","protected":false},"excerpt":{"rendered":"<p>Elegante sobre conmemorativo de primer d\u00eda de emisi\u00f3n (FDC) de la Rep\u00fablica Democr\u00e1tica Alemana (DDR) del a\u00f1o 1971. Dedicado a los tesoros del \u00abGr\u00fcnes Gew\u00f6lbe\u00bb (B\u00f3veda Verde) de Dresde, presenta una ilustraci\u00f3n del famoso Nautiluspokal (Copa de Nautilus) de 1724 y sellos de la serie art\u00edstica conmemorativa.<\/p>","protected":false},"featured_media":8074,"comment_status":"open","ping_status":"closed","template":"","meta":{"_acf_changed":false},"product_brand":[],"product_cat":[1640,19],"product_tag":[686,1652,1637,1660,1651,1655,190,68,1653,1659,1658],"class_list":{"0":"post-8075","1":"product","2":"type-product","3":"status-publish","4":"has-post-thumbnail","6":"product_cat-alemania-democratica-ddr","7":"product_cat-spd-sobres-primer-dia","8":"product_tag-686","9":"product_tag-arte-barroco","10":"product_tag-berlin","11":"product_tag-coleccionismo-aleman","12":"product_tag-ddr","13":"product_tag-dresde","14":"product_tag-fdc","15":"product_tag-filatelia","16":"product_tag-grunes-gewolbe","17":"product_tag-joyas-historicas","18":"product_tag-rda","19":"thunk-woo-product-list","20":"opn-qv-enable","21":"open-woo-hover-zoom","22":"open-single-product-tab-horizontal","23":"open-shadow-","24":"open-shadow-hover-","26":"first","27":"instock","28":"sale","29":"shipping-taxable","30":"purchasable","31":"product-type-simple"},"acf":[],"jetpack_sharing_enabled":true,"_links":{"self":[{"href":"https:\/\/filatelia.cuentista.es\/en\/wp-json\/wp\/v2\/product\/8075","targetHints":{"allow":["GET"]}}],"collection":[{"href":"https:\/\/filatelia.cuentista.es\/en\/wp-json\/wp\/v2\/product"}],"about":[{"href":"https:\/\/filatelia.cuentista.es\/en\/wp-json\/wp\/v2\/types\/product"}],"replies":[{"embeddable":true,"href":"https:\/\/filatelia.cuentista.es\/en\/wp-json\/wp\/v2\/comments?post=8075"}],"wp:featuredmedia":[{"embeddable":true,"href":"https:\/\/filatelia.cuentista.es\/en\/wp-json\/wp\/v2\/media\/8074"}],"wp:attachment":[{"href":"https:\/\/filatelia.cuentista.es\/en\/wp-json\/wp\/v2\/media?parent=8075"}],"wp:term":[{"taxonomy":"product_brand","embeddable":true,"href":"https:\/\/filatelia.cuentista.es\/en\/wp-json\/wp\/v2\/product_brand?post=8075"},{"taxonomy":"product_cat","embeddable":true,"href":"https:\/\/filatelia.cuentista.es\/en\/wp-json\/wp\/v2\/product_cat?post=8075"},{"taxonomy":"product_tag","embeddable":true,"href":"https:\/\/filatelia.cuentista.es\/en\/wp-json\/wp\/v2\/product_tag?post=8075"}],"curies":[{"name":"wp","href":"https:\/\/api.w.org\/{rel}","templated":true}]}}