{"id":8070,"date":"2026-05-09T15:27:41","date_gmt":"2026-05-09T15:27:41","guid":{"rendered":"https:\/\/filatelia.cuentista.es\/product\/sobre-primer-dia-fdc-alemania-ddr-1971-tesoros-de-la-boveda-verde-grunes-gewolbe"},"modified":"2026-05-09T15:27:44","modified_gmt":"2026-05-09T15:27:44","slug":"sobre-primer-dia-fdc-alemania-ddr-1971-tesoros-de-la-boveda-verde-grunes-gewolbe","status":"publish","type":"product","link":"https:\/\/filatelia.cuentista.es\/en\/product\/sobre-primer-dia-fdc-alemania-ddr-1971-tesoros-de-la-boveda-verde-grunes-gewolbe","title":{"rendered":"Sobre Primer D\u00eda (FDC) Alemania DDR 1971 &#8211; Tesoros de la B\u00f3veda Verde (Gr\u00fcnes Gew\u00f6lbe)"},"content":{"rendered":"<p>Este art\u00edculo para coleccionistas es un FDC (First Day Cover) que celebra la orfebrer\u00eda barroca alemana.<\/p>\n<p>Tem\u00e1tica: Tesoros hist\u00f3ricos del Museo Gr\u00fcnes Gew\u00f6lbe (B\u00f3veda Verde) en Dresde.<\/p>\n<p>Ilustraci\u00f3n Principal: Reproducci\u00f3n gr\u00e1fica del famoso \u00abC\u00e1liz de Nautilus con rama de coral\u00bb de 1724.<\/p>\n<p>Sellos Incluidos:<\/p>\n<p>Sello de 15 pfennig (Azul): Muestra una jarra de cristal de roca de N\u00faremberg (aprox. 1530).<\/p>\n<p>Sello de 25 pfennig (Verde): Muestra un joyero de escritorio con figura aleg\u00f3rica (aprox. 1562).<\/p>\n<p>Matasellos: Oficial de Berl\u00edn 1085, con fecha 22.06.71, garantizando su autenticidad como sobre de primer d\u00eda.<\/p>\n<p>Estado: Excelente estado de conservaci\u00f3n, ideal para filatelistas especializados en arte, historia alemana o la DDR.<\/p>","protected":false},"excerpt":{"rendered":"<p>Exclusivo sobre conmemorativo de Primer D\u00eda de Emisi\u00f3n (22 de junio de 1971) de la Rep\u00fablica Democr\u00e1tica Alemana (DDR). Presenta el emblem\u00e1tico dise\u00f1o del Nautiluspokal mit Korallenzweig (1724) y sellos de la serie dedicada a los tesoros art\u00edsticos del Museo Gr\u00fcnes Gew\u00f6lbe de Dresde.<\/p>","protected":false},"featured_media":8069,"comment_status":"open","ping_status":"closed","template":"","meta":{"_acf_changed":false},"product_brand":[],"product_cat":[1640,19],"product_tag":[686,142,1652,1651,1654,1653],"class_list":{"0":"post-8070","1":"product","2":"type-product","3":"status-publish","4":"has-post-thumbnail","6":"product_cat-alemania-democratica-ddr","7":"product_cat-spd-sobres-primer-dia","8":"product_tag-686","9":"product_tag-alemania","10":"product_tag-arte-barroco","11":"product_tag-ddr","12":"product_tag-dresden","13":"product_tag-grunes-gewolbe","14":"thunk-woo-product-list","15":"opn-qv-enable","16":"open-woo-hover-zoom","17":"open-single-product-tab-horizontal","18":"open-shadow-","19":"open-shadow-hover-","21":"first","22":"instock","23":"sale","24":"shipping-taxable","25":"purchasable","26":"product-type-simple"},"acf":[],"jetpack_sharing_enabled":true,"_links":{"self":[{"href":"https:\/\/filatelia.cuentista.es\/en\/wp-json\/wp\/v2\/product\/8070","targetHints":{"allow":["GET"]}}],"collection":[{"href":"https:\/\/filatelia.cuentista.es\/en\/wp-json\/wp\/v2\/product"}],"about":[{"href":"https:\/\/filatelia.cuentista.es\/en\/wp-json\/wp\/v2\/types\/product"}],"replies":[{"embeddable":true,"href":"https:\/\/filatelia.cuentista.es\/en\/wp-json\/wp\/v2\/comments?post=8070"}],"wp:featuredmedia":[{"embeddable":true,"href":"https:\/\/filatelia.cuentista.es\/en\/wp-json\/wp\/v2\/media\/8069"}],"wp:attachment":[{"href":"https:\/\/filatelia.cuentista.es\/en\/wp-json\/wp\/v2\/media?parent=8070"}],"wp:term":[{"taxonomy":"product_brand","embeddable":true,"href":"https:\/\/filatelia.cuentista.es\/en\/wp-json\/wp\/v2\/product_brand?post=8070"},{"taxonomy":"product_cat","embeddable":true,"href":"https:\/\/filatelia.cuentista.es\/en\/wp-json\/wp\/v2\/product_cat?post=8070"},{"taxonomy":"product_tag","embeddable":true,"href":"https:\/\/filatelia.cuentista.es\/en\/wp-json\/wp\/v2\/product_tag?post=8070"}],"curies":[{"name":"wp","href":"https:\/\/api.w.org\/{rel}","templated":true}]}}