{"id":8039,"date":"2026-04-12T17:40:52","date_gmt":"2026-04-12T17:40:52","guid":{"rendered":"https:\/\/filatelia.cuentista.es\/product\/fdc-sobre-primer-dia-alemania-1981-achiv-v-arnim"},"modified":"2026-04-12T17:40:55","modified_gmt":"2026-04-12T17:40:55","slug":"fdc-sobre-primer-dia-alemania-1981-achiv-v-arnim","status":"publish","type":"product","link":"https:\/\/filatelia.cuentista.es\/en\/product\/fdc-sobre-primer-dia-alemania-1981-achiv-v-arnim","title":{"rendered":"FDC Sobre Primer D\u00eda- Alemania 1981 &#8211; Achiv v. Arnim"},"content":{"rendered":"<p>FDC Sobre Primer D\u00eda- Alemania 1981 &#8211; Achiv v. Arnim<\/p>\n<p>Fecha de emisi\u00f3n: 15.1.1981<\/p>\n<p><b id=\"mwBQ\">Ludwig Joachim von Arnim<\/b><span>, m\u00e1s conocido por el nombre de<\/span><span><span class=\"Apple-converted-space\">&nbsp;<\/span><\/span><b id=\"mwBg\">Achim von Arnim<\/b><span><span class=\"Apple-converted-space\">&nbsp;<\/span><\/span><span>(<\/span><a rel=\"mw:WikiLink\" href=\"https:\/\/es.wikipedia.org\/wiki\/Berl%C3%ADn\" title=\"Berl\u00edn\" id=\"mwBw\">Berl\u00edn<\/a><span>, 26 de enero de 1781 &#8211; Wiepersdorf, cerca de<\/span><span><span class=\"Apple-converted-space\">&nbsp;<\/span><\/span><a rel=\"mw:WikiLink\" href=\"https:\/\/es.wikipedia.org\/wiki\/J%C3%BCterbog\" title=\"J\u00fcterbog\" id=\"mwCA\">J\u00fcterbog<\/a><span>, 21 de enero de 1831), fue un<\/span><span><span class=\"Apple-converted-space\">&nbsp;<\/span><\/span><a rel=\"mw:WikiLink\" href=\"https:\/\/es.wikipedia.org\/wiki\/Novela\" title=\"Novela\" id=\"mwCQ\">novelista<\/a><span><span class=\"Apple-converted-space\">&nbsp;<\/span><\/span><span>y<\/span><span><span class=\"Apple-converted-space\">&nbsp;<\/span><\/span><a rel=\"mw:WikiLink\" href=\"https:\/\/es.wikipedia.org\/wiki\/Poeta\" title=\"Poeta\" id=\"mwCg\">poeta<\/a><span><span class=\"Apple-converted-space\">&nbsp;<\/span><\/span><a rel=\"mw:WikiLink\" href=\"https:\/\/es.wikipedia.org\/wiki\/Romanticismo\" title=\"Romanticismo\" id=\"mwCw\">rom\u00e1ntico<\/a><span><span class=\"Apple-converted-space\">&nbsp;<\/span><\/span><a rel=\"mw:WikiLink\" href=\"https:\/\/es.wikipedia.org\/wiki\/Alemania\" title=\"Alemania\" id=\"mwDA\">alem\u00e1n<\/a><span>.<\/span><\/p>","protected":false},"excerpt":{"rendered":"<p>FDC Sobre Primer D\u00eda- Alemania 1981 &#8211; Achiv v. Arnim Fecha de emisi\u00f3n: 15.1.1981 Ludwig Joachim von Arnim, m\u00e1s conocido por el nombre de&nbsp;Achim von Arnim&nbsp;(Berl\u00edn, 26 de enero de 1781 &#8211; Wiepersdorf, cerca de&nbsp;J\u00fcterbog, 21 de enero de 1831), fue un&nbsp;novelista&nbsp;y&nbsp;poeta&nbsp;rom\u00e1ntico&nbsp;alem\u00e1n.<\/p>","protected":false},"featured_media":8038,"comment_status":"open","ping_status":"closed","template":"","meta":{"_acf_changed":false},"product_brand":[],"product_cat":[1251,19],"product_tag":[350,1149,243],"class_list":{"0":"post-8039","1":"product","2":"type-product","3":"status-publish","4":"has-post-thumbnail","6":"product_cat-alemania-federal-bundesrepublik","7":"product_cat-spd-sobres-primer-dia","8":"product_tag-escritor","9":"product_tag-novelista","10":"product_tag-poeta","11":"thunk-woo-product-list","12":"opn-qv-enable","13":"open-woo-hover-zoom","14":"open-single-product-tab-horizontal","15":"open-shadow-","16":"open-shadow-hover-","18":"first","19":"instock","20":"sale","21":"shipping-taxable","22":"purchasable","23":"product-type-simple"},"acf":[],"jetpack_sharing_enabled":true,"_links":{"self":[{"href":"https:\/\/filatelia.cuentista.es\/en\/wp-json\/wp\/v2\/product\/8039","targetHints":{"allow":["GET"]}}],"collection":[{"href":"https:\/\/filatelia.cuentista.es\/en\/wp-json\/wp\/v2\/product"}],"about":[{"href":"https:\/\/filatelia.cuentista.es\/en\/wp-json\/wp\/v2\/types\/product"}],"replies":[{"embeddable":true,"href":"https:\/\/filatelia.cuentista.es\/en\/wp-json\/wp\/v2\/comments?post=8039"}],"wp:featuredmedia":[{"embeddable":true,"href":"https:\/\/filatelia.cuentista.es\/en\/wp-json\/wp\/v2\/media\/8038"}],"wp:attachment":[{"href":"https:\/\/filatelia.cuentista.es\/en\/wp-json\/wp\/v2\/media?parent=8039"}],"wp:term":[{"taxonomy":"product_brand","embeddable":true,"href":"https:\/\/filatelia.cuentista.es\/en\/wp-json\/wp\/v2\/product_brand?post=8039"},{"taxonomy":"product_cat","embeddable":true,"href":"https:\/\/filatelia.cuentista.es\/en\/wp-json\/wp\/v2\/product_cat?post=8039"},{"taxonomy":"product_tag","embeddable":true,"href":"https:\/\/filatelia.cuentista.es\/en\/wp-json\/wp\/v2\/product_tag?post=8039"}],"curies":[{"name":"wp","href":"https:\/\/api.w.org\/{rel}","templated":true}]}}