{"id":8037,"date":"2026-04-12T17:37:47","date_gmt":"2026-04-12T17:37:47","guid":{"rendered":"https:\/\/filatelia.cuentista.es\/product\/fdc-sobre-primer-dia-alemania-1970-feria-de-cine-de-berlin"},"modified":"2026-04-12T17:37:49","modified_gmt":"2026-04-12T17:37:49","slug":"fdc-sobre-primer-dia-alemania-1970-feria-de-cine-de-berlin","status":"publish","type":"product","link":"https:\/\/filatelia.cuentista.es\/en\/product\/fdc-sobre-primer-dia-alemania-1970-feria-de-cine-de-berlin","title":{"rendered":"FDC Sobre Primer D\u00eda &#8211; Alemania 1970 &#8211; feria de Cine de Berl\u00edn"},"content":{"rendered":"<p>FDC Sobre Primer D\u00eda &#8211; Alemania 1970 &#8211; feria de Cine de Berl\u00edn<\/p>\n<p>Fecha de emisi\u00f3n; 18.6.1970<\/p>\n<p>XX. INTERNATIONALE FILMFESTSPIELE BERLIN 1970<\/p>\n<p>Weltfilmfestspielstadt ist ne-hen Cannes und Venedig<\/p>\n<p>BERLIN. Im Rahmen der seit 1951 stattfindenden _Ber-liner Festspiele\u00bb finden 1970<\/p>\n<p>Cannes und Venedig<\/p>","protected":false},"excerpt":{"rendered":"<p>FDC Sobre Primer D\u00eda &#8211; Alemania 1970 &#8211; feria de Cine de Berl\u00edn Fecha de emisi\u00f3n; 18.6.1970 XX. INTERNATIONALE FILMFESTSPIELE BERLIN 1970 Weltfilmfestspielstadt ist ne-hen Cannes und Venedig BERLIN. Im Rahmen der seit 1951 stattfindenden _Ber-liner Festspiele\u00bb finden 1970 Cannes und Venedig<\/p>","protected":false},"featured_media":8036,"comment_status":"open","ping_status":"closed","template":"","meta":{"_acf_changed":false},"product_brand":[],"product_cat":[1251,19],"product_tag":[43,552],"class_list":{"0":"post-8037","1":"product","2":"type-product","3":"status-publish","4":"has-post-thumbnail","6":"product_cat-alemania-federal-bundesrepublik","7":"product_cat-spd-sobres-primer-dia","8":"product_tag-arte","9":"product_tag-cine","10":"thunk-woo-product-list","11":"opn-qv-enable","12":"open-woo-hover-zoom","13":"open-single-product-tab-horizontal","14":"open-shadow-","15":"open-shadow-hover-","17":"first","18":"instock","19":"sale","20":"shipping-taxable","21":"purchasable","22":"product-type-simple"},"acf":[],"jetpack_sharing_enabled":true,"_links":{"self":[{"href":"https:\/\/filatelia.cuentista.es\/en\/wp-json\/wp\/v2\/product\/8037","targetHints":{"allow":["GET"]}}],"collection":[{"href":"https:\/\/filatelia.cuentista.es\/en\/wp-json\/wp\/v2\/product"}],"about":[{"href":"https:\/\/filatelia.cuentista.es\/en\/wp-json\/wp\/v2\/types\/product"}],"replies":[{"embeddable":true,"href":"https:\/\/filatelia.cuentista.es\/en\/wp-json\/wp\/v2\/comments?post=8037"}],"wp:featuredmedia":[{"embeddable":true,"href":"https:\/\/filatelia.cuentista.es\/en\/wp-json\/wp\/v2\/media\/8036"}],"wp:attachment":[{"href":"https:\/\/filatelia.cuentista.es\/en\/wp-json\/wp\/v2\/media?parent=8037"}],"wp:term":[{"taxonomy":"product_brand","embeddable":true,"href":"https:\/\/filatelia.cuentista.es\/en\/wp-json\/wp\/v2\/product_brand?post=8037"},{"taxonomy":"product_cat","embeddable":true,"href":"https:\/\/filatelia.cuentista.es\/en\/wp-json\/wp\/v2\/product_cat?post=8037"},{"taxonomy":"product_tag","embeddable":true,"href":"https:\/\/filatelia.cuentista.es\/en\/wp-json\/wp\/v2\/product_tag?post=8037"}],"curies":[{"name":"wp","href":"https:\/\/api.w.org\/{rel}","templated":true}]}}