{"id":8029,"date":"2026-04-12T17:16:57","date_gmt":"2026-04-12T17:16:57","guid":{"rendered":"https:\/\/filatelia.cuentista.es\/product\/fdc-sobre-primer-dia-alemania-1983-bombas-de-agua-historica"},"modified":"2026-04-12T17:17:00","modified_gmt":"2026-04-12T17:17:00","slug":"fdc-sobre-primer-dia-alemania-1983-bombas-de-agua-historica","status":"publish","type":"product","link":"https:\/\/filatelia.cuentista.es\/en\/product\/fdc-sobre-primer-dia-alemania-1983-bombas-de-agua-historica","title":{"rendered":"FDC Sobre Primer Dia &#8211; Alemania 1983 &#8211; bombas de agua hist\u00f3rica"},"content":{"rendered":"<p>FDC Sobre Primer Dia &#8211; Alemania 1983 &#8211; bombas de agua hist\u00f3rica de Berl\u00edn<\/p>\n<p>Fecha de emisi\u00f3n: 13.01.1983<\/p>","protected":false},"excerpt":{"rendered":"<p>FDC Sobre Primer Dia &#8211; Alemania 1983 &#8211; bombas de agua hist\u00f3rica de Berl\u00edn Fecha de emisi\u00f3n: 13.01.1983<\/p>","protected":false},"featured_media":8028,"comment_status":"open","ping_status":"closed","template":"","meta":{"_acf_changed":false},"product_brand":[],"product_cat":[1251,19],"product_tag":[1637,45],"class_list":{"0":"post-8029","1":"product","2":"type-product","3":"status-publish","4":"has-post-thumbnail","6":"product_cat-alemania-federal-bundesrepublik","7":"product_cat-spd-sobres-primer-dia","8":"product_tag-berlin","9":"product_tag-historia","10":"thunk-woo-product-list","11":"opn-qv-enable","12":"open-woo-hover-zoom","13":"open-single-product-tab-horizontal","14":"open-shadow-","15":"open-shadow-hover-","17":"first","18":"instock","19":"sale","20":"shipping-taxable","21":"purchasable","22":"product-type-simple"},"acf":[],"jetpack_sharing_enabled":true,"_links":{"self":[{"href":"https:\/\/filatelia.cuentista.es\/en\/wp-json\/wp\/v2\/product\/8029","targetHints":{"allow":["GET"]}}],"collection":[{"href":"https:\/\/filatelia.cuentista.es\/en\/wp-json\/wp\/v2\/product"}],"about":[{"href":"https:\/\/filatelia.cuentista.es\/en\/wp-json\/wp\/v2\/types\/product"}],"replies":[{"embeddable":true,"href":"https:\/\/filatelia.cuentista.es\/en\/wp-json\/wp\/v2\/comments?post=8029"}],"wp:featuredmedia":[{"embeddable":true,"href":"https:\/\/filatelia.cuentista.es\/en\/wp-json\/wp\/v2\/media\/8028"}],"wp:attachment":[{"href":"https:\/\/filatelia.cuentista.es\/en\/wp-json\/wp\/v2\/media?parent=8029"}],"wp:term":[{"taxonomy":"product_brand","embeddable":true,"href":"https:\/\/filatelia.cuentista.es\/en\/wp-json\/wp\/v2\/product_brand?post=8029"},{"taxonomy":"product_cat","embeddable":true,"href":"https:\/\/filatelia.cuentista.es\/en\/wp-json\/wp\/v2\/product_cat?post=8029"},{"taxonomy":"product_tag","embeddable":true,"href":"https:\/\/filatelia.cuentista.es\/en\/wp-json\/wp\/v2\/product_tag?post=8029"}],"curies":[{"name":"wp","href":"https:\/\/api.w.org\/{rel}","templated":true}]}}