{"id":8019,"date":"2026-04-12T16:52:36","date_gmt":"2026-04-12T16:52:36","guid":{"rendered":"https:\/\/filatelia.cuentista.es\/product\/fdc-sobre-primer-dia-alemania-1964-heinrich-lubke"},"modified":"2026-04-12T16:52:41","modified_gmt":"2026-04-12T16:52:41","slug":"fdc-sobre-primer-dia-alemania-1964-heinrich-lubke","status":"publish","type":"product","link":"https:\/\/filatelia.cuentista.es\/en\/product\/fdc-sobre-primer-dia-alemania-1964-heinrich-lubke","title":{"rendered":"FDC Sobre Primer Dia &#8211; Alemania 1964 &#8211; Heinrich Lubke"},"content":{"rendered":"<p>FDC Sobre Primer Dia &#8211; Alemania 1964 &#8211; Heinrich Lubke<\/p>\n<p>D\u00eda de emisi\u00f3n: 1.7.1964<\/p>\n<p>Matasellado en Berl\u00edn<\/p>\n<p>Dos valores ; Rojo de 20 Marcos y Azul de 40 Marcos<\/p>\n<p>Serial : 11271<\/p>\n<p><b id=\"mwBQ\">Heinrich L\u00fcbke&nbsp;(Enkhausen,&nbsp;Westfalia,&nbsp;Renania del Norte-Westfalia, 14 de octubre de 1894 &#8211;&nbsp;Bonn, 6 de abril de 1972) fue un pol\u00edtico alem\u00e1n miembro de la&nbsp;Uni\u00f3n Dem\u00f3crata Cristiana de Alemania<\/b><\/p>","protected":false},"excerpt":{"rendered":"<p>FDC Sobre Primer Dia &#8211; Alemania 1964 &#8211; Heinrich Lubke D\u00eda de emisi\u00f3n: 1.7.1964 Matasellado en Berl\u00edn Dos valores ; Rojo de 20 Marcos y Azul de 40 Marcos Serial : 11271 Heinrich L\u00fcbke&nbsp;(Enkhausen,&nbsp;Westfalia,&nbsp;Renania del Norte-Westfalia, 14 de octubre de 1894 &#8211;&nbsp;Bonn, 6 de abril de 1972) fue un pol\u00edtico alem\u00e1n miembro de la&nbsp;Uni\u00f3n Dem\u00f3crata &hellip;<\/p>\n<p class=\"read-more\"> <a class=\"thunk-readmore button\" href=\"https:\/\/filatelia.cuentista.es\/en\/product\/fdc-sobre-primer-dia-alemania-1964-heinrich-lubke\"> <span class=\"screen-reader-text\">FDC Sobre Primer Dia &#8211; Alemania 1964 &#8211; Heinrich Lubke<\/span>Read More<\/a><\/p>","protected":false},"featured_media":8018,"comment_status":"open","ping_status":"closed","template":"","meta":{"_acf_changed":false},"product_brand":[],"product_cat":[1251,19],"product_tag":[142,791,985],"class_list":{"0":"post-8019","1":"product","2":"type-product","3":"status-publish","4":"has-post-thumbnail","6":"product_cat-alemania-federal-bundesrepublik","7":"product_cat-spd-sobres-primer-dia","8":"product_tag-alemania","9":"product_tag-politico","10":"product_tag-presidente","11":"thunk-woo-product-list","12":"opn-qv-enable","13":"open-woo-hover-zoom","14":"open-single-product-tab-horizontal","15":"open-shadow-","16":"open-shadow-hover-","18":"first","19":"instock","20":"sale","21":"shipping-taxable","22":"purchasable","23":"product-type-simple"},"acf":[],"jetpack_sharing_enabled":true,"_links":{"self":[{"href":"https:\/\/filatelia.cuentista.es\/en\/wp-json\/wp\/v2\/product\/8019","targetHints":{"allow":["GET"]}}],"collection":[{"href":"https:\/\/filatelia.cuentista.es\/en\/wp-json\/wp\/v2\/product"}],"about":[{"href":"https:\/\/filatelia.cuentista.es\/en\/wp-json\/wp\/v2\/types\/product"}],"replies":[{"embeddable":true,"href":"https:\/\/filatelia.cuentista.es\/en\/wp-json\/wp\/v2\/comments?post=8019"}],"wp:featuredmedia":[{"embeddable":true,"href":"https:\/\/filatelia.cuentista.es\/en\/wp-json\/wp\/v2\/media\/8018"}],"wp:attachment":[{"href":"https:\/\/filatelia.cuentista.es\/en\/wp-json\/wp\/v2\/media?parent=8019"}],"wp:term":[{"taxonomy":"product_brand","embeddable":true,"href":"https:\/\/filatelia.cuentista.es\/en\/wp-json\/wp\/v2\/product_brand?post=8019"},{"taxonomy":"product_cat","embeddable":true,"href":"https:\/\/filatelia.cuentista.es\/en\/wp-json\/wp\/v2\/product_cat?post=8019"},{"taxonomy":"product_tag","embeddable":true,"href":"https:\/\/filatelia.cuentista.es\/en\/wp-json\/wp\/v2\/product_tag?post=8019"}],"curies":[{"name":"wp","href":"https:\/\/api.w.org\/{rel}","templated":true}]}}