{"id":8015,"date":"2026-04-12T16:44:18","date_gmt":"2026-04-12T16:44:18","guid":{"rendered":"https:\/\/filatelia.cuentista.es\/product\/fdc-sobre-primer-dia-alemania-1972-max-lieberman"},"modified":"2026-04-12T16:44:21","modified_gmt":"2026-04-12T16:44:21","slug":"fdc-sobre-primer-dia-alemania-1972-max-lieberman","status":"publish","type":"product","link":"https:\/\/filatelia.cuentista.es\/en\/product\/fdc-sobre-primer-dia-alemania-1972-max-lieberman","title":{"rendered":"FDC Sobre Primer Dia &#8211; Alemania 1972 &#8211; Max Lieberman"},"content":{"rendered":"<p>FDC Sobre Primer Dia &#8211; Alemania 1972 &#8211; Max Lieberman<\/p>\n<p><b id=\"mwCA\" style=\"font-weight: bold;font-family: -apple-system, BlinkMacSystemFont,\"><\/b><\/p>\n<p><b id=\"mwCA\" style=\"font-weight: bold;font-family: -apple-system, BlinkMacSystemFont,\">Fecha de <\/b><strong>emisi\u00f3n<\/strong><b id=\"mwCA\" style=\"font-weight: bold;font-family: -apple-system, BlinkMacSystemFont,\">: 18.7.1972<\/b><\/p>\n<p><b id=\"mwCA\" style=\"font-weight: bold;font-family: -apple-system, BlinkMacSystemFont,\"><\/b><\/p>\n<p><b id=\"mwCA\" style=\"font-weight: bold;font-family: -apple-system, BlinkMacSystemFont,\">Max Liebermann&nbsp;(Berl\u00edn, 20 de julio de 1847-Berl\u00edn, 8 de febrero de 1935) fue un pintor y grabador judeo-alem\u00e1n,destacado representante del&nbsp;impresionismo&nbsp;en&nbsp;Alemania, donde lider\u00f3 la pintura vanguardista durante m\u00e1s de 30 a\u00f1os.<\/b><\/p>","protected":false},"excerpt":{"rendered":"<p>FDC Sobre Primer Dia &#8211; Alemania 1972 &#8211; Max Lieberman Fecha de emisi\u00f3n: 18.7.1972 Max Liebermann&nbsp;(Berl\u00edn, 20 de julio de 1847-Berl\u00edn, 8 de febrero de 1935) fue un pintor y grabador judeo-alem\u00e1n,destacado representante del&nbsp;impresionismo&nbsp;en&nbsp;Alemania, donde lider\u00f3 la pintura vanguardista durante m\u00e1s de 30 a\u00f1os.<\/p>","protected":false},"featured_media":8014,"comment_status":"open","ping_status":"closed","template":"","meta":{"_acf_changed":false},"product_brand":[],"product_cat":[1251,19],"product_tag":[142,917,717],"class_list":{"0":"post-8015","1":"product","2":"type-product","3":"status-publish","4":"has-post-thumbnail","6":"product_cat-alemania-federal-bundesrepublik","7":"product_cat-spd-sobres-primer-dia","8":"product_tag-alemania","9":"product_tag-artista","10":"product_tag-pintor","11":"thunk-woo-product-list","12":"opn-qv-enable","13":"open-woo-hover-zoom","14":"open-single-product-tab-horizontal","15":"open-shadow-","16":"open-shadow-hover-","18":"first","19":"instock","20":"sale","21":"shipping-taxable","22":"purchasable","23":"product-type-simple"},"acf":[],"jetpack_sharing_enabled":true,"_links":{"self":[{"href":"https:\/\/filatelia.cuentista.es\/en\/wp-json\/wp\/v2\/product\/8015","targetHints":{"allow":["GET"]}}],"collection":[{"href":"https:\/\/filatelia.cuentista.es\/en\/wp-json\/wp\/v2\/product"}],"about":[{"href":"https:\/\/filatelia.cuentista.es\/en\/wp-json\/wp\/v2\/types\/product"}],"replies":[{"embeddable":true,"href":"https:\/\/filatelia.cuentista.es\/en\/wp-json\/wp\/v2\/comments?post=8015"}],"wp:featuredmedia":[{"embeddable":true,"href":"https:\/\/filatelia.cuentista.es\/en\/wp-json\/wp\/v2\/media\/8014"}],"wp:attachment":[{"href":"https:\/\/filatelia.cuentista.es\/en\/wp-json\/wp\/v2\/media?parent=8015"}],"wp:term":[{"taxonomy":"product_brand","embeddable":true,"href":"https:\/\/filatelia.cuentista.es\/en\/wp-json\/wp\/v2\/product_brand?post=8015"},{"taxonomy":"product_cat","embeddable":true,"href":"https:\/\/filatelia.cuentista.es\/en\/wp-json\/wp\/v2\/product_cat?post=8015"},{"taxonomy":"product_tag","embeddable":true,"href":"https:\/\/filatelia.cuentista.es\/en\/wp-json\/wp\/v2\/product_tag?post=8015"}],"curies":[{"name":"wp","href":"https:\/\/api.w.org\/{rel}","templated":true}]}}