{"id":8011,"date":"2026-04-12T16:34:48","date_gmt":"2026-04-12T16:34:48","guid":{"rendered":"https:\/\/filatelia.cuentista.es\/product\/fdc-sobre-primer-dia-alemania-500-anos-del-tribunal-regional-superior"},"modified":"2026-04-12T16:34:50","modified_gmt":"2026-04-12T16:34:50","slug":"fdc-sobre-primer-dia-alemania-500-anos-del-tribunal-regional-superior","status":"publish","type":"product","link":"https:\/\/filatelia.cuentista.es\/en\/product\/fdc-sobre-primer-dia-alemania-500-anos-del-tribunal-regional-superior","title":{"rendered":"FDC Sobre Primer Dia &#8211; Alemania &#8211; 500 a\u00f1os del Tribunal Regional Superior"},"content":{"rendered":"<p>FDC Sobre Primer Dia &#8211; Alemania &#8211; 500 a\u00f1os del Tribunal Regional Superior<\/p>\n<p>D\u00eda de emisi\u00f3n : 16.3.1968<\/p>\n<p>Matasellado en Berl\u00edn<\/p>\n<p>ERSTTAGSBRIEF \u2022 F.D.C.<\/p>\n<p>500 Jahre Kammergericht<\/p>\n<p>\u2022 BERLIN \u2022<\/p>\n<p>Sello de 30 Marcos<\/p>","protected":false},"excerpt":{"rendered":"<p>FDC Sobre Primer Dia &#8211; Alemania &#8211; 500 a\u00f1os del Tribunal Regional Superior D\u00eda de emisi\u00f3n : 16.3.1968 Matasellado en Berl\u00edn ERSTTAGSBRIEF \u2022 F.D.C. 500 Jahre Kammergericht \u2022 BERLIN \u2022 Sello de 30 Marcos<\/p>","protected":false},"featured_media":8010,"comment_status":"open","ping_status":"closed","template":"","meta":{"_acf_changed":false},"product_brand":[],"product_cat":[1251,19],"product_tag":[142,88,62],"class_list":{"0":"post-8011","1":"product","2":"type-product","3":"status-publish","4":"has-post-thumbnail","6":"product_cat-alemania-federal-bundesrepublik","7":"product_cat-spd-sobres-primer-dia","8":"product_tag-alemania","9":"product_tag-arquitectura","10":"product_tag-justicia","11":"thunk-woo-product-list","12":"opn-qv-enable","13":"open-woo-hover-zoom","14":"open-single-product-tab-horizontal","15":"open-shadow-","16":"open-shadow-hover-","18":"first","19":"instock","20":"sale","21":"shipping-taxable","22":"purchasable","23":"product-type-simple"},"acf":[],"jetpack_sharing_enabled":true,"_links":{"self":[{"href":"https:\/\/filatelia.cuentista.es\/en\/wp-json\/wp\/v2\/product\/8011","targetHints":{"allow":["GET"]}}],"collection":[{"href":"https:\/\/filatelia.cuentista.es\/en\/wp-json\/wp\/v2\/product"}],"about":[{"href":"https:\/\/filatelia.cuentista.es\/en\/wp-json\/wp\/v2\/types\/product"}],"replies":[{"embeddable":true,"href":"https:\/\/filatelia.cuentista.es\/en\/wp-json\/wp\/v2\/comments?post=8011"}],"wp:featuredmedia":[{"embeddable":true,"href":"https:\/\/filatelia.cuentista.es\/en\/wp-json\/wp\/v2\/media\/8010"}],"wp:attachment":[{"href":"https:\/\/filatelia.cuentista.es\/en\/wp-json\/wp\/v2\/media?parent=8011"}],"wp:term":[{"taxonomy":"product_brand","embeddable":true,"href":"https:\/\/filatelia.cuentista.es\/en\/wp-json\/wp\/v2\/product_brand?post=8011"},{"taxonomy":"product_cat","embeddable":true,"href":"https:\/\/filatelia.cuentista.es\/en\/wp-json\/wp\/v2\/product_cat?post=8011"},{"taxonomy":"product_tag","embeddable":true,"href":"https:\/\/filatelia.cuentista.es\/en\/wp-json\/wp\/v2\/product_tag?post=8011"}],"curies":[{"name":"wp","href":"https:\/\/api.w.org\/{rel}","templated":true}]}}