{"id":8009,"date":"2026-04-12T16:30:52","date_gmt":"2026-04-12T16:30:52","guid":{"rendered":"https:\/\/filatelia.cuentista.es\/product\/fdc-sobre-primer-dia-alemania-1970-cochem"},"modified":"2026-04-12T16:30:56","modified_gmt":"2026-04-12T16:30:56","slug":"fdc-sobre-primer-dia-alemania-1970-cochem","status":"publish","type":"product","link":"https:\/\/filatelia.cuentista.es\/en\/product\/fdc-sobre-primer-dia-alemania-1970-cochem","title":{"rendered":"FDC Sobre Primer Dia &#8211; Alemania &#8211; 1970 &#8211; Cochem"},"content":{"rendered":"<p>Sobre de primer d\u00eda de emisi\u00f3n de Cochem, Alemania 1976<\/p>\n<p>Fecha de emisi\u00f3n: 21.9.1970<\/p>\n<p>Matasellado en Cochem<\/p>\n<p>Valor de 20 Marcos con esquema de edificios de la ciudad de Cochem<\/p>\n<p><b id=\"mwGQ\" style=\"font-weight: bold;font-family: -apple-system, BlinkMacSystemFont,\">Cochem<\/b><span style=\"font-family: -apple-system, BlinkMacSystemFont,\"><span class=\"Apple-converted-space\">&nbsp;<\/span><\/span><span style=\"font-family: -apple-system, BlinkMacSystemFont,\">es una peque\u00f1a ciudad en el estado federado<\/span><span style=\"font-family: -apple-system, BlinkMacSystemFont,\"><span class=\"Apple-converted-space\">&nbsp;<\/span><\/span><a rel=\"mw:WikiLink\" href=\"https:\/\/es.wikipedia.org\/wiki\/Renania-Palatinado\" title=\"Renania-Palatinado\" id=\"mwHA\" style=\"color: var(--color-visited,#6a60b0);border-radius: 2px;text-decoration: none;font-family: -apple-system, BlinkMacSystemFont,\">Renania-Palatinado<\/a><span style=\"font-family: -apple-system, BlinkMacSystemFont,\">, en el oeste de<\/span><span style=\"font-family: -apple-system, BlinkMacSystemFont,\"><span class=\"Apple-converted-space\">&nbsp;<\/span><\/span><a rel=\"mw:WikiLink\" href=\"https:\/\/es.wikipedia.org\/wiki\/Alemania\" title=\"Alemania\" id=\"mwHQ\" style=\"color: var(--color-visited,#6a60b0);border-radius: 2px;text-decoration: none;font-family: -apple-system, BlinkMacSystemFont,\">Alemania<\/a><span style=\"font-family: -apple-system, BlinkMacSystemFont,\">, capital del<\/span><span style=\"font-family: -apple-system, BlinkMacSystemFont,\"><span class=\"Apple-converted-space\">&nbsp;<\/span><\/span><a rel=\"mw:WikiLink\" href=\"https:\/\/es.wikipedia.org\/wiki\/Distritos_de_Alemania\" title=\"Distritos de Alemania\" id=\"mwHg\" style=\"color: var(--color-visited,#6a60b0);border-radius: 2px;text-decoration: none;font-family: -apple-system, BlinkMacSystemFont,\">distrito<\/a><span style=\"font-family: -apple-system, BlinkMacSystemFont,\"><span class=\"Apple-converted-space\">&nbsp;<\/span><\/span><span style=\"font-family: -apple-system, BlinkMacSystemFont,\">rural (Landkreise)<\/span><span style=\"font-family: -apple-system, BlinkMacSystemFont,\"><span class=\"Apple-converted-space\">&nbsp;<\/span><\/span><a rel=\"mw:WikiLink\" href=\"https:\/\/es.wikipedia.org\/wiki\/Cochem-Zell\" title=\"Cochem-Zell\" class=\"mw-redirect\" id=\"mwHw\" style=\"color: var(--color-visited,#6a60b0);border-radius: 2px;text-decoration: none;font-family: -apple-system, BlinkMacSystemFont,\">Cochem-Zell<\/a><span style=\"font-family: -apple-system, BlinkMacSystemFont,\">. Est\u00e1 situada en el valle del<\/span><span style=\"font-family: -apple-system, BlinkMacSystemFont,\"><span class=\"Apple-converted-space\">&nbsp;<\/span><\/span><a rel=\"mw:WikiLink\" href=\"https:\/\/es.wikipedia.org\/wiki\/R%C3%ADo_Mosela\" title=\"R\u00edo Mosela\" id=\"mwIA\" style=\"color: var(--color-visited,#6a60b0);border-radius: 2px;text-decoration: none;font-family: -apple-system, BlinkMacSystemFont,\">r\u00edo Mosela<\/a><span style=\"font-family: -apple-system, BlinkMacSystemFont,\">, en la falda de una colina coronada por un castillo feudal, el Reichsburg que data del a\u00f1o 1051.<\/span><\/p>\n<p>Serie 31151<\/p>","protected":false},"excerpt":{"rendered":"<p>Sobre de primer d\u00eda de emisi\u00f3n de Cochem, Alemania 1976 Fecha de emisi\u00f3n: 21.9.1970 Matasellado en Cochem Valor de 20 Marcos con esquema de edificios de la ciudad de Cochem Cochem&nbsp;es una peque\u00f1a ciudad en el estado federado&nbsp;Renania-Palatinado, en el oeste de&nbsp;Alemania, capital del&nbsp;distrito&nbsp;rural (Landkreise)&nbsp;Cochem-Zell. Est\u00e1 situada en el valle del&nbsp;r\u00edo Mosela, en la falda &hellip;<\/p>\n<p class=\"read-more\"> <a class=\"thunk-readmore button\" href=\"https:\/\/filatelia.cuentista.es\/en\/product\/fdc-sobre-primer-dia-alemania-1970-cochem\"> <span class=\"screen-reader-text\">FDC Sobre Primer Dia &#8211; Alemania &#8211; 1970 &#8211; Cochem<\/span>Read More<\/a><\/p>","protected":false},"featured_media":8008,"comment_status":"open","ping_status":"closed","template":"","meta":{"_acf_changed":false},"product_brand":[],"product_cat":[1251,19],"product_tag":[88,500],"class_list":{"0":"post-8009","1":"product","2":"type-product","3":"status-publish","4":"has-post-thumbnail","6":"product_cat-alemania-federal-bundesrepublik","7":"product_cat-spd-sobres-primer-dia","8":"product_tag-arquitectura","9":"product_tag-ciudad","10":"thunk-woo-product-list","11":"opn-qv-enable","12":"open-woo-hover-zoom","13":"open-single-product-tab-horizontal","14":"open-shadow-","15":"open-shadow-hover-","17":"first","18":"instock","19":"sale","20":"shipping-taxable","21":"purchasable","22":"product-type-simple"},"acf":[],"jetpack_sharing_enabled":true,"_links":{"self":[{"href":"https:\/\/filatelia.cuentista.es\/en\/wp-json\/wp\/v2\/product\/8009","targetHints":{"allow":["GET"]}}],"collection":[{"href":"https:\/\/filatelia.cuentista.es\/en\/wp-json\/wp\/v2\/product"}],"about":[{"href":"https:\/\/filatelia.cuentista.es\/en\/wp-json\/wp\/v2\/types\/product"}],"replies":[{"embeddable":true,"href":"https:\/\/filatelia.cuentista.es\/en\/wp-json\/wp\/v2\/comments?post=8009"}],"wp:featuredmedia":[{"embeddable":true,"href":"https:\/\/filatelia.cuentista.es\/en\/wp-json\/wp\/v2\/media\/8008"}],"wp:attachment":[{"href":"https:\/\/filatelia.cuentista.es\/en\/wp-json\/wp\/v2\/media?parent=8009"}],"wp:term":[{"taxonomy":"product_brand","embeddable":true,"href":"https:\/\/filatelia.cuentista.es\/en\/wp-json\/wp\/v2\/product_brand?post=8009"},{"taxonomy":"product_cat","embeddable":true,"href":"https:\/\/filatelia.cuentista.es\/en\/wp-json\/wp\/v2\/product_cat?post=8009"},{"taxonomy":"product_tag","embeddable":true,"href":"https:\/\/filatelia.cuentista.es\/en\/wp-json\/wp\/v2\/product_tag?post=8009"}],"curies":[{"name":"wp","href":"https:\/\/api.w.org\/{rel}","templated":true}]}}