{"id":8001,"date":"2026-04-12T12:20:07","date_gmt":"2026-04-12T12:20:07","guid":{"rendered":"https:\/\/filatelia.cuentista.es\/product\/fdc-sobre-primer-dia-alemania-jean-monnet-1977"},"modified":"2026-04-12T12:20:11","modified_gmt":"2026-04-12T12:20:11","slug":"fdc-sobre-primer-dia-alemania-jean-monnet-1977","status":"publish","type":"product","link":"https:\/\/filatelia.cuentista.es\/en\/product\/fdc-sobre-primer-dia-alemania-jean-monnet-1977","title":{"rendered":"FDC Sobre Primer Dia &#8211; Alemania &#8211; Jean Monnet &#8211; 1977"},"content":{"rendered":"<p>FDC Sobre Primer Dia &#8211; Alemania &#8211; Jean Monnet &#8211; 1977<\/p>\n<p>Fecha de emisi\u00f3n: 16.2.1977<\/p>\n<p>JEAN MONNET EHRENBURGER VON EUROPA FIRST DAY COVER 16. 2. 1977<\/p>\n<p>Serie 63789<\/p>\n<p>Jean Omer Marie Gabriel Monnet&nbsp;(Cognac, 9 de noviembre de 1888-Yvelines, 16 de marzo de 1979) fue un&nbsp;pol\u00edtico,&nbsp;hombre de negocios&nbsp;y&nbsp;banquero&nbsp;de inversiones&nbsp;franc\u00e9s&nbsp;que, junto con&nbsp;Konrad Adenauer,&nbsp;Robert Schuman&nbsp;y&nbsp;Alcide De Gasperi, es considerado \u00abPadre de Europa\u00bb, en referencia a su papel fundador en los inicios de la actual&nbsp;Uni\u00f3n Europea, por haber sido el primer presidente de la&nbsp;Alta Autoridad&nbsp;de la&nbsp;Comunidad Europea del Carb\u00f3n y del Acero, en el marco del&nbsp;Plan Schuman. Posteriormente, continu\u00f3 jugando un papel importante en la integraci\u00f3n europea durante toda su vida<\/p>","protected":false},"excerpt":{"rendered":"<p>FDC Sobre Primer Dia &#8211; Alemania &#8211; Jean Monnet &#8211; 1977 Fecha de emisi\u00f3n: 16.2.1977 JEAN MONNET EHRENBURGER VON EUROPA FIRST DAY COVER 16. 2. 1977 Serie 63789 Jean Omer Marie Gabriel Monnet&nbsp;(Cognac, 9 de noviembre de 1888-Yvelines, 16 de marzo de 1979) fue un&nbsp;pol\u00edtico,&nbsp;hombre de negocios&nbsp;y&nbsp;banquero&nbsp;de inversiones&nbsp;franc\u00e9s&nbsp;que, junto con&nbsp;Konrad Adenauer,&nbsp;Robert Schuman&nbsp;y&nbsp;Alcide De Gasperi, es &hellip;<\/p>\n<p class=\"read-more\"> <a class=\"thunk-readmore button\" href=\"https:\/\/filatelia.cuentista.es\/en\/product\/fdc-sobre-primer-dia-alemania-jean-monnet-1977\"> <span class=\"screen-reader-text\">FDC Sobre Primer Dia &#8211; Alemania &#8211; Jean Monnet &#8211; 1977<\/span>Read More<\/a><\/p>","protected":false},"featured_media":8000,"comment_status":"open","ping_status":"closed","template":"","meta":{"_acf_changed":false},"product_brand":[],"product_cat":[1251,19],"product_tag":[1628,215,806,791],"class_list":{"0":"post-8001","1":"product","2":"type-product","3":"status-publish","4":"has-post-thumbnail","6":"product_cat-alemania-federal-bundesrepublik","7":"product_cat-spd-sobres-primer-dia","8":"product_tag-banquero","9":"product_tag-europa","10":"product_tag-personaje","11":"product_tag-politico","12":"thunk-woo-product-list","13":"opn-qv-enable","14":"open-woo-hover-zoom","15":"open-single-product-tab-horizontal","16":"open-shadow-","17":"open-shadow-hover-","19":"first","20":"instock","21":"sale","22":"shipping-taxable","23":"purchasable","24":"product-type-simple"},"acf":[],"jetpack_sharing_enabled":true,"_links":{"self":[{"href":"https:\/\/filatelia.cuentista.es\/en\/wp-json\/wp\/v2\/product\/8001","targetHints":{"allow":["GET"]}}],"collection":[{"href":"https:\/\/filatelia.cuentista.es\/en\/wp-json\/wp\/v2\/product"}],"about":[{"href":"https:\/\/filatelia.cuentista.es\/en\/wp-json\/wp\/v2\/types\/product"}],"replies":[{"embeddable":true,"href":"https:\/\/filatelia.cuentista.es\/en\/wp-json\/wp\/v2\/comments?post=8001"}],"wp:featuredmedia":[{"embeddable":true,"href":"https:\/\/filatelia.cuentista.es\/en\/wp-json\/wp\/v2\/media\/8000"}],"wp:attachment":[{"href":"https:\/\/filatelia.cuentista.es\/en\/wp-json\/wp\/v2\/media?parent=8001"}],"wp:term":[{"taxonomy":"product_brand","embeddable":true,"href":"https:\/\/filatelia.cuentista.es\/en\/wp-json\/wp\/v2\/product_brand?post=8001"},{"taxonomy":"product_cat","embeddable":true,"href":"https:\/\/filatelia.cuentista.es\/en\/wp-json\/wp\/v2\/product_cat?post=8001"},{"taxonomy":"product_tag","embeddable":true,"href":"https:\/\/filatelia.cuentista.es\/en\/wp-json\/wp\/v2\/product_tag?post=8001"}],"curies":[{"name":"wp","href":"https:\/\/api.w.org\/{rel}","templated":true}]}}