{"id":7996,"date":"2026-04-12T12:09:40","date_gmt":"2026-04-12T12:09:40","guid":{"rendered":"https:\/\/filatelia.cuentista.es\/product\/fdc-sobre-primer-dia-alemania-1970-dr-heineman"},"modified":"2026-04-12T12:09:42","modified_gmt":"2026-04-12T12:09:42","slug":"fdc-sobre-primer-dia-alemania-1970-dr-heineman","status":"publish","type":"product","link":"https:\/\/filatelia.cuentista.es\/en\/product\/fdc-sobre-primer-dia-alemania-1970-dr-heineman","title":{"rendered":"FDC Sobre Primer Dia &#8211; Alemania 1970 &#8211; Dr Heineman"},"content":{"rendered":"<p>FDC Sobre Primer Dia &#8211; Alemania 1970 &#8211; Dr Heineman<\/p>\n<p>Bundesprasident<\/p>\n<p>D\u00eda de emisi\u00f3n 23-10-1970<\/p>\n<p>Matasellado en Berl\u00edn<\/p>\n<p>Serie 06795<\/p>","protected":false},"excerpt":{"rendered":"<p>FDC Sobre Primer Dia &#8211; Alemania 1970 &#8211; Dr Heineman Bundesprasident D\u00eda de emisi\u00f3n 23-10-1970 Matasellado en Berl\u00edn Serie 06795<\/p>","protected":false},"featured_media":7995,"comment_status":"open","ping_status":"closed","template":"","meta":{"_acf_changed":false},"product_brand":[],"product_cat":[1251,19],"product_tag":[791,1137,185],"class_list":{"0":"post-7996","1":"product","2":"type-product","3":"status-publish","4":"has-post-thumbnail","6":"product_cat-alemania-federal-bundesrepublik","7":"product_cat-spd-sobres-primer-dia","8":"product_tag-politico","9":"product_tag-politico-presidente","10":"product_tag-sobre","11":"thunk-woo-product-list","12":"opn-qv-enable","13":"open-woo-hover-zoom","14":"open-single-product-tab-horizontal","15":"open-shadow-","16":"open-shadow-hover-","18":"first","19":"instock","20":"sale","21":"shipping-taxable","22":"purchasable","23":"product-type-simple"},"acf":[],"jetpack_sharing_enabled":true,"_links":{"self":[{"href":"https:\/\/filatelia.cuentista.es\/en\/wp-json\/wp\/v2\/product\/7996","targetHints":{"allow":["GET"]}}],"collection":[{"href":"https:\/\/filatelia.cuentista.es\/en\/wp-json\/wp\/v2\/product"}],"about":[{"href":"https:\/\/filatelia.cuentista.es\/en\/wp-json\/wp\/v2\/types\/product"}],"replies":[{"embeddable":true,"href":"https:\/\/filatelia.cuentista.es\/en\/wp-json\/wp\/v2\/comments?post=7996"}],"wp:featuredmedia":[{"embeddable":true,"href":"https:\/\/filatelia.cuentista.es\/en\/wp-json\/wp\/v2\/media\/7995"}],"wp:attachment":[{"href":"https:\/\/filatelia.cuentista.es\/en\/wp-json\/wp\/v2\/media?parent=7996"}],"wp:term":[{"taxonomy":"product_brand","embeddable":true,"href":"https:\/\/filatelia.cuentista.es\/en\/wp-json\/wp\/v2\/product_brand?post=7996"},{"taxonomy":"product_cat","embeddable":true,"href":"https:\/\/filatelia.cuentista.es\/en\/wp-json\/wp\/v2\/product_cat?post=7996"},{"taxonomy":"product_tag","embeddable":true,"href":"https:\/\/filatelia.cuentista.es\/en\/wp-json\/wp\/v2\/product_tag?post=7996"}],"curies":[{"name":"wp","href":"https:\/\/api.w.org\/{rel}","templated":true}]}}