{"id":7993,"date":"2026-03-15T13:50:36","date_gmt":"2026-03-15T13:50:36","guid":{"rendered":"https:\/\/filatelia.cuentista.es\/?post_type=product&#038;p=7993"},"modified":"2026-03-15T13:51:42","modified_gmt":"2026-03-15T13:51:42","slug":"sellos-astrofilatelia-06-varios-paises-2-2-2-2-2","status":"publish","type":"product","link":"https:\/\/filatelia.cuentista.es\/en\/product\/sellos-astrofilatelia-06-varios-paises-2-2-2-2-2","title":{"rendered":"Sellos Astrofilatelia 01 &#8211; Varios Pa\u00edses"},"content":{"rendered":"<p>Colecci\u00f3n de sellos sobre el espacio exterior y la exploraci\u00f3n espacial. Incluye im\u00e1genes de sat\u00e9lites, astronautas y planetas.<\/p>\n<p>&#8211; Sello de Cuba con Yuri Gagarin.<\/p>\n<p>&#8211; Sello de Brasil con la Torre Eiffel.<\/p>\n<p>&#8211; Sello de Polonia con sat\u00e9lite.<\/p>\n<p>&#8211; Sello de Tanzania con sonda espacial.<\/p>\n<p>&#8211; Sello de la URSS y Siria.<\/p>\n<p>&#8211; Sello de la Rep\u00fablica Democr\u00e1tica del Congo.<\/p>\n<p>&#8211; Sello de Hungr\u00eda (Intercosmos).<\/p>\n<p>&#8211; Sello de Mongolia (Intercosmos).<\/p>\n<p>&#8211; Sello con los primeros astronautas.<\/p>\n<p>Ver foto, Agrupo env\u00edos<\/p>","protected":false},"excerpt":{"rendered":"<p>Colecci\u00f3n de sellos sobre el espacio exterior y la exploraci\u00f3n espacial. Incluye im\u00e1genes de sat\u00e9lites, astronautas y planetas. &#8211; Sello de Cuba con Yuri Gagarin. &#8211; Sello de Brasil con la Torre Eiffel. &#8211; Sello de Polonia con sat\u00e9lite. &#8211; Sello de Tanzania con sonda espacial. &#8211; Sello de la URSS y Siria. &#8211; Sello &hellip;<\/p>\n<p class=\"read-more\"> <a class=\"thunk-readmore button\" href=\"https:\/\/filatelia.cuentista.es\/en\/product\/sellos-astrofilatelia-06-varios-paises-2-2-2-2-2\"> <span class=\"screen-reader-text\">Sellos Astrofilatelia 01 &#8211; Varios Pa\u00edses<\/span>Read More<\/a><\/p>","protected":false},"featured_media":7994,"comment_status":"open","ping_status":"closed","template":"","meta":{"_acf_changed":false},"product_brand":[],"product_cat":[1621,21,20],"product_tag":[1625,180,1624,1623,1622],"class_list":{"0":"post-7993","1":"product","2":"type-product","3":"status-publish","4":"has-post-thumbnail","6":"product_cat-astrofilatelia","7":"product_cat-sellos-nuevos","8":"product_cat-sellos-usados","9":"product_tag-astronauta","10":"product_tag-espacio","11":"product_tag-explorador","12":"product_tag-luna","13":"product_tag-tematico","14":"thunk-woo-product-list","15":"opn-qv-enable","16":"open-woo-hover-zoom","17":"open-single-product-tab-horizontal","18":"open-shadow-","19":"open-shadow-hover-","21":"first","22":"instock","23":"sale","24":"shipping-taxable","25":"purchasable","26":"product-type-simple"},"acf":[],"jetpack_sharing_enabled":true,"_links":{"self":[{"href":"https:\/\/filatelia.cuentista.es\/en\/wp-json\/wp\/v2\/product\/7993","targetHints":{"allow":["GET"]}}],"collection":[{"href":"https:\/\/filatelia.cuentista.es\/en\/wp-json\/wp\/v2\/product"}],"about":[{"href":"https:\/\/filatelia.cuentista.es\/en\/wp-json\/wp\/v2\/types\/product"}],"replies":[{"embeddable":true,"href":"https:\/\/filatelia.cuentista.es\/en\/wp-json\/wp\/v2\/comments?post=7993"}],"wp:featuredmedia":[{"embeddable":true,"href":"https:\/\/filatelia.cuentista.es\/en\/wp-json\/wp\/v2\/media\/7994"}],"wp:attachment":[{"href":"https:\/\/filatelia.cuentista.es\/en\/wp-json\/wp\/v2\/media?parent=7993"}],"wp:term":[{"taxonomy":"product_brand","embeddable":true,"href":"https:\/\/filatelia.cuentista.es\/en\/wp-json\/wp\/v2\/product_brand?post=7993"},{"taxonomy":"product_cat","embeddable":true,"href":"https:\/\/filatelia.cuentista.es\/en\/wp-json\/wp\/v2\/product_cat?post=7993"},{"taxonomy":"product_tag","embeddable":true,"href":"https:\/\/filatelia.cuentista.es\/en\/wp-json\/wp\/v2\/product_tag?post=7993"}],"curies":[{"name":"wp","href":"https:\/\/api.w.org\/{rel}","templated":true}]}}