{"id":7982,"date":"2026-03-15T11:11:12","date_gmt":"2026-03-15T11:11:12","guid":{"rendered":"https:\/\/filatelia.cuentista.es\/product\/sobre-iris-mundus-centenario-sello-espanol-1965"},"modified":"2026-03-15T11:11:17","modified_gmt":"2026-03-15T11:11:17","slug":"sobre-iris-mundus-centenario-sello-espanol-1965","status":"publish","type":"product","link":"https:\/\/filatelia.cuentista.es\/en\/product\/sobre-iris-mundus-centenario-sello-espanol-1965","title":{"rendered":"Sobre Iris Mundus Centenario Sello Espa\u00f1ol 1965"},"content":{"rendered":"<p>Sobre Iris Mundus con la serie completa de los sellos de 1965 de Espa\u00f1a con motivo del Centenario del sello dentado espa\u00f1ol<\/p>\n<p>EDIFIL 1689\/91<\/p>\n<p>Matasellado en Madrid durante la exposici\u00f3n nacional filatelicael mismo d\u00eda de emisi\u00f3n 22 de Noviembre de 1965<\/p>","protected":false},"excerpt":{"rendered":"<p>Sobre Iris Mundus con la serie completa de los sellos de 1965 de Espa\u00f1a con motivo del Centenario del sello dentado espa\u00f1ol EDIFIL 1689\/91 Matasellado en Madrid durante la exposici\u00f3n nacional filatelicael mismo d\u00eda de emisi\u00f3n 22 de Noviembre de 1965<\/p>","protected":false},"featured_media":7980,"comment_status":"open","ping_status":"closed","template":"","meta":{"_acf_changed":false},"product_brand":[],"product_cat":[663,208,19],"product_tag":[68,474],"class_list":{"0":"post-7982","1":"product","2":"type-product","3":"status-publish","4":"has-post-thumbnail","6":"product_cat-espana","7":"product_cat-sobre-conmemorativo","8":"product_cat-spd-sobres-primer-dia","9":"product_tag-filatelia","10":"product_tag-sellos","11":"thunk-woo-product-list","12":"opn-qv-enable","13":"open-woo-hover-zoom","14":"open-single-product-tab-horizontal","15":"open-shadow-","16":"open-shadow-hover-","18":"first","19":"instock","20":"sale","21":"shipping-taxable","22":"purchasable","23":"product-type-simple"},"acf":[],"jetpack_sharing_enabled":true,"_links":{"self":[{"href":"https:\/\/filatelia.cuentista.es\/en\/wp-json\/wp\/v2\/product\/7982","targetHints":{"allow":["GET"]}}],"collection":[{"href":"https:\/\/filatelia.cuentista.es\/en\/wp-json\/wp\/v2\/product"}],"about":[{"href":"https:\/\/filatelia.cuentista.es\/en\/wp-json\/wp\/v2\/types\/product"}],"replies":[{"embeddable":true,"href":"https:\/\/filatelia.cuentista.es\/en\/wp-json\/wp\/v2\/comments?post=7982"}],"wp:featuredmedia":[{"embeddable":true,"href":"https:\/\/filatelia.cuentista.es\/en\/wp-json\/wp\/v2\/media\/7980"}],"wp:attachment":[{"href":"https:\/\/filatelia.cuentista.es\/en\/wp-json\/wp\/v2\/media?parent=7982"}],"wp:term":[{"taxonomy":"product_brand","embeddable":true,"href":"https:\/\/filatelia.cuentista.es\/en\/wp-json\/wp\/v2\/product_brand?post=7982"},{"taxonomy":"product_cat","embeddable":true,"href":"https:\/\/filatelia.cuentista.es\/en\/wp-json\/wp\/v2\/product_cat?post=7982"},{"taxonomy":"product_tag","embeddable":true,"href":"https:\/\/filatelia.cuentista.es\/en\/wp-json\/wp\/v2\/product_tag?post=7982"}],"curies":[{"name":"wp","href":"https:\/\/api.w.org\/{rel}","templated":true}]}}