{"id":7813,"date":"2026-01-06T10:56:35","date_gmt":"2026-01-06T10:56:35","guid":{"rendered":"https:\/\/filatelia.cuentista.es\/product\/the-spanish-ulcer"},"modified":"2026-01-06T10:56:39","modified_gmt":"2026-01-06T10:56:39","slug":"the-spanish-ulcer","status":"publish","type":"product","link":"https:\/\/filatelia.cuentista.es\/en\/product\/the-spanish-ulcer","title":{"rendered":"The Spanish Ulcer"},"content":{"rendered":"<p>Libro en ingl\u00e9s sobre la guerra Napole\u00f3nica de la independencia espa\u00f1ola<\/p>\n<p>555 p\u00e1ginas y tapas duras<\/p>","protected":false},"excerpt":{"rendered":"<p>Libro en ingl\u00e9s sobre la guerra Napole\u00f3nica de la independencia espa\u00f1ola 555 p\u00e1ginas y tapas duras<\/p>","protected":false},"featured_media":7811,"comment_status":"open","ping_status":"closed","template":"","meta":{"_acf_changed":false},"product_brand":[],"product_cat":[1534,731,22],"product_tag":[],"class_list":{"0":"post-7813","1":"product","2":"type-product","3":"status-publish","4":"has-post-thumbnail","6":"product_cat-en-ingles","7":"product_cat-historia","8":"product_cat-libros","9":"thunk-woo-product-list","10":"opn-qv-enable","11":"open-woo-hover-zoom","12":"open-single-product-tab-horizontal","13":"open-shadow-","14":"open-shadow-hover-","16":"first","17":"instock","18":"shipping-taxable","19":"purchasable","20":"product-type-simple"},"acf":[],"jetpack_sharing_enabled":true,"_links":{"self":[{"href":"https:\/\/filatelia.cuentista.es\/en\/wp-json\/wp\/v2\/product\/7813","targetHints":{"allow":["GET"]}}],"collection":[{"href":"https:\/\/filatelia.cuentista.es\/en\/wp-json\/wp\/v2\/product"}],"about":[{"href":"https:\/\/filatelia.cuentista.es\/en\/wp-json\/wp\/v2\/types\/product"}],"replies":[{"embeddable":true,"href":"https:\/\/filatelia.cuentista.es\/en\/wp-json\/wp\/v2\/comments?post=7813"}],"wp:featuredmedia":[{"embeddable":true,"href":"https:\/\/filatelia.cuentista.es\/en\/wp-json\/wp\/v2\/media\/7811"}],"wp:attachment":[{"href":"https:\/\/filatelia.cuentista.es\/en\/wp-json\/wp\/v2\/media?parent=7813"}],"wp:term":[{"taxonomy":"product_brand","embeddable":true,"href":"https:\/\/filatelia.cuentista.es\/en\/wp-json\/wp\/v2\/product_brand?post=7813"},{"taxonomy":"product_cat","embeddable":true,"href":"https:\/\/filatelia.cuentista.es\/en\/wp-json\/wp\/v2\/product_cat?post=7813"},{"taxonomy":"product_tag","embeddable":true,"href":"https:\/\/filatelia.cuentista.es\/en\/wp-json\/wp\/v2\/product_tag?post=7813"}],"curies":[{"name":"wp","href":"https:\/\/api.w.org\/{rel}","templated":true}]}}