{"id":7721,"date":"2025-08-31T13:36:38","date_gmt":"2025-08-31T13:36:38","guid":{"rendered":"https:\/\/filatelia.cuentista.es\/product\/catalogo-de-epana-y-dependencias-1972"},"modified":"2025-08-31T13:36:42","modified_gmt":"2025-08-31T13:36:42","slug":"catalogo-de-epana-y-dependencias-1972","status":"publish","type":"product","link":"https:\/\/filatelia.cuentista.es\/en\/product\/catalogo-de-epana-y-dependencias-1972","title":{"rendered":"Cat\u00e1logo de Epa\u00f1a y dependencias 1972"},"content":{"rendered":"<p>Cat\u00e1logo de sellos EDIFIL 1972 de Espa\u00f1a y dependencias postales<\/p>\n<p>Encuadernado en tapa dura<\/p>\n<p>330 p\u00e1ginas<\/p>\n<p>Muy buen estado<\/p>","protected":false},"excerpt":{"rendered":"<p>Cat\u00e1logo de sellos EDIFIL 1972 de Espa\u00f1a y dependencias postales Encuadernado en tapa dura 330 p\u00e1ginas Muy buen estado<\/p>","protected":false},"featured_media":7718,"comment_status":"open","ping_status":"closed","template":"","meta":{"_acf_changed":false},"product_brand":[],"product_cat":[886,22],"product_tag":[],"class_list":{"0":"post-7721","1":"product","2":"type-product","3":"status-publish","4":"has-post-thumbnail","6":"product_cat-catalogo-filatelia","7":"product_cat-libros","8":"thunk-woo-product-list","9":"opn-qv-enable","10":"open-woo-hover-zoom","11":"open-single-product-tab-horizontal","12":"open-shadow-","13":"open-shadow-hover-","15":"first","16":"instock","17":"sale","18":"shipping-taxable","19":"purchasable","20":"product-type-simple"},"acf":[],"jetpack_sharing_enabled":true,"_links":{"self":[{"href":"https:\/\/filatelia.cuentista.es\/en\/wp-json\/wp\/v2\/product\/7721","targetHints":{"allow":["GET"]}}],"collection":[{"href":"https:\/\/filatelia.cuentista.es\/en\/wp-json\/wp\/v2\/product"}],"about":[{"href":"https:\/\/filatelia.cuentista.es\/en\/wp-json\/wp\/v2\/types\/product"}],"replies":[{"embeddable":true,"href":"https:\/\/filatelia.cuentista.es\/en\/wp-json\/wp\/v2\/comments?post=7721"}],"wp:featuredmedia":[{"embeddable":true,"href":"https:\/\/filatelia.cuentista.es\/en\/wp-json\/wp\/v2\/media\/7718"}],"wp:attachment":[{"href":"https:\/\/filatelia.cuentista.es\/en\/wp-json\/wp\/v2\/media?parent=7721"}],"wp:term":[{"taxonomy":"product_brand","embeddable":true,"href":"https:\/\/filatelia.cuentista.es\/en\/wp-json\/wp\/v2\/product_brand?post=7721"},{"taxonomy":"product_cat","embeddable":true,"href":"https:\/\/filatelia.cuentista.es\/en\/wp-json\/wp\/v2\/product_cat?post=7721"},{"taxonomy":"product_tag","embeddable":true,"href":"https:\/\/filatelia.cuentista.es\/en\/wp-json\/wp\/v2\/product_tag?post=7721"}],"curies":[{"name":"wp","href":"https:\/\/api.w.org\/{rel}","templated":true}]}}