{"id":7681,"date":"2025-08-30T16:14:46","date_gmt":"2025-08-30T16:14:46","guid":{"rendered":"https:\/\/filatelia.cuentista.es\/product\/catalogo-unificado-edifil-1971"},"modified":"2025-08-30T16:14:52","modified_gmt":"2025-08-30T16:14:52","slug":"catalogo-unificado-edifil-1971","status":"publish","type":"product","link":"https:\/\/filatelia.cuentista.es\/en\/product\/catalogo-unificado-edifil-1971","title":{"rendered":"Cat\u00e1logo Unificado EDIFIL 1971"},"content":{"rendered":"<p>Cat\u00e1logo de sellos de Espa\u00f1a y dependencias postales 1971<\/p>\n<p>EDIFIL<\/p>\n<p>319 p\u00e1ginas<\/p>\n<p>Blanco y negro<\/p>\n<p>Buen estado con marcas de uso<\/p>","protected":false},"excerpt":{"rendered":"<p>Cat\u00e1logo de sellos de Espa\u00f1a y dependencias postales 1971 EDIFIL 319 p\u00e1ginas Blanco y negro Buen estado con marcas de uso<\/p>","protected":false},"featured_media":7679,"comment_status":"open","ping_status":"closed","template":"","meta":{"_acf_changed":false},"product_brand":[],"product_cat":[886,15,22],"product_tag":[],"class_list":{"0":"post-7681","1":"product","2":"type-product","3":"status-publish","4":"has-post-thumbnail","6":"product_cat-catalogo-filatelia","7":"product_cat-coleccionismo","8":"product_cat-libros","9":"thunk-woo-product-list","10":"opn-qv-enable","11":"open-woo-hover-zoom","12":"open-single-product-tab-horizontal","13":"open-shadow-","14":"open-shadow-hover-","16":"first","17":"instock","18":"sale","19":"shipping-taxable","20":"purchasable","21":"product-type-simple"},"acf":[],"jetpack_sharing_enabled":true,"_links":{"self":[{"href":"https:\/\/filatelia.cuentista.es\/en\/wp-json\/wp\/v2\/product\/7681","targetHints":{"allow":["GET"]}}],"collection":[{"href":"https:\/\/filatelia.cuentista.es\/en\/wp-json\/wp\/v2\/product"}],"about":[{"href":"https:\/\/filatelia.cuentista.es\/en\/wp-json\/wp\/v2\/types\/product"}],"replies":[{"embeddable":true,"href":"https:\/\/filatelia.cuentista.es\/en\/wp-json\/wp\/v2\/comments?post=7681"}],"wp:featuredmedia":[{"embeddable":true,"href":"https:\/\/filatelia.cuentista.es\/en\/wp-json\/wp\/v2\/media\/7679"}],"wp:attachment":[{"href":"https:\/\/filatelia.cuentista.es\/en\/wp-json\/wp\/v2\/media?parent=7681"}],"wp:term":[{"taxonomy":"product_brand","embeddable":true,"href":"https:\/\/filatelia.cuentista.es\/en\/wp-json\/wp\/v2\/product_brand?post=7681"},{"taxonomy":"product_cat","embeddable":true,"href":"https:\/\/filatelia.cuentista.es\/en\/wp-json\/wp\/v2\/product_cat?post=7681"},{"taxonomy":"product_tag","embeddable":true,"href":"https:\/\/filatelia.cuentista.es\/en\/wp-json\/wp\/v2\/product_tag?post=7681"}],"curies":[{"name":"wp","href":"https:\/\/api.w.org\/{rel}","templated":true}]}}