{"id":7657,"date":"2025-08-30T15:32:59","date_gmt":"2025-08-30T15:32:59","guid":{"rendered":"https:\/\/filatelia.cuentista.es\/product\/catalogo-ilustrado-de-sellos-de-espana-1983-ricardo-de-lama"},"modified":"2025-08-30T15:38:43","modified_gmt":"2025-08-30T15:38:43","slug":"catalogo-ilustrado-de-sellos-de-espana-1983-ricardo-de-lama","status":"publish","type":"product","link":"https:\/\/filatelia.cuentista.es\/en\/product\/catalogo-ilustrado-de-sellos-de-espana-1983-ricardo-de-lama","title":{"rendered":"Cat\u00e1logo Ilustrado de Sellos de Espa\u00f1a 1983 &#8211; Ricardo de Lama"},"content":{"rendered":"<p>Cat\u00e1logo de sellos de Espa\u00f1a 1983<\/p>\n<p>Editado por Ricardo de Lama<\/p>\n<p>Ediciones de bolsillo<\/p>\n<p>A todo color<\/p>\n<p>154 p\u00e1ginas<\/p>\n<p>Buen estado<\/p>","protected":false},"excerpt":{"rendered":"<p>Cat\u00e1logo de sellos de Espa\u00f1a 1983 Editado por Ricardo de Lama Ediciones de bolsillo A todo color 154 p\u00e1ginas Buen estado<\/p>","protected":false},"featured_media":7656,"comment_status":"open","ping_status":"closed","template":"","meta":{"_acf_changed":false},"product_brand":[],"product_cat":[886,15,22],"product_tag":[],"class_list":{"0":"post-7657","1":"product","2":"type-product","3":"status-publish","4":"has-post-thumbnail","6":"product_cat-catalogo-filatelia","7":"product_cat-coleccionismo","8":"product_cat-libros","9":"thunk-woo-product-list","10":"opn-qv-enable","11":"open-woo-hover-zoom","12":"open-single-product-tab-horizontal","13":"open-shadow-","14":"open-shadow-hover-","16":"first","17":"instock","18":"sale","19":"shipping-taxable","20":"purchasable","21":"product-type-simple"},"acf":[],"jetpack_sharing_enabled":true,"_links":{"self":[{"href":"https:\/\/filatelia.cuentista.es\/en\/wp-json\/wp\/v2\/product\/7657","targetHints":{"allow":["GET"]}}],"collection":[{"href":"https:\/\/filatelia.cuentista.es\/en\/wp-json\/wp\/v2\/product"}],"about":[{"href":"https:\/\/filatelia.cuentista.es\/en\/wp-json\/wp\/v2\/types\/product"}],"replies":[{"embeddable":true,"href":"https:\/\/filatelia.cuentista.es\/en\/wp-json\/wp\/v2\/comments?post=7657"}],"wp:featuredmedia":[{"embeddable":true,"href":"https:\/\/filatelia.cuentista.es\/en\/wp-json\/wp\/v2\/media\/7656"}],"wp:attachment":[{"href":"https:\/\/filatelia.cuentista.es\/en\/wp-json\/wp\/v2\/media?parent=7657"}],"wp:term":[{"taxonomy":"product_brand","embeddable":true,"href":"https:\/\/filatelia.cuentista.es\/en\/wp-json\/wp\/v2\/product_brand?post=7657"},{"taxonomy":"product_cat","embeddable":true,"href":"https:\/\/filatelia.cuentista.es\/en\/wp-json\/wp\/v2\/product_cat?post=7657"},{"taxonomy":"product_tag","embeddable":true,"href":"https:\/\/filatelia.cuentista.es\/en\/wp-json\/wp\/v2\/product_tag?post=7657"}],"curies":[{"name":"wp","href":"https:\/\/api.w.org\/{rel}","templated":true}]}}