{"id":7603,"date":"2025-03-09T16:30:54","date_gmt":"2025-03-09T16:30:54","guid":{"rendered":"https:\/\/filatelia.cuentista.es\/?post_type=product&#038;p=7603"},"modified":"2025-03-09T16:36:18","modified_gmt":"2025-03-09T16:36:18","slug":"sello-venezuela-1948-flota-mercante-colombiana-25-centimos-gris-usado-2","status":"publish","type":"product","link":"https:\/\/filatelia.cuentista.es\/en\/product\/sello-venezuela-1948-flota-mercante-colombiana-25-centimos-gris-usado-2","title":{"rendered":"Sello Venezuela 1949 &#8211; Flota mercante colombiana &#8211; 20 c\u00e9ntimos marr\u00f3n usado"},"content":{"rendered":"<p>M.S. Republica de Venezuela<\/p>\n<p><img class=\"size-full\"><\/p>\n<p>Pa\u00eds:<\/p>\n<p>Venezuela<\/p>\n<p>Serie:<\/p>\n<p>Founding of the Grand Colombian Merchant Fleet<\/p>\n<p>C\u00f3digo de cat\u00e1logo:<\/p>\n<p>Inicie sesi\u00f3n para ver los detalles completos del art\u00edculo<\/p>\n<p>Temas:<\/p>\n<p>Barcos<\/p>\n<p>Fecha emisi\u00f3n:<\/p>\n<p>1949-03-09<\/p>\n<p>Tama\u00f1o:<\/p>\n<p>27 x 41.5 mm<\/p>\n<p>Colores:<\/p>\n<p>Inicie sesi\u00f3n para ver los detalles completos del art\u00edculo<\/p>\n<p>Impresores\/Imprentas:<\/p>\n<p>American Bank Note Co.<\/p>\n<p>Formato:<\/p>\n<p>Sello<\/p>\n<p>Emisi\u00f3n:<\/p>\n<p>Correo A\u00e9reo<\/p>\n<p>Perforaci\u00f3n:<\/p>\n<p>l\u00ednea12<\/p>\n<p>Impresi\u00f3n:<\/p>\n<p>Rebaje<\/p>\n<p>Valor facial:<\/p>\n<p>20 c &#8211; C\u00e9ntimo Venezolano<\/p>\n<p>Tiraje:<\/p>\n<p>3.400.000<\/p>\n<p>Puntuaci\u00f3n:<\/p>\n<p>17% Precisi\u00f3n: Muy alto<\/p>\n<p>Descripci\u00f3n:<\/p>\n<p>The Grand Colombian Merchant Fleet was a public limited company with public and private capital, formed by a group of ships and unarmed vessels dedicated to economic activities such as trade and the transport of goods, and initially, the transport of coffee. It was founded in the forties by the governments of Colombia, Ecuador and Venezuela. It was in operation until the mid-nineties, when it had to be liquidated<\/p>\n<p><a href=\"https:\/\/colnect.com\/stamps\/stamp\/278873\">https:\/\/colnect.com\/stamps\/stamp\/278873<\/a><\/p>","protected":false},"excerpt":{"rendered":"<p>M.S. Republica de Venezuela Pa\u00eds: Venezuela Serie: Founding of the Grand Colombian Merchant Fleet C\u00f3digo de cat\u00e1logo: Inicie sesi\u00f3n para ver los detalles completos del art\u00edculo Temas: Barcos Fecha emisi\u00f3n: 1949-03-09 Tama\u00f1o: 27 x 41.5 mm Colores: Inicie sesi\u00f3n para ver los detalles completos del art\u00edculo Impresores\/Imprentas: American Bank Note Co. Formato: Sello Emisi\u00f3n: Correo &hellip;<\/p>\n<p class=\"read-more\"> <a class=\"thunk-readmore button\" href=\"https:\/\/filatelia.cuentista.es\/en\/product\/sello-venezuela-1948-flota-mercante-colombiana-25-centimos-gris-usado-2\"> <span class=\"screen-reader-text\">Sello Venezuela 1949 &#8211; Flota mercante colombiana &#8211; 20 c\u00e9ntimos marr\u00f3n usado<\/span>Read More<\/a><\/p>","protected":false},"featured_media":7604,"comment_status":"open","ping_status":"closed","template":"","meta":{"_acf_changed":false},"product_brand":[],"product_cat":[815,1610,20],"product_tag":[],"class_list":{"0":"post-7603","1":"product","2":"type-product","3":"status-publish","4":"has-post-thumbnail","6":"product_cat-correo-aereo","7":"product_cat-venezuela","8":"product_cat-sellos-usados","9":"thunk-woo-product-list","10":"opn-qv-enable","11":"open-woo-hover-zoom","12":"open-single-product-tab-horizontal","13":"open-shadow-","14":"open-shadow-hover-","16":"first","17":"instock","18":"shipping-taxable","19":"purchasable","20":"product-type-simple"},"acf":[],"jetpack_sharing_enabled":true,"_links":{"self":[{"href":"https:\/\/filatelia.cuentista.es\/en\/wp-json\/wp\/v2\/product\/7603","targetHints":{"allow":["GET"]}}],"collection":[{"href":"https:\/\/filatelia.cuentista.es\/en\/wp-json\/wp\/v2\/product"}],"about":[{"href":"https:\/\/filatelia.cuentista.es\/en\/wp-json\/wp\/v2\/types\/product"}],"replies":[{"embeddable":true,"href":"https:\/\/filatelia.cuentista.es\/en\/wp-json\/wp\/v2\/comments?post=7603"}],"wp:featuredmedia":[{"embeddable":true,"href":"https:\/\/filatelia.cuentista.es\/en\/wp-json\/wp\/v2\/media\/7604"}],"wp:attachment":[{"href":"https:\/\/filatelia.cuentista.es\/en\/wp-json\/wp\/v2\/media?parent=7603"}],"wp:term":[{"taxonomy":"product_brand","embeddable":true,"href":"https:\/\/filatelia.cuentista.es\/en\/wp-json\/wp\/v2\/product_brand?post=7603"},{"taxonomy":"product_cat","embeddable":true,"href":"https:\/\/filatelia.cuentista.es\/en\/wp-json\/wp\/v2\/product_cat?post=7603"},{"taxonomy":"product_tag","embeddable":true,"href":"https:\/\/filatelia.cuentista.es\/en\/wp-json\/wp\/v2\/product_tag?post=7603"}],"curies":[{"name":"wp","href":"https:\/\/api.w.org\/{rel}","templated":true}]}}