{"id":7599,"date":"2025-03-02T16:07:06","date_gmt":"2025-03-02T16:07:06","guid":{"rendered":"https:\/\/filatelia.cuentista.es\/product\/sello-venezuela-1941-fachada-casa-libertador-20centimos-azul-usado"},"modified":"2025-03-02T16:07:09","modified_gmt":"2025-03-02T16:07:09","slug":"sello-venezuela-1941-fachada-casa-libertador-20centimos-azul-usado","status":"publish","type":"product","link":"https:\/\/filatelia.cuentista.es\/en\/product\/sello-venezuela-1941-fachada-casa-libertador-20centimos-azul-usado","title":{"rendered":"Sello Venezuela 1941 &#8211; Fachada Casa Libertador &#8211; 20centimos Azul Usado"},"content":{"rendered":"<p>Birth House of Sim\u00f3n Bol\u00edvar, Caracas<\/p>\n<p><img class=\"size-full\"><\/p>\n<p>Pa\u00eds:<\/p>\n<p>Venezuela<\/p>\n<p>Serie:<\/p>\n<p>Sim\u00f3n Bolivar, 110th death Anniv.<\/p>\n<p>C\u00f3digo de cat\u00e1logo:<\/p>\n<p>Michel VE 345<\/p>\n<p>Stamp Number VE 370<\/p>\n<p>Yvert et Tellier VE 232<\/p>\n<p>Stanley Gibbons VE 621<\/p>\n<p>Variantes:<\/p>\n<p>Click para ver variantes<\/p>\n<p>Temas:<\/p>\n<p>Aniversarios y Jubileos | Casas | Personajes Famosos<\/p>\n<p>Fecha emisi\u00f3n:<\/p>\n<p>1941<\/p>\n<p>Tama\u00f1o:<\/p>\n<p>29 x 25 mm<\/p>\n<p>Impresores\/Imprentas:<\/p>\n<p>American Bank Note Co.<\/p>\n<p>Formato:<\/p>\n<p>Sello<\/p>\n<p>Emisi\u00f3n:<\/p>\n<p>Definitivo<\/p>\n<p>Perforaci\u00f3n:<\/p>\n<p>l\u00ednea12<\/p>\n<p>Impresi\u00f3n:<\/p>\n<p>Rebaje<\/p>\n<p>Valor facial:<\/p>\n<p>20 c &#8211; C\u00e9ntimo Venezolano<\/p>\n<p>Tiraje:<\/p>\n<p>17.200.000<\/p>\n<p>Puntuaci\u00f3n:<\/p>\n<p>11% Precisi\u00f3n: Muy alto<\/p>\n<p>Descripci\u00f3n:<\/p>\n<p>The Birthplace of Sim\u00f3n Bol\u00edvar is a seventeenth-century house in the Venezuelan capital city Caracas. Now a significant tourist attraction, the building is located in a little street off the Plaza San Jacinto, a block east of the Plaza Bol\u00edvar. It is one of only a few houses from the colonial era which survive in central Caracas.<\/p>\n<p><a href=\"https:\/\/colnect.com\/stamps\/stamp\/115439\">https:\/\/colnect.com\/stamps\/stamp\/115439<\/a><\/p>","protected":false},"excerpt":{"rendered":"<p>Birth House of Sim\u00f3n Bol\u00edvar, Caracas Pa\u00eds: Venezuela Serie: Sim\u00f3n Bolivar, 110th death Anniv. C\u00f3digo de cat\u00e1logo: Michel VE 345 Stamp Number VE 370 Yvert et Tellier VE 232 Stanley Gibbons VE 621 Variantes: Click para ver variantes Temas: Aniversarios y Jubileos | Casas | Personajes Famosos Fecha emisi\u00f3n: 1941 Tama\u00f1o: 29 x 25 mm &hellip;<\/p>\n<p class=\"read-more\"> <a class=\"thunk-readmore button\" href=\"https:\/\/filatelia.cuentista.es\/en\/product\/sello-venezuela-1941-fachada-casa-libertador-20centimos-azul-usado\"> <span class=\"screen-reader-text\">Sello Venezuela 1941 &#8211; Fachada Casa Libertador &#8211; 20centimos Azul Usado<\/span>Read More<\/a><\/p>","protected":false},"featured_media":7598,"comment_status":"open","ping_status":"closed","template":"","meta":{"_acf_changed":false},"product_brand":[],"product_cat":[1610,20],"product_tag":[],"class_list":{"0":"post-7599","1":"product","2":"type-product","3":"status-publish","4":"has-post-thumbnail","6":"product_cat-venezuela","7":"product_cat-sellos-usados","8":"thunk-woo-product-list","9":"opn-qv-enable","10":"open-woo-hover-zoom","11":"open-single-product-tab-horizontal","12":"open-shadow-","13":"open-shadow-hover-","15":"first","16":"instock","17":"shipping-taxable","18":"purchasable","19":"product-type-simple"},"acf":[],"jetpack_sharing_enabled":true,"_links":{"self":[{"href":"https:\/\/filatelia.cuentista.es\/en\/wp-json\/wp\/v2\/product\/7599","targetHints":{"allow":["GET"]}}],"collection":[{"href":"https:\/\/filatelia.cuentista.es\/en\/wp-json\/wp\/v2\/product"}],"about":[{"href":"https:\/\/filatelia.cuentista.es\/en\/wp-json\/wp\/v2\/types\/product"}],"replies":[{"embeddable":true,"href":"https:\/\/filatelia.cuentista.es\/en\/wp-json\/wp\/v2\/comments?post=7599"}],"wp:featuredmedia":[{"embeddable":true,"href":"https:\/\/filatelia.cuentista.es\/en\/wp-json\/wp\/v2\/media\/7598"}],"wp:attachment":[{"href":"https:\/\/filatelia.cuentista.es\/en\/wp-json\/wp\/v2\/media?parent=7599"}],"wp:term":[{"taxonomy":"product_brand","embeddable":true,"href":"https:\/\/filatelia.cuentista.es\/en\/wp-json\/wp\/v2\/product_brand?post=7599"},{"taxonomy":"product_cat","embeddable":true,"href":"https:\/\/filatelia.cuentista.es\/en\/wp-json\/wp\/v2\/product_cat?post=7599"},{"taxonomy":"product_tag","embeddable":true,"href":"https:\/\/filatelia.cuentista.es\/en\/wp-json\/wp\/v2\/product_tag?post=7599"}],"curies":[{"name":"wp","href":"https:\/\/api.w.org\/{rel}","templated":true}]}}