{"id":7591,"date":"2025-03-02T15:17:53","date_gmt":"2025-03-02T15:17:53","guid":{"rendered":"https:\/\/filatelia.cuentista.es\/product\/sello-venezuela-1947-telegrafo-50-centimos-usado"},"modified":"2025-03-02T15:17:57","modified_gmt":"2025-03-02T15:17:57","slug":"sello-venezuela-1947-telegrafo-50-centimos-usado","status":"publish","type":"product","link":"https:\/\/filatelia.cuentista.es\/en\/product\/sello-venezuela-1947-telegrafo-50-centimos-usado","title":{"rendered":"Sello Venezuela 1947 &#8211; Tel\u00e9grafo &#8211; 50 c\u00e9ntimos Usado"},"content":{"rendered":"<p>Tax Stamp<\/p>\n<p><img class=\"size-full\"><\/p>\n<p>Pa\u00eds:<\/p>\n<p>Venezuela<\/p>\n<p>Serie:<\/p>\n<p>Postal-Fiscal &#8211; EEUU De Venezuela Series (1947)<\/p>\n<p>C\u00f3digo de cat\u00e1logo:<\/p>\n<p>Variantes:<\/p>\n<p>Click para ver variantes<\/p>\n<p>Temas:<\/p>\n<p>Formas Geom\u00e9tricas | N\u00fameros<\/p>\n<p>Fecha emisi\u00f3n:<\/p>\n<p>1947<\/p>\n<p>Tama\u00f1o:<\/p>\n<p>29 x 25 mm<\/p>\n<p>Colores:<\/p>\n<p>Azul<\/p>\n<p>Impresores\/Imprentas:<\/p>\n<p>American Bank Note Co.<\/p>\n<p>Formato:<\/p>\n<p>Sello<\/p>\n<p>Emisi\u00f3n:<\/p>\n<p>Postal Fiscal<\/p>\n<p>Perforaci\u00f3n:<\/p>\n<p>l\u00ednea12<\/p>\n<p>Impresi\u00f3n:<\/p>\n<p>Rebaje<\/p>\n<p>Goma:<\/p>\n<p>Ordinaria<\/p>\n<p>Valor facial:<\/p>\n<p>50 c &#8211; C\u00e9ntimo Venezolano<\/p>\n<p><a href=\"https:\/\/colnect.com\/stamps\/stamp\/983234\">https:\/\/colnect.com\/stamps\/stamp\/983234<\/a><\/p>","protected":false},"excerpt":{"rendered":"<p>Tax Stamp Pa\u00eds: Venezuela Serie: Postal-Fiscal &#8211; EEUU De Venezuela Series (1947) C\u00f3digo de cat\u00e1logo: Variantes: Click para ver variantes Temas: Formas Geom\u00e9tricas | N\u00fameros Fecha emisi\u00f3n: 1947 Tama\u00f1o: 29 x 25 mm Colores: Azul Impresores\/Imprentas: American Bank Note Co. Formato: Sello Emisi\u00f3n: Postal Fiscal Perforaci\u00f3n: l\u00ednea12 Impresi\u00f3n: Rebaje Goma: Ordinaria Valor facial: 50 c &hellip;<\/p>\n<p class=\"read-more\"> <a class=\"thunk-readmore button\" href=\"https:\/\/filatelia.cuentista.es\/en\/product\/sello-venezuela-1947-telegrafo-50-centimos-usado\"> <span class=\"screen-reader-text\">Sello Venezuela 1947 &#8211; Tel\u00e9grafo &#8211; 50 c\u00e9ntimos Usado<\/span>Read More<\/a><\/p>","protected":false},"featured_media":7590,"comment_status":"open","ping_status":"closed","template":"","meta":{"_acf_changed":false},"product_brand":[],"product_cat":[664,1610,20],"product_tag":[],"class_list":{"0":"post-7591","1":"product","2":"type-product","3":"status-publish","4":"has-post-thumbnail","6":"product_cat-impuestos","7":"product_cat-venezuela","8":"product_cat-sellos-usados","9":"thunk-woo-product-list","10":"opn-qv-enable","11":"open-woo-hover-zoom","12":"open-single-product-tab-horizontal","13":"open-shadow-","14":"open-shadow-hover-","16":"first","17":"instock","18":"shipping-taxable","19":"purchasable","20":"product-type-simple"},"acf":[],"jetpack_sharing_enabled":true,"_links":{"self":[{"href":"https:\/\/filatelia.cuentista.es\/en\/wp-json\/wp\/v2\/product\/7591","targetHints":{"allow":["GET"]}}],"collection":[{"href":"https:\/\/filatelia.cuentista.es\/en\/wp-json\/wp\/v2\/product"}],"about":[{"href":"https:\/\/filatelia.cuentista.es\/en\/wp-json\/wp\/v2\/types\/product"}],"replies":[{"embeddable":true,"href":"https:\/\/filatelia.cuentista.es\/en\/wp-json\/wp\/v2\/comments?post=7591"}],"wp:featuredmedia":[{"embeddable":true,"href":"https:\/\/filatelia.cuentista.es\/en\/wp-json\/wp\/v2\/media\/7590"}],"wp:attachment":[{"href":"https:\/\/filatelia.cuentista.es\/en\/wp-json\/wp\/v2\/media?parent=7591"}],"wp:term":[{"taxonomy":"product_brand","embeddable":true,"href":"https:\/\/filatelia.cuentista.es\/en\/wp-json\/wp\/v2\/product_brand?post=7591"},{"taxonomy":"product_cat","embeddable":true,"href":"https:\/\/filatelia.cuentista.es\/en\/wp-json\/wp\/v2\/product_cat?post=7591"},{"taxonomy":"product_tag","embeddable":true,"href":"https:\/\/filatelia.cuentista.es\/en\/wp-json\/wp\/v2\/product_tag?post=7591"}],"curies":[{"name":"wp","href":"https:\/\/api.w.org\/{rel}","templated":true}]}}