{"id":7587,"date":"2025-03-02T15:04:30","date_gmt":"2025-03-02T15:04:30","guid":{"rendered":"https:\/\/filatelia.cuentista.es\/product\/sello-venezuela-1909-bolivar-10-centimos-azul-usado"},"modified":"2025-03-02T15:05:01","modified_gmt":"2025-03-02T15:05:01","slug":"sello-venezuela-1909-bolivar-10-centimos-azul-usado","status":"publish","type":"product","link":"https:\/\/filatelia.cuentista.es\/en\/product\/sello-venezuela-1909-bolivar-10-centimos-azul-usado","title":{"rendered":"Sello Venezuela 1909 &#8211; Bolivar &#8211; 10 C\u00e9ntimos Azul Usado"},"content":{"rendered":"<p>Simon Bolivar<\/p>\n<p><img class=\"size-full\"><\/p>\n<p>Pa\u00eds:<\/p>\n<p>Per\u00fa<\/p>\n<p>Serie:<\/p>\n<p>Personalities<\/p>\n<p>C\u00f3digo de cat\u00e1logo:<\/p>\n<p>Michel PE 139<\/p>\n<p>Stamp Number PE 181<\/p>\n<p>Yvert et Tellier PE 146<\/p>\n<p>Stanley Gibbons PE 377<\/p>\n<p>Bustamante PE 167<\/p>\n<p>Temas:<\/p>\n<p>Generales | Oficiales Militares | Personajes Famosos | Personajes de la Independencia<\/p>\n<p>Fecha emisi\u00f3n:<\/p>\n<p>1909-5-14<\/p>\n<p>Colores:<\/p>\n<p>Inicie sesi\u00f3n para ver los detalles completos del art\u00edculo<\/p>\n<p>Marca de agua:<\/p>\n<p>Sin Marca de agua<\/p>\n<p>Impresores\/Imprentas:<\/p>\n<p>American Bank Note Co.<\/p>\n<p>Formato:<\/p>\n<p>Sello<\/p>\n<p>Emisi\u00f3n:<\/p>\n<p>Definitivo<\/p>\n<p>Perforaci\u00f3n:<\/p>\n<p>l\u00ednea12<\/p>\n<p>Impresi\u00f3n:<\/p>\n<p>Rebaje<\/p>\n<p>Valor facial:<\/p>\n<p>10 c &#8211; Centavo Peruano<\/p>\n<p>Tiraje:<\/p>\n<p>2.800.000<\/p>\n<p><a href=\"https:\/\/colnect.com\/stamps\/stamp\/419600\">https:\/\/colnect.com\/stamps\/stamp\/419600<\/a><\/p>","protected":false},"excerpt":{"rendered":"<p>Simon Bolivar Pa\u00eds: Per\u00fa Serie: Personalities C\u00f3digo de cat\u00e1logo: Michel PE 139 Stamp Number PE 181 Yvert et Tellier PE 146 Stanley Gibbons PE 377 Bustamante PE 167 Temas: Generales | Oficiales Militares | Personajes Famosos | Personajes de la Independencia Fecha emisi\u00f3n: 1909-5-14 Colores: Inicie sesi\u00f3n para ver los detalles completos del art\u00edculo Marca &hellip;<\/p>\n<p class=\"read-more\"> <a class=\"thunk-readmore button\" href=\"https:\/\/filatelia.cuentista.es\/en\/product\/sello-venezuela-1909-bolivar-10-centimos-azul-usado\"> <span class=\"screen-reader-text\">Sello Venezuela 1909 &#8211; Bolivar &#8211; 10 C\u00e9ntimos Azul Usado<\/span>Read More<\/a><\/p>","protected":false},"featured_media":7586,"comment_status":"open","ping_status":"closed","template":"","meta":{"_acf_changed":false},"product_brand":[],"product_cat":[1610,20],"product_tag":[],"class_list":{"0":"post-7587","1":"product","2":"type-product","3":"status-publish","4":"has-post-thumbnail","6":"product_cat-venezuela","7":"product_cat-sellos-usados","8":"thunk-woo-product-list","9":"opn-qv-enable","10":"open-woo-hover-zoom","11":"open-single-product-tab-horizontal","12":"open-shadow-","13":"open-shadow-hover-","15":"first","16":"instock","17":"shipping-taxable","18":"purchasable","19":"product-type-simple"},"acf":[],"jetpack_sharing_enabled":true,"_links":{"self":[{"href":"https:\/\/filatelia.cuentista.es\/en\/wp-json\/wp\/v2\/product\/7587","targetHints":{"allow":["GET"]}}],"collection":[{"href":"https:\/\/filatelia.cuentista.es\/en\/wp-json\/wp\/v2\/product"}],"about":[{"href":"https:\/\/filatelia.cuentista.es\/en\/wp-json\/wp\/v2\/types\/product"}],"replies":[{"embeddable":true,"href":"https:\/\/filatelia.cuentista.es\/en\/wp-json\/wp\/v2\/comments?post=7587"}],"wp:featuredmedia":[{"embeddable":true,"href":"https:\/\/filatelia.cuentista.es\/en\/wp-json\/wp\/v2\/media\/7586"}],"wp:attachment":[{"href":"https:\/\/filatelia.cuentista.es\/en\/wp-json\/wp\/v2\/media?parent=7587"}],"wp:term":[{"taxonomy":"product_brand","embeddable":true,"href":"https:\/\/filatelia.cuentista.es\/en\/wp-json\/wp\/v2\/product_brand?post=7587"},{"taxonomy":"product_cat","embeddable":true,"href":"https:\/\/filatelia.cuentista.es\/en\/wp-json\/wp\/v2\/product_cat?post=7587"},{"taxonomy":"product_tag","embeddable":true,"href":"https:\/\/filatelia.cuentista.es\/en\/wp-json\/wp\/v2\/product_tag?post=7587"}],"curies":[{"name":"wp","href":"https:\/\/api.w.org\/{rel}","templated":true}]}}