{"id":7575,"date":"2025-03-02T13:20:17","date_gmt":"2025-03-02T13:20:17","guid":{"rendered":"https:\/\/filatelia.cuentista.es\/product\/sello-venezuela-1948-flota-mercante-10-centimos-rojo-usado"},"modified":"2025-03-02T13:20:20","modified_gmt":"2025-03-02T13:20:20","slug":"sello-venezuela-1948-flota-mercante-10-centimos-rojo-usado","status":"publish","type":"product","link":"https:\/\/filatelia.cuentista.es\/en\/product\/sello-venezuela-1948-flota-mercante-10-centimos-rojo-usado","title":{"rendered":"Sello Venezuela 1948 &#8211; Flota Mercante  &#8211; 10 c\u00e9ntimos Rojo Usado"},"content":{"rendered":"<p>M.S. Republica de Venezuela<\/p>\n<p><img class=\"size-full\"><\/p>\n<p>Pa\u00eds:<\/p>\n<p>Inicie sesi\u00f3n para ver los detalles completos del art\u00edculo<\/p>\n<p>Serie:<\/p>\n<p>Founding of the Grand Colombian Merchant Fleet<\/p>\n<p>C\u00f3digo de cat\u00e1logo:<\/p>\n<p>Inicie sesi\u00f3n para ver los detalles completos del art\u00edculo<\/p>\n<p>Variantes:<\/p>\n<p>Click para ver variantes<\/p>\n<p>Temas:<\/p>\n<p>Barcos<\/p>\n<p>Fecha emisi\u00f3n:<\/p>\n<p>1948-07-09<\/p>\n<p>Tama\u00f1o:<\/p>\n<p>41.5 x 27 mm<\/p>\n<p>Colores:<\/p>\n<p>Rosa Carm\u00edn<\/p>\n<p>Impresores\/Imprentas:<\/p>\n<p>American Bank Note Co.<\/p>\n<p>Formato:<\/p>\n<p>Sello<\/p>\n<p>Emisi\u00f3n:<\/p>\n<p>Definitivo<\/p>\n<p>Perforaci\u00f3n:<\/p>\n<p>l\u00ednea12<\/p>\n<p>Impresi\u00f3n:<\/p>\n<p>Rebaje<\/p>\n<p>Valor facial:<\/p>\n<p>10 c &#8211; C\u00e9ntimo Venezolano<\/p>\n<p>Tiraje:<\/p>\n<p>6.000.000<\/p>\n<p>Puntuaci\u00f3n:<\/p>\n<p>14% Precisi\u00f3n: Muy alto<\/p>\n<p>Descripci\u00f3n:<\/p>\n<p>The Grand Colombian Merchant Fleet was a public limited company with public and private capital, formed by a group of ships and unarmed vessels dedicated to economic activities such as trade and the transport of goods, and initially, the transport of coffee. It was founded on June 8th, 1946 by the governments of Colombia, Ecuador and Venezuela. It was in operation until 1996, when it had to be liquidated.<\/p>\n<p><a href=\"https:\/\/colnect.com\/stamps\/stamp\/261118\">https:\/\/colnect.com\/stamps\/stamp\/261118<\/a><\/p>","protected":false},"excerpt":{"rendered":"<p>M.S. Republica de Venezuela Pa\u00eds: Inicie sesi\u00f3n para ver los detalles completos del art\u00edculo Serie: Founding of the Grand Colombian Merchant Fleet C\u00f3digo de cat\u00e1logo: Inicie sesi\u00f3n para ver los detalles completos del art\u00edculo Variantes: Click para ver variantes Temas: Barcos Fecha emisi\u00f3n: 1948-07-09 Tama\u00f1o: 41.5 x 27 mm Colores: Rosa Carm\u00edn Impresores\/Imprentas: American Bank &hellip;<\/p>\n<p class=\"read-more\"> <a class=\"thunk-readmore button\" href=\"https:\/\/filatelia.cuentista.es\/en\/product\/sello-venezuela-1948-flota-mercante-10-centimos-rojo-usado\"> <span class=\"screen-reader-text\">Sello Venezuela 1948 &#8211; Flota Mercante  &#8211; 10 c\u00e9ntimos Rojo Usado<\/span>Read More<\/a><\/p>","protected":false},"featured_media":7574,"comment_status":"open","ping_status":"closed","template":"","meta":{"_acf_changed":false},"product_brand":[],"product_cat":[1610,20],"product_tag":[],"class_list":{"0":"post-7575","1":"product","2":"type-product","3":"status-publish","4":"has-post-thumbnail","6":"product_cat-venezuela","7":"product_cat-sellos-usados","8":"thunk-woo-product-list","9":"opn-qv-enable","10":"open-woo-hover-zoom","11":"open-single-product-tab-horizontal","12":"open-shadow-","13":"open-shadow-hover-","15":"first","16":"instock","17":"shipping-taxable","18":"purchasable","19":"product-type-simple"},"acf":[],"jetpack_sharing_enabled":true,"_links":{"self":[{"href":"https:\/\/filatelia.cuentista.es\/en\/wp-json\/wp\/v2\/product\/7575","targetHints":{"allow":["GET"]}}],"collection":[{"href":"https:\/\/filatelia.cuentista.es\/en\/wp-json\/wp\/v2\/product"}],"about":[{"href":"https:\/\/filatelia.cuentista.es\/en\/wp-json\/wp\/v2\/types\/product"}],"replies":[{"embeddable":true,"href":"https:\/\/filatelia.cuentista.es\/en\/wp-json\/wp\/v2\/comments?post=7575"}],"wp:featuredmedia":[{"embeddable":true,"href":"https:\/\/filatelia.cuentista.es\/en\/wp-json\/wp\/v2\/media\/7574"}],"wp:attachment":[{"href":"https:\/\/filatelia.cuentista.es\/en\/wp-json\/wp\/v2\/media?parent=7575"}],"wp:term":[{"taxonomy":"product_brand","embeddable":true,"href":"https:\/\/filatelia.cuentista.es\/en\/wp-json\/wp\/v2\/product_brand?post=7575"},{"taxonomy":"product_cat","embeddable":true,"href":"https:\/\/filatelia.cuentista.es\/en\/wp-json\/wp\/v2\/product_cat?post=7575"},{"taxonomy":"product_tag","embeddable":true,"href":"https:\/\/filatelia.cuentista.es\/en\/wp-json\/wp\/v2\/product_tag?post=7575"}],"curies":[{"name":"wp","href":"https:\/\/api.w.org\/{rel}","templated":true}]}}