{"id":7567,"date":"2025-03-02T06:43:10","date_gmt":"2025-03-02T06:43:10","guid":{"rendered":"https:\/\/filatelia.cuentista.es\/product\/sello-venezuela-1943-estatua-simon-bolivar-en-caracas-40-centimos-usado"},"modified":"2025-03-02T06:43:13","modified_gmt":"2025-03-02T06:43:13","slug":"sello-venezuela-1943-estatua-simon-bolivar-en-caracas-40-centimos-usado","status":"publish","type":"product","link":"https:\/\/filatelia.cuentista.es\/en\/product\/sello-venezuela-1943-estatua-simon-bolivar-en-caracas-40-centimos-usado","title":{"rendered":"Sello Venezuela 1943 &#8211; Estatua Sim\u00f3n Bolivar en Caracas &#8211; 40 c\u00e9ntimos usado"},"content":{"rendered":"<p>Statue of Bolivar at Caracas<\/p>\n<p><img class=\"size-full\"><\/p>\n<p>Pa\u00eds:<\/p>\n<p>Venezuela<\/p>\n<p>Serie:<\/p>\n<p>Sim\u00f3n Bolivar, 110th death Anniv.<\/p>\n<p>C\u00f3digo de cat\u00e1logo:<\/p>\n<p>Michel VE 357<\/p>\n<p>Stamp Number VE C150<\/p>\n<p>Yvert et Tellier VE PA145<\/p>\n<p>Stanley Gibbons VE 633<\/p>\n<p>Variantes:<\/p>\n<p>Inicie sesi\u00f3n para ver los detalles completos del art\u00edculo<\/p>\n<p>Temas:<\/p>\n<p>Aniversarios y Jubileos | Aviones | Caballos | Estatuas | H\u00e9roes | Jefes de Estado | Luchadores por la Libertad | Personajes Famosos<\/p>\n<p>Fecha emisi\u00f3n:<\/p>\n<p>1943<\/p>\n<p>Tama\u00f1o:<\/p>\n<p>25 x 29 mm<\/p>\n<p>Colores:<\/p>\n<p>Marr\u00f3n Negro<\/p>\n<p>Impresores\/Imprentas:<\/p>\n<p>American Bank Note Co.<\/p>\n<p>Formato:<\/p>\n<p>Sello<\/p>\n<p>Emisi\u00f3n:<\/p>\n<p>Correo A\u00e9reo<\/p>\n<p>Perforaci\u00f3n:<\/p>\n<p>l\u00ednea12<\/p>\n<p>Impresi\u00f3n:<\/p>\n<p>Rebaje<\/p>\n<p>Valor facial:<\/p>\n<p>40 c &#8211; C\u00e9ntimo Venezolano<\/p>\n<p>Tiraje:<\/p>\n<p>1.500.000<\/p>\n<p>Puntuaci\u00f3n:<\/p>\n<p>30% Precisi\u00f3n: Alta<\/p>\n<p>Descripci\u00f3n:<\/p>\n<p>Simon Bolivar, is a bronze equestrian statue of Sim\u00f3n Bol\u00edvar by Adamo Tadolini. There are three casts which are located at the Plaza Bol\u00edvar in Lima, the Plaza Bol\u00edvar in Caracas and the United Nations Plaza in San Francisco, California. On 7 November 1874, the statue was inaugurated in the center of the Plaza Bol\u00edvar with the ringing of bells and a 21 gun salute.<\/p>\n<p><a href=\"https:\/\/colnect.com\/stamps\/stamp\/115451\">https:\/\/colnect.com\/stamps\/stamp\/115451<\/a><\/p>","protected":false},"excerpt":{"rendered":"<p>Statue of Bolivar at Caracas Pa\u00eds: Venezuela Serie: Sim\u00f3n Bolivar, 110th death Anniv. C\u00f3digo de cat\u00e1logo: Michel VE 357 Stamp Number VE C150 Yvert et Tellier VE PA145 Stanley Gibbons VE 633 Variantes: Inicie sesi\u00f3n para ver los detalles completos del art\u00edculo Temas: Aniversarios y Jubileos | Aviones | Caballos | Estatuas | H\u00e9roes | &hellip;<\/p>\n<p class=\"read-more\"> <a class=\"thunk-readmore button\" href=\"https:\/\/filatelia.cuentista.es\/en\/product\/sello-venezuela-1943-estatua-simon-bolivar-en-caracas-40-centimos-usado\"> <span class=\"screen-reader-text\">Sello Venezuela 1943 &#8211; Estatua Sim\u00f3n Bolivar en Caracas &#8211; 40 c\u00e9ntimos usado<\/span>Read More<\/a><\/p>","protected":false},"featured_media":7566,"comment_status":"open","ping_status":"closed","template":"","meta":{"_acf_changed":false},"product_brand":[],"product_cat":[1610,20],"product_tag":[],"class_list":{"0":"post-7567","1":"product","2":"type-product","3":"status-publish","4":"has-post-thumbnail","6":"product_cat-venezuela","7":"product_cat-sellos-usados","8":"thunk-woo-product-list","9":"opn-qv-enable","10":"open-woo-hover-zoom","11":"open-single-product-tab-horizontal","12":"open-shadow-","13":"open-shadow-hover-","15":"first","16":"instock","17":"shipping-taxable","18":"purchasable","19":"product-type-simple"},"acf":[],"jetpack_sharing_enabled":true,"_links":{"self":[{"href":"https:\/\/filatelia.cuentista.es\/en\/wp-json\/wp\/v2\/product\/7567","targetHints":{"allow":["GET"]}}],"collection":[{"href":"https:\/\/filatelia.cuentista.es\/en\/wp-json\/wp\/v2\/product"}],"about":[{"href":"https:\/\/filatelia.cuentista.es\/en\/wp-json\/wp\/v2\/types\/product"}],"replies":[{"embeddable":true,"href":"https:\/\/filatelia.cuentista.es\/en\/wp-json\/wp\/v2\/comments?post=7567"}],"wp:featuredmedia":[{"embeddable":true,"href":"https:\/\/filatelia.cuentista.es\/en\/wp-json\/wp\/v2\/media\/7566"}],"wp:attachment":[{"href":"https:\/\/filatelia.cuentista.es\/en\/wp-json\/wp\/v2\/media?parent=7567"}],"wp:term":[{"taxonomy":"product_brand","embeddable":true,"href":"https:\/\/filatelia.cuentista.es\/en\/wp-json\/wp\/v2\/product_brand?post=7567"},{"taxonomy":"product_cat","embeddable":true,"href":"https:\/\/filatelia.cuentista.es\/en\/wp-json\/wp\/v2\/product_cat?post=7567"},{"taxonomy":"product_tag","embeddable":true,"href":"https:\/\/filatelia.cuentista.es\/en\/wp-json\/wp\/v2\/product_tag?post=7567"}],"curies":[{"name":"wp","href":"https:\/\/api.w.org\/{rel}","templated":true}]}}