{"id":7549,"date":"2025-02-22T19:48:33","date_gmt":"2025-02-22T19:48:33","guid":{"rendered":"https:\/\/filatelia.cuentista.es\/?post_type=product&#038;p=7549"},"modified":"2025-02-22T19:53:01","modified_gmt":"2025-02-22T19:53:01","slug":"sello-venezuela-national-pantheon-005-bolivares-usados-2-2-2","status":"publish","type":"product","link":"https:\/\/filatelia.cuentista.es\/en\/product\/sello-venezuela-national-pantheon-005-bolivares-usados-2-2-2","title":{"rendered":"Sello Venezuela &#8211; National Pantheon &#8211; 0,40 Bol\u00edvares Usados"},"content":{"rendered":"<p>National Pantheon, Caracas<\/p>\n<p><img class=\"size-full\"><\/p>\n<p>Pa\u00eds:<\/p>\n<p>Venezuela<\/p>\n<p>Serie:<\/p>\n<p>National Pantheon<\/p>\n<p>C\u00f3digo de cat\u00e1logo:<\/p>\n<p>Michel VE 1322<\/p>\n<p>Stamp Number VE C727<\/p>\n<p>Yvert et Tellier VE PA693<\/p>\n<p>Stanley Gibbons VE 1600<\/p>\n<p>Temas:<\/p>\n<p>Edificios | Monumentos | \u00c1rboles<\/p>\n<p>Fecha emisi\u00f3n:<\/p>\n<p>1960-05-09<\/p>\n<p>Tama\u00f1o:<\/p>\n<p>27 x 32 mm<\/p>\n<p>Colores:<\/p>\n<p>Oliva Amarillo | Verde suave<\/p>\n<p>Impresores\/Imprentas:<\/p>\n<p>Bundesdruckerei Berlin<\/p>\n<p>Formato:<\/p>\n<p>Sello<\/p>\n<p>Emisi\u00f3n:<\/p>\n<p>Correo A\u00e9reo<\/p>\n<p>Perforaci\u00f3n:<\/p>\n<p>peine14<\/p>\n<p>Impresi\u00f3n:<\/p>\n<p>Litograf\u00eda offset<\/p>\n<p>Valor facial:<\/p>\n<p>0,40 Bs. &#8211; Bol\u00edvar Venezolano<\/p>\n<p>Tiraje:<\/p>\n<p>2.000.000<\/p>\n<p>Puntuaci\u00f3n:<\/p>\n<p>15% Precisi\u00f3n: Alta<\/p>\n<p>Descripci\u00f3n:<\/p>\n<p>Impreso en hojas de 100 sellos.<\/p>\n<p>El Pante\u00f3n Nacional de Venezuela es el lugar de descanso final de los h\u00e9roes nacionales. El Pante\u00f3n fue creado en la d\u00e9cada de 1870 en el sitio de las ruinas de la iglesia Sant\u00edsima Trinidad de 1744 en el extremo norte del casco antiguo de Caracas, Venezuela.<\/p>\n<p><a href=\"https:\/\/colnect.com\/stamps\/stamp\/475750\">https:\/\/colnect.com\/stamps\/stamp\/475750<\/a><\/p>","protected":false},"excerpt":{"rendered":"<p>National Pantheon, Caracas Pa\u00eds: Venezuela Serie: National Pantheon C\u00f3digo de cat\u00e1logo: Michel VE 1322 Stamp Number VE C727 Yvert et Tellier VE PA693 Stanley Gibbons VE 1600 Temas: Edificios | Monumentos | \u00c1rboles Fecha emisi\u00f3n: 1960-05-09 Tama\u00f1o: 27 x 32 mm Colores: Oliva Amarillo | Verde suave Impresores\/Imprentas: Bundesdruckerei Berlin Formato: Sello Emisi\u00f3n: Correo A\u00e9reo &hellip;<\/p>\n<p class=\"read-more\"> <a class=\"thunk-readmore button\" href=\"https:\/\/filatelia.cuentista.es\/en\/product\/sello-venezuela-national-pantheon-005-bolivares-usados-2-2-2\"> <span class=\"screen-reader-text\">Sello Venezuela &#8211; National Pantheon &#8211; 0,40 Bol\u00edvares Usados<\/span>Read More<\/a><\/p>","protected":false},"featured_media":7550,"comment_status":"open","ping_status":"closed","template":"","meta":{"_acf_changed":false},"product_brand":[],"product_cat":[1610,20],"product_tag":[],"class_list":{"0":"post-7549","1":"product","2":"type-product","3":"status-publish","4":"has-post-thumbnail","6":"product_cat-venezuela","7":"product_cat-sellos-usados","8":"thunk-woo-product-list","9":"opn-qv-enable","10":"open-woo-hover-zoom","11":"open-single-product-tab-horizontal","12":"open-shadow-","13":"open-shadow-hover-","15":"first","16":"instock","17":"shipping-taxable","18":"purchasable","19":"product-type-simple"},"acf":[],"jetpack_sharing_enabled":true,"_links":{"self":[{"href":"https:\/\/filatelia.cuentista.es\/en\/wp-json\/wp\/v2\/product\/7549","targetHints":{"allow":["GET"]}}],"collection":[{"href":"https:\/\/filatelia.cuentista.es\/en\/wp-json\/wp\/v2\/product"}],"about":[{"href":"https:\/\/filatelia.cuentista.es\/en\/wp-json\/wp\/v2\/types\/product"}],"replies":[{"embeddable":true,"href":"https:\/\/filatelia.cuentista.es\/en\/wp-json\/wp\/v2\/comments?post=7549"}],"wp:featuredmedia":[{"embeddable":true,"href":"https:\/\/filatelia.cuentista.es\/en\/wp-json\/wp\/v2\/media\/7550"}],"wp:attachment":[{"href":"https:\/\/filatelia.cuentista.es\/en\/wp-json\/wp\/v2\/media?parent=7549"}],"wp:term":[{"taxonomy":"product_brand","embeddable":true,"href":"https:\/\/filatelia.cuentista.es\/en\/wp-json\/wp\/v2\/product_brand?post=7549"},{"taxonomy":"product_cat","embeddable":true,"href":"https:\/\/filatelia.cuentista.es\/en\/wp-json\/wp\/v2\/product_cat?post=7549"},{"taxonomy":"product_tag","embeddable":true,"href":"https:\/\/filatelia.cuentista.es\/en\/wp-json\/wp\/v2\/product_tag?post=7549"}],"curies":[{"name":"wp","href":"https:\/\/api.w.org\/{rel}","templated":true}]}}