{"id":7538,"date":"2025-02-22T17:52:36","date_gmt":"2025-02-22T17:52:36","guid":{"rendered":"https:\/\/filatelia.cuentista.es\/product\/sello-venezuela-1960-alejandro-de-humboldt-0-05-bolivares-usado"},"modified":"2025-02-22T18:09:06","modified_gmt":"2025-02-22T18:09:06","slug":"sello-venezuela-1960-alejandro-de-humboldt-0-05-bolivares-usado","status":"publish","type":"product","link":"https:\/\/filatelia.cuentista.es\/en\/product\/sello-venezuela-1960-alejandro-de-humboldt-0-05-bolivares-usado","title":{"rendered":"Sello Venezuela 1960 &#8211; Alejandro de Humboldt &#8211; 0.05 Bolivares Usado"},"content":{"rendered":"<p>Alexander von Humboldt (1769-1859) geographer and naturalist<\/p>\n<p><img class=\"size-full\"><\/p>\n<p>Pa\u00eds:<\/p>\n<p>Venezuela<\/p>\n<p>Serie:<\/p>\n<p>Alexander von Humboldt, death Cent.<\/p>\n<p>C\u00f3digo de cat\u00e1logo:<\/p>\n<p>Michel VE 1298<\/p>\n<p>Stamp Number VE 743<\/p>\n<p>Yvert et Tellier VE 597<\/p>\n<p>Stanley Gibbons VE 1576<\/p>\n<p>Temas:<\/p>\n<p>Exploradores | Ge\u00f3grafos | Matem\u00e1ticos| Naturalistas<\/p>\n<p>Fecha emisi\u00f3n:<\/p>\n<p>1960-02-09<\/p>\n<p>Colores:<\/p>\n<p>Oliva | Verde<\/p>\n<p>Impresores\/Imprentas:<\/p>\n<p>Bundesdruckerei Berlin<\/p>\n<p>Formato:<\/p>\n<p>Sello<\/p>\n<p>Emisi\u00f3n:<\/p>\n<p>Conmemorativo<\/p>\n<p>Perforaci\u00f3n:<\/p>\n<p>peine14<\/p>\n<p>Impresi\u00f3n:<\/p>\n<p>Rebaje<\/p>\n<p>Valor facial:<\/p>\n<p>0,05 Bs. &#8211; Bol\u00edvar Venezolano<\/p>\n<p>Tiraje:<\/p>\n<p>200.000<\/p>\n<p>Puntuaci\u00f3n:<\/p>\n<p>32% Precisi\u00f3n: Alta<\/p>\n<p>Descripci\u00f3n:<\/p>\n<p>Impreso en hojas de 100 sellos.<\/p>\n<p>Friedrich Wilhelm Heinrich Alexander von Humboldt (14 September 1769 \u2013 6 May 1859) was a German polymath, geographer, naturalist, explorer, and proponent of Romantic philosophy and science. Humboldt&#8217;s quantitative work on botanical geography laid the foundation for the field of biogeography. Humboldt&#8217;s advocacy of long-term systematic geophysical measurement laid the foundation for modern geomagnetic and meteorological monitoring.<\/p>\n<p><a href=\"https:\/\/colnect.com\/stamps\/stamp\/149010\">https:\/\/colnect.com\/stamps\/stamp\/149010<\/a><\/p>","protected":false},"excerpt":{"rendered":"<p>Alexander von Humboldt (1769-1859) geographer and naturalist Pa\u00eds: Venezuela Serie: Alexander von Humboldt, death Cent. C\u00f3digo de cat\u00e1logo: Michel VE 1298 Stamp Number VE 743 Yvert et Tellier VE 597 Stanley Gibbons VE 1576 Temas: Exploradores | Ge\u00f3grafos | Matem\u00e1ticos| Naturalistas Fecha emisi\u00f3n: 1960-02-09 Colores: Oliva | Verde Impresores\/Imprentas: Bundesdruckerei Berlin Formato: Sello Emisi\u00f3n: Conmemorativo &hellip;<\/p>\n<p class=\"read-more\"> <a class=\"thunk-readmore button\" href=\"https:\/\/filatelia.cuentista.es\/en\/product\/sello-venezuela-1960-alejandro-de-humboldt-0-05-bolivares-usado\"> <span class=\"screen-reader-text\">Sello Venezuela 1960 &#8211; Alejandro de Humboldt &#8211; 0.05 Bolivares Usado<\/span>Read More<\/a><\/p>","protected":false},"featured_media":7537,"comment_status":"open","ping_status":"closed","template":"","meta":{"_acf_changed":false},"product_brand":[],"product_cat":[1610,20],"product_tag":[],"class_list":{"0":"post-7538","1":"product","2":"type-product","3":"status-publish","4":"has-post-thumbnail","6":"product_cat-venezuela","7":"product_cat-sellos-usados","8":"thunk-woo-product-list","9":"opn-qv-enable","10":"open-woo-hover-zoom","11":"open-single-product-tab-horizontal","12":"open-shadow-","13":"open-shadow-hover-","15":"first","16":"instock","17":"shipping-taxable","18":"purchasable","19":"product-type-simple"},"acf":[],"jetpack_sharing_enabled":true,"_links":{"self":[{"href":"https:\/\/filatelia.cuentista.es\/en\/wp-json\/wp\/v2\/product\/7538","targetHints":{"allow":["GET"]}}],"collection":[{"href":"https:\/\/filatelia.cuentista.es\/en\/wp-json\/wp\/v2\/product"}],"about":[{"href":"https:\/\/filatelia.cuentista.es\/en\/wp-json\/wp\/v2\/types\/product"}],"replies":[{"embeddable":true,"href":"https:\/\/filatelia.cuentista.es\/en\/wp-json\/wp\/v2\/comments?post=7538"}],"wp:featuredmedia":[{"embeddable":true,"href":"https:\/\/filatelia.cuentista.es\/en\/wp-json\/wp\/v2\/media\/7537"}],"wp:attachment":[{"href":"https:\/\/filatelia.cuentista.es\/en\/wp-json\/wp\/v2\/media?parent=7538"}],"wp:term":[{"taxonomy":"product_brand","embeddable":true,"href":"https:\/\/filatelia.cuentista.es\/en\/wp-json\/wp\/v2\/product_brand?post=7538"},{"taxonomy":"product_cat","embeddable":true,"href":"https:\/\/filatelia.cuentista.es\/en\/wp-json\/wp\/v2\/product_cat?post=7538"},{"taxonomy":"product_tag","embeddable":true,"href":"https:\/\/filatelia.cuentista.es\/en\/wp-json\/wp\/v2\/product_tag?post=7538"}],"curies":[{"name":"wp","href":"https:\/\/api.w.org\/{rel}","templated":true}]}}