{"id":7536,"date":"2025-02-22T17:37:00","date_gmt":"2025-02-22T17:37:00","guid":{"rendered":"https:\/\/filatelia.cuentista.es\/product\/sello-venezuela-1966-simon-bolivar-por-autor-anonimo-010-bolivares-usado"},"modified":"2025-02-22T17:37:04","modified_gmt":"2025-02-22T17:37:04","slug":"sello-venezuela-1966-simon-bolivar-por-autor-anonimo-010-bolivares-usado","status":"publish","type":"product","link":"https:\/\/filatelia.cuentista.es\/en\/product\/sello-venezuela-1966-simon-bolivar-por-autor-anonimo-010-bolivares-usado","title":{"rendered":"Sello Venezuela 1966 &#8211; Sim\u00f3n Bolivar por Autor An\u00f3nimo &#8211; 0,10 Bolivares Usado"},"content":{"rendered":"<p>Unknown painter : Simon Bolivar<\/p>\n<p><img class=\"size-full\"><\/p>\n<p>Pa\u00eds:<\/p>\n<p>Venezuela<\/p>\n<p>Serie:<\/p>\n<p>Simon Bolivar on Paintings<\/p>\n<p>C\u00f3digo de cat\u00e1logo:<\/p>\n<p>Michel VE 1683<\/p>\n<p>Stamp Number VE C937<\/p>\n<p>Yvert et Tellier VE PA895<\/p>\n<p>Stanley Gibbons VE 1970<\/p>\n<p>Variantes:<\/p>\n<p>Click para ver variantes<\/p>\n<p>Temas:<\/p>\n<p>Arte | Hombres | H\u00e9roes | Jefes de Estado | Luchadores por la Libertad | Personajes Famosos | Personajes de la Independencia | Pinturas<\/p>\n<p>Fecha emisi\u00f3n:<\/p>\n<p>1966-08-15<\/p>\n<p>Tama\u00f1o:<\/p>\n<p>27 x 32 mm<\/p>\n<p>Colores:<\/p>\n<p>Multicolor<\/p>\n<p>Impresores\/Imprentas:<\/p>\n<p>Bundesdruckerei Berlin<\/p>\n<p>Formato:<\/p>\n<p>Sello<\/p>\n<p>Emisi\u00f3n:<\/p>\n<p>Correo A\u00e9reo<\/p>\n<p>Perforaci\u00f3n:<\/p>\n<p>peine14<\/p>\n<p>Impresi\u00f3n:<\/p>\n<p>Litograf\u00eda offset<\/p>\n<p>Papel:<\/p>\n<p>ordinary or fluorescent<\/p>\n<p>Valor facial:<\/p>\n<p>0,05 Bs. &#8211; Bol\u00edvar Venezolano<\/p>\n<p>Tiraje:<\/p>\n<p>6.450.000<\/p>\n<p><a href=\"https:\/\/colnect.com\/stamps\/stamp\/271865\">https:\/\/colnect.com\/stamps\/stamp\/271865<\/a><\/p>","protected":false},"excerpt":{"rendered":"<p>Unknown painter : Simon Bolivar Pa\u00eds: Venezuela Serie: Simon Bolivar on Paintings C\u00f3digo de cat\u00e1logo: Michel VE 1683 Stamp Number VE C937 Yvert et Tellier VE PA895 Stanley Gibbons VE 1970 Variantes: Click para ver variantes Temas: Arte | Hombres | H\u00e9roes | Jefes de Estado | Luchadores por la Libertad | Personajes Famosos | &hellip;<\/p>\n<p class=\"read-more\"> <a class=\"thunk-readmore button\" href=\"https:\/\/filatelia.cuentista.es\/en\/product\/sello-venezuela-1966-simon-bolivar-por-autor-anonimo-010-bolivares-usado\"> <span class=\"screen-reader-text\">Sello Venezuela 1966 &#8211; Sim\u00f3n Bolivar por Autor An\u00f3nimo &#8211; 0,10 Bolivares Usado<\/span>Read More<\/a><\/p>","protected":false},"featured_media":7535,"comment_status":"open","ping_status":"closed","template":"","meta":{"_acf_changed":false},"product_brand":[],"product_cat":[1610,20],"product_tag":[],"class_list":{"0":"post-7536","1":"product","2":"type-product","3":"status-publish","4":"has-post-thumbnail","6":"product_cat-venezuela","7":"product_cat-sellos-usados","8":"thunk-woo-product-list","9":"opn-qv-enable","10":"open-woo-hover-zoom","11":"open-single-product-tab-horizontal","12":"open-shadow-","13":"open-shadow-hover-","15":"first","16":"instock","17":"shipping-taxable","18":"purchasable","19":"product-type-simple"},"acf":[],"jetpack_sharing_enabled":true,"_links":{"self":[{"href":"https:\/\/filatelia.cuentista.es\/en\/wp-json\/wp\/v2\/product\/7536","targetHints":{"allow":["GET"]}}],"collection":[{"href":"https:\/\/filatelia.cuentista.es\/en\/wp-json\/wp\/v2\/product"}],"about":[{"href":"https:\/\/filatelia.cuentista.es\/en\/wp-json\/wp\/v2\/types\/product"}],"replies":[{"embeddable":true,"href":"https:\/\/filatelia.cuentista.es\/en\/wp-json\/wp\/v2\/comments?post=7536"}],"wp:featuredmedia":[{"embeddable":true,"href":"https:\/\/filatelia.cuentista.es\/en\/wp-json\/wp\/v2\/media\/7535"}],"wp:attachment":[{"href":"https:\/\/filatelia.cuentista.es\/en\/wp-json\/wp\/v2\/media?parent=7536"}],"wp:term":[{"taxonomy":"product_brand","embeddable":true,"href":"https:\/\/filatelia.cuentista.es\/en\/wp-json\/wp\/v2\/product_brand?post=7536"},{"taxonomy":"product_cat","embeddable":true,"href":"https:\/\/filatelia.cuentista.es\/en\/wp-json\/wp\/v2\/product_cat?post=7536"},{"taxonomy":"product_tag","embeddable":true,"href":"https:\/\/filatelia.cuentista.es\/en\/wp-json\/wp\/v2\/product_tag?post=7536"}],"curies":[{"name":"wp","href":"https:\/\/api.w.org\/{rel}","templated":true}]}}