{"id":7528,"date":"2025-02-20T03:44:03","date_gmt":"2025-02-20T03:44:03","guid":{"rendered":"https:\/\/filatelia.cuentista.es\/product\/sello-venezuela-1966-bolivar-por-jose-gil-de-castro-03-bolivares-usado-aereo"},"modified":"2025-02-20T03:44:06","modified_gmt":"2025-02-20T03:44:06","slug":"sello-venezuela-1966-bolivar-por-jose-gil-de-castro-03-bolivares-usado-aereo","status":"publish","type":"product","link":"https:\/\/filatelia.cuentista.es\/en\/product\/sello-venezuela-1966-bolivar-por-jose-gil-de-castro-03-bolivares-usado-aereo","title":{"rendered":"Sello Venezuela 1966- Bolivar por Jos\u00e9 Gil De Castro &#8211; 0,3 Bol\u00edvares Usado A\u00e9reo"},"content":{"rendered":"<p>Simon Bolivar<\/p>\n<p><img class=\"size-full\"><\/p>\n<p>Pa\u00eds:<\/p>\n<p>Venezuela<\/p>\n<p>Serie:<\/p>\n<p>Simon Bolivar on Paintings<\/p>\n<p>C\u00f3digo de cat\u00e1logo:<\/p>\n<p>Michel VE 1687<\/p>\n<p>Stamp Number VE C941<\/p>\n<p>Yvert et Tellier VE PA899<\/p>\n<p>Stanley Gibbons VE 1974<\/p>\n<p>Variantes:<\/p>\n<p>Click para ver variantes<\/p>\n<p>Temas:<\/p>\n<p>Arte | Hombres | H\u00e9roes | Jefes de Estado | Luchadores por la Libertad | Personajes Famosos | Personajes de la Independencia | Pinturas<\/p>\n<p>Fecha emisi\u00f3n:<\/p>\n<p>1966-08-29<\/p>\n<p>Tama\u00f1o:<\/p>\n<p>27 x 32 mm<\/p>\n<p>Colores:<\/p>\n<p>Multicolor<\/p>\n<p>Impresores\/Imprentas:<\/p>\n<p>Bundesdruckerei Berlin<\/p>\n<p>Formato:<\/p>\n<p>Sello<\/p>\n<p>Emisi\u00f3n:<\/p>\n<p>Correo A\u00e9reo<\/p>\n<p>Perforaci\u00f3n:<\/p>\n<p>peine14<\/p>\n<p>Impresi\u00f3n:<\/p>\n<p>Litograf\u00eda offset<\/p>\n<p>Papel:<\/p>\n<p>ordinary or fluorescent<\/p>\n<p>Valor facial:<\/p>\n<p>0,30 Bs. &#8211; Bol\u00edvar Venezolano<\/p>\n<p>Tiraje:<\/p>\n<p>15.000.000<\/p>\n<p>Puntuaci\u00f3n:<\/p>\n<p>5% Precisi\u00f3n: Muy alto<\/p>\n<p>Art\u00edculos relacionados:<\/p>\n<p>Producto Filat\u00e9lico (relacionado): Iconography of Simon Bolivar (Venezuela, Venezuela)<\/p>\n<p>Descripci\u00f3n:<\/p>\n<p>Inscrito \u00abBundesdruckerei Berlin 1966\u00bb.<\/p>\n<p>Impreso en hojas de 100 sellos.<\/p>\n<p>Painting by Jos\u00e9 Gil de Castro.<\/p>\n<p><a href=\"https:\/\/colnect.com\/stamps\/stamp\/289245\">https:\/\/colnect.com\/stamps\/stamp\/289245<\/a><\/p>","protected":false},"excerpt":{"rendered":"<p>Simon Bolivar Pa\u00eds: Venezuela Serie: Simon Bolivar on Paintings C\u00f3digo de cat\u00e1logo: Michel VE 1687 Stamp Number VE C941 Yvert et Tellier VE PA899 Stanley Gibbons VE 1974 Variantes: Click para ver variantes Temas: Arte | Hombres | H\u00e9roes | Jefes de Estado | Luchadores por la Libertad | Personajes Famosos | Personajes de la &hellip;<\/p>\n<p class=\"read-more\"> <a class=\"thunk-readmore button\" href=\"https:\/\/filatelia.cuentista.es\/en\/product\/sello-venezuela-1966-bolivar-por-jose-gil-de-castro-03-bolivares-usado-aereo\"> <span class=\"screen-reader-text\">Sello Venezuela 1966- Bolivar por Jos\u00e9 Gil De Castro &#8211; 0,3 Bol\u00edvares Usado A\u00e9reo<\/span>Read More<\/a><\/p>","protected":false},"featured_media":7527,"comment_status":"open","ping_status":"closed","template":"","meta":{"_acf_changed":false},"product_brand":[],"product_cat":[815,1610,20],"product_tag":[],"class_list":{"0":"post-7528","1":"product","2":"type-product","3":"status-publish","4":"has-post-thumbnail","6":"product_cat-correo-aereo","7":"product_cat-venezuela","8":"product_cat-sellos-usados","9":"thunk-woo-product-list","10":"opn-qv-enable","11":"open-woo-hover-zoom","12":"open-single-product-tab-horizontal","13":"open-shadow-","14":"open-shadow-hover-","16":"first","17":"instock","18":"shipping-taxable","19":"purchasable","20":"product-type-simple"},"acf":[],"jetpack_sharing_enabled":true,"_links":{"self":[{"href":"https:\/\/filatelia.cuentista.es\/en\/wp-json\/wp\/v2\/product\/7528","targetHints":{"allow":["GET"]}}],"collection":[{"href":"https:\/\/filatelia.cuentista.es\/en\/wp-json\/wp\/v2\/product"}],"about":[{"href":"https:\/\/filatelia.cuentista.es\/en\/wp-json\/wp\/v2\/types\/product"}],"replies":[{"embeddable":true,"href":"https:\/\/filatelia.cuentista.es\/en\/wp-json\/wp\/v2\/comments?post=7528"}],"wp:featuredmedia":[{"embeddable":true,"href":"https:\/\/filatelia.cuentista.es\/en\/wp-json\/wp\/v2\/media\/7527"}],"wp:attachment":[{"href":"https:\/\/filatelia.cuentista.es\/en\/wp-json\/wp\/v2\/media?parent=7528"}],"wp:term":[{"taxonomy":"product_brand","embeddable":true,"href":"https:\/\/filatelia.cuentista.es\/en\/wp-json\/wp\/v2\/product_brand?post=7528"},{"taxonomy":"product_cat","embeddable":true,"href":"https:\/\/filatelia.cuentista.es\/en\/wp-json\/wp\/v2\/product_cat?post=7528"},{"taxonomy":"product_tag","embeddable":true,"href":"https:\/\/filatelia.cuentista.es\/en\/wp-json\/wp\/v2\/product_tag?post=7528"}],"curies":[{"name":"wp","href":"https:\/\/api.w.org\/{rel}","templated":true}]}}