{"id":7525,"date":"2025-02-19T04:51:33","date_gmt":"2025-02-19T04:51:33","guid":{"rendered":"https:\/\/filatelia.cuentista.es\/?post_type=product&#038;p=7525"},"modified":"2025-02-19T04:52:24","modified_gmt":"2025-02-19T04:52:24","slug":"sello-venezuela-1961-censo-040-usado-aereo-2","status":"publish","type":"product","link":"https:\/\/filatelia.cuentista.es\/en\/product\/sello-venezuela-1961-censo-040-usado-aereo-2","title":{"rendered":"Sello Venezuela 1961 &#8211; Censo &#8211; 0,40 Usado A\u00e9reo"},"content":{"rendered":"<p>Animals head, ear of wheat and people<\/p>\n<p><img class=\"size-full\"><\/p>\n<p>Pa\u00eds:<\/p>\n<p>Venezuela<\/p>\n<p>Serie:<\/p>\n<p>9th Population Census and 3rd Farming Census<\/p>\n<p>C\u00f3digo de cat\u00e1logo:<\/p>\n<p>Michel VE 1395<\/p>\n<p>Stamp Number VE C759<\/p>\n<p>Yvert et Tellier VE PA730A<\/p>\n<p>Stanley Gibbons VE 1673<\/p>\n<p>Temas:<\/p>\n<p>Animales Estilizados | Censo de la poblaci\u00f3n | Personas\/Figuras Estilizadas<\/p>\n<p>Fecha emisi\u00f3n:<\/p>\n<p>1961-04-06<\/p>\n<p>Tama\u00f1o:<\/p>\n<p>28 x 33 mm<\/p>\n<p>Colores:<\/p>\n<p>Azul Gris | Negro<\/p>\n<p>Impresores\/Imprentas:<\/p>\n<p>Bundesdruckerei Berlin<\/p>\n<p>Formato:<\/p>\n<p>Sello<\/p>\n<p>Emisi\u00f3n:<\/p>\n<p>Correo A\u00e9reo<\/p>\n<p>Perforaci\u00f3n:<\/p>\n<p>14<\/p>\n<p>Impresi\u00f3n:<\/p>\n<p>Litograf\u00eda offset<\/p>\n<p>Valor facial:<\/p>\n<p>0,20 Bs. &#8211; Bol\u00edvar Venezolano<\/p>\n<p>Tiraje:<\/p>\n<p>1.000.000<\/p>\n<p>Puntuaci\u00f3n:<\/p>\n<p>24% Precisi\u00f3n: Alta<\/p>\n<p>Descripci\u00f3n:<\/p>\n<p>Impreso en hojas de 100 sellos.<\/p>\n<p><a href=\"https:\/\/colnect.com\/stamps\/stamp\/155223\">https:\/\/colnect.com\/stamps\/stamp\/155223<\/a><\/p>","protected":false},"excerpt":{"rendered":"<p>Animals head, ear of wheat and people Pa\u00eds: Venezuela Serie: 9th Population Census and 3rd Farming Census C\u00f3digo de cat\u00e1logo: Michel VE 1395 Stamp Number VE C759 Yvert et Tellier VE PA730A Stanley Gibbons VE 1673 Temas: Animales Estilizados | Censo de la poblaci\u00f3n | Personas\/Figuras Estilizadas Fecha emisi\u00f3n: 1961-04-06 Tama\u00f1o: 28 x 33 mm &hellip;<\/p>\n<p class=\"read-more\"> <a class=\"thunk-readmore button\" href=\"https:\/\/filatelia.cuentista.es\/en\/product\/sello-venezuela-1961-censo-040-usado-aereo-2\"> <span class=\"screen-reader-text\">Sello Venezuela 1961 &#8211; Censo &#8211; 0,40 Usado A\u00e9reo<\/span>Read More<\/a><\/p>","protected":false},"featured_media":7526,"comment_status":"open","ping_status":"closed","template":"","meta":{"_acf_changed":false},"product_brand":[],"product_cat":[815,1610,20],"product_tag":[],"class_list":{"0":"post-7525","1":"product","2":"type-product","3":"status-publish","4":"has-post-thumbnail","6":"product_cat-correo-aereo","7":"product_cat-venezuela","8":"product_cat-sellos-usados","9":"thunk-woo-product-list","10":"opn-qv-enable","11":"open-woo-hover-zoom","12":"open-single-product-tab-horizontal","13":"open-shadow-","14":"open-shadow-hover-","16":"first","17":"instock","18":"shipping-taxable","19":"purchasable","20":"product-type-simple"},"acf":[],"jetpack_sharing_enabled":true,"_links":{"self":[{"href":"https:\/\/filatelia.cuentista.es\/en\/wp-json\/wp\/v2\/product\/7525","targetHints":{"allow":["GET"]}}],"collection":[{"href":"https:\/\/filatelia.cuentista.es\/en\/wp-json\/wp\/v2\/product"}],"about":[{"href":"https:\/\/filatelia.cuentista.es\/en\/wp-json\/wp\/v2\/types\/product"}],"replies":[{"embeddable":true,"href":"https:\/\/filatelia.cuentista.es\/en\/wp-json\/wp\/v2\/comments?post=7525"}],"wp:featuredmedia":[{"embeddable":true,"href":"https:\/\/filatelia.cuentista.es\/en\/wp-json\/wp\/v2\/media\/7526"}],"wp:attachment":[{"href":"https:\/\/filatelia.cuentista.es\/en\/wp-json\/wp\/v2\/media?parent=7525"}],"wp:term":[{"taxonomy":"product_brand","embeddable":true,"href":"https:\/\/filatelia.cuentista.es\/en\/wp-json\/wp\/v2\/product_brand?post=7525"},{"taxonomy":"product_cat","embeddable":true,"href":"https:\/\/filatelia.cuentista.es\/en\/wp-json\/wp\/v2\/product_cat?post=7525"},{"taxonomy":"product_tag","embeddable":true,"href":"https:\/\/filatelia.cuentista.es\/en\/wp-json\/wp\/v2\/product_tag?post=7525"}],"curies":[{"name":"wp","href":"https:\/\/api.w.org\/{rel}","templated":true}]}}