{"id":7480,"date":"2025-02-15T14:27:00","date_gmt":"2025-02-15T14:27:00","guid":{"rendered":"https:\/\/filatelia.cuentista.es\/product\/pliego-sellos-manama-1972-paintings-of-sharaku-32-sellos-de-diversos-valores"},"modified":"2025-02-15T14:27:03","modified_gmt":"2025-02-15T14:27:03","slug":"pliego-sellos-manama-1972-paintings-of-sharaku-32-sellos-de-diversos-valores","status":"publish","type":"product","link":"https:\/\/filatelia.cuentista.es\/en\/product\/pliego-sellos-manama-1972-paintings-of-sharaku-32-sellos-de-diversos-valores","title":{"rendered":"Pliego Sellos Manama 1972  &#8211; Paintings of Sharaku &#8211; 32 sellos de diversos valores"},"content":{"rendered":"<p>Paitings of Toshusai Sharaku, Japanese Painter<\/p>\n<p><img class=\"size-full\"><\/p>\n<p>Pa\u00eds:<\/p>\n<p>Manama<\/p>\n<p>Serie:<\/p>\n<p>Paintings by Toshusai Sharaku<\/p>\n<p>C\u00f3digo de cat\u00e1logo:<\/p>\n<p>Michel AJ-MN 698A-713A<\/p>\n<p>Temas:<\/p>\n<p>Pinturas<\/p>\n<p>Fecha emisi\u00f3n:<\/p>\n<p>1972<\/p>\n<p>Tama\u00f1o:<\/p>\n<p>128 x 178 mm<\/p>\n<p>Colores:<\/p>\n<p>Multicolor<\/p>\n<p>Formato:<\/p>\n<p>Se-tenant (unidos entre s\u00ed)<\/p>\n<p>Emisi\u00f3n:<\/p>\n<p>Conmemorativo<\/p>\n<p>Perforaci\u00f3n:<\/p>\n<p>14\u00bd<\/p>\n<p>Impresi\u00f3n:<\/p>\n<p>Litograf\u00eda offset<\/p>\n<p>Valor facial:<\/p>\n<p>266 Dirhamr Qatar\u00ed<\/p>\n<p><a href=\"https:\/\/colnect.com\/stamps\/stamp\/706780\">https:\/\/colnect.com\/stamps\/stamp\/706780<\/a><\/p>","protected":false},"excerpt":{"rendered":"<p>Paitings of Toshusai Sharaku, Japanese Painter Pa\u00eds: Manama Serie: Paintings by Toshusai Sharaku C\u00f3digo de cat\u00e1logo: Michel AJ-MN 698A-713A Temas: Pinturas Fecha emisi\u00f3n: 1972 Tama\u00f1o: 128 x 178 mm Colores: Multicolor Formato: Se-tenant (unidos entre s\u00ed) Emisi\u00f3n: Conmemorativo Perforaci\u00f3n: 14\u00bd Impresi\u00f3n: Litograf\u00eda offset Valor facial: 266 Dirhamr Qatar\u00ed https:\/\/colnect.com\/stamps\/stamp\/706780<\/p>","protected":false},"featured_media":7479,"comment_status":"open","ping_status":"closed","template":"","meta":{"_acf_changed":false},"product_brand":[],"product_cat":[689,1514],"product_tag":[333,1604],"class_list":{"0":"post-7480","1":"product","2":"type-product","3":"status-publish","4":"has-post-thumbnail","6":"product_cat-manama","7":"product_cat-sello-nuevo-cancelado","8":"product_tag-pinturas","9":"product_tag-sharaku","10":"thunk-woo-product-list","11":"opn-qv-enable","12":"open-woo-hover-zoom","13":"open-single-product-tab-horizontal","14":"open-shadow-","15":"open-shadow-hover-","17":"first","18":"instock","19":"shipping-taxable","20":"purchasable","21":"product-type-simple"},"acf":[],"jetpack_sharing_enabled":true,"_links":{"self":[{"href":"https:\/\/filatelia.cuentista.es\/en\/wp-json\/wp\/v2\/product\/7480","targetHints":{"allow":["GET"]}}],"collection":[{"href":"https:\/\/filatelia.cuentista.es\/en\/wp-json\/wp\/v2\/product"}],"about":[{"href":"https:\/\/filatelia.cuentista.es\/en\/wp-json\/wp\/v2\/types\/product"}],"replies":[{"embeddable":true,"href":"https:\/\/filatelia.cuentista.es\/en\/wp-json\/wp\/v2\/comments?post=7480"}],"wp:featuredmedia":[{"embeddable":true,"href":"https:\/\/filatelia.cuentista.es\/en\/wp-json\/wp\/v2\/media\/7479"}],"wp:attachment":[{"href":"https:\/\/filatelia.cuentista.es\/en\/wp-json\/wp\/v2\/media?parent=7480"}],"wp:term":[{"taxonomy":"product_brand","embeddable":true,"href":"https:\/\/filatelia.cuentista.es\/en\/wp-json\/wp\/v2\/product_brand?post=7480"},{"taxonomy":"product_cat","embeddable":true,"href":"https:\/\/filatelia.cuentista.es\/en\/wp-json\/wp\/v2\/product_cat?post=7480"},{"taxonomy":"product_tag","embeddable":true,"href":"https:\/\/filatelia.cuentista.es\/en\/wp-json\/wp\/v2\/product_tag?post=7480"}],"curies":[{"name":"wp","href":"https:\/\/api.w.org\/{rel}","templated":true}]}}