{"id":7472,"date":"2025-02-15T13:30:54","date_gmt":"2025-02-15T13:30:54","guid":{"rendered":"https:\/\/filatelia.cuentista.es\/?post_type=product&#038;p=7472"},"modified":"2025-02-15T13:35:45","modified_gmt":"2025-02-15T13:35:45","slug":"semipliego-sellos-hungria-1986-halley-dinosaurio-y-satelite-2-florines-2-2","status":"publish","type":"product","link":"https:\/\/filatelia.cuentista.es\/en\/product\/semipliego-sellos-hungria-1986-halley-dinosaurio-y-satelite-2-florines-2-2","title":{"rendered":"Semipliego sellos Hungr\u00eda 1986 &#8211; Halley : Japanese Suisei &#8211; 2 Florines"},"content":{"rendered":"<p>Japanese Suisei and German engraving<\/p>\n<p><img class=\"size-full\"><\/p>\n<p>Pa\u00eds:<\/p>\n<p>Hungr\u00eda<\/p>\n<p>Serie:<\/p>\n<p>Halley&#8217;s Comet<\/p>\n<p>C\u00f3digo de cat\u00e1logo:<\/p>\n<p>Michel HU 3807A<\/p>\n<p>Stamp Number HU 2974<\/p>\n<p>Yvert et Tellier HU 3025<\/p>\n<p>Stanley Gibbons HU 3682<\/p>\n<p>AFA n\u00famero HU 3696<\/p>\n<p>Cat\u00e1logo Philatelia Hungarica HU 3762<\/p>\n<p>Tiene variantes menores: 1<\/p>\n<p>Temas:<\/p>\n<p>Cometas | Naves Espaciales | Sat\u00e9lites<\/p>\n<p>Fecha emisi\u00f3n:<\/p>\n<p>1986-02-14<\/p>\n<p>Tama\u00f1o:<\/p>\n<p>32 x 45 mm<\/p>\n<p>Colores:<\/p>\n<p>Multicolor<\/p>\n<p>Formato:<\/p>\n<p>Sello<\/p>\n<p>Emisi\u00f3n:<\/p>\n<p>Conmemorativo<\/p>\n<p>Perforaci\u00f3n:<\/p>\n<p>peine11\u00bd x 13\u00bc<\/p>\n<p>Impresi\u00f3n:<\/p>\n<p>Litograf\u00eda offset<\/p>\n<p>Valor facial:<\/p>\n<p>2 Ft &#8211; Flor\u00edn h\u00fangaro<\/p>\n<p>Tiraje:<\/p>\n<p>375.300<\/p>\n<p><a href=\"https:\/\/colnect.com\/stamps\/stamp\/1041626\">https:\/\/colnect.com\/stamps\/stamp\/1041626<\/a><\/p>","protected":false},"excerpt":{"rendered":"<p>Japanese Suisei and German engraving Pa\u00eds: Hungr\u00eda Serie: Halley&#8217;s Comet C\u00f3digo de cat\u00e1logo: Michel HU 3807A Stamp Number HU 2974 Yvert et Tellier HU 3025 Stanley Gibbons HU 3682 AFA n\u00famero HU 3696 Cat\u00e1logo Philatelia Hungarica HU 3762 Tiene variantes menores: 1 Temas: Cometas | Naves Espaciales | Sat\u00e9lites Fecha emisi\u00f3n: 1986-02-14 Tama\u00f1o: 32 x &hellip;<\/p>\n<p class=\"read-more\"> <a class=\"thunk-readmore button\" href=\"https:\/\/filatelia.cuentista.es\/en\/product\/semipliego-sellos-hungria-1986-halley-dinosaurio-y-satelite-2-florines-2-2\"> <span class=\"screen-reader-text\">Semipliego sellos Hungr\u00eda 1986 &#8211; Halley : Japanese Suisei &#8211; 2 Florines<\/span>Read More<\/a><\/p>","protected":false},"featured_media":7474,"comment_status":"open","ping_status":"closed","template":"","meta":{"_acf_changed":false},"product_brand":[],"product_cat":[745,1585,660,1514],"product_tag":[1601,1603,180,1602],"class_list":{"0":"post-7472","1":"product","2":"type-product","3":"status-publish","4":"has-post-thumbnail","6":"product_cat-bloque-pliego","7":"product_cat-hungria","8":"product_cat-pliego","9":"product_cat-sello-nuevo-cancelado","10":"product_tag-cometa","11":"product_tag-dinosaurio","12":"product_tag-espacio","13":"product_tag-halley","14":"thunk-woo-product-list","15":"opn-qv-enable","16":"open-woo-hover-zoom","17":"open-single-product-tab-horizontal","18":"open-shadow-","19":"open-shadow-hover-","21":"first","22":"instock","23":"shipping-taxable","24":"purchasable","25":"product-type-simple"},"acf":[],"jetpack_sharing_enabled":true,"_links":{"self":[{"href":"https:\/\/filatelia.cuentista.es\/en\/wp-json\/wp\/v2\/product\/7472","targetHints":{"allow":["GET"]}}],"collection":[{"href":"https:\/\/filatelia.cuentista.es\/en\/wp-json\/wp\/v2\/product"}],"about":[{"href":"https:\/\/filatelia.cuentista.es\/en\/wp-json\/wp\/v2\/types\/product"}],"replies":[{"embeddable":true,"href":"https:\/\/filatelia.cuentista.es\/en\/wp-json\/wp\/v2\/comments?post=7472"}],"wp:featuredmedia":[{"embeddable":true,"href":"https:\/\/filatelia.cuentista.es\/en\/wp-json\/wp\/v2\/media\/7474"}],"wp:attachment":[{"href":"https:\/\/filatelia.cuentista.es\/en\/wp-json\/wp\/v2\/media?parent=7472"}],"wp:term":[{"taxonomy":"product_brand","embeddable":true,"href":"https:\/\/filatelia.cuentista.es\/en\/wp-json\/wp\/v2\/product_brand?post=7472"},{"taxonomy":"product_cat","embeddable":true,"href":"https:\/\/filatelia.cuentista.es\/en\/wp-json\/wp\/v2\/product_cat?post=7472"},{"taxonomy":"product_tag","embeddable":true,"href":"https:\/\/filatelia.cuentista.es\/en\/wp-json\/wp\/v2\/product_tag?post=7472"}],"curies":[{"name":"wp","href":"https:\/\/api.w.org\/{rel}","templated":true}]}}