{"id":7463,"date":"2025-02-15T13:07:07","date_gmt":"2025-02-15T13:07:07","guid":{"rendered":"https:\/\/filatelia.cuentista.es\/?post_type=product&#038;p=7463"},"modified":"2025-02-15T13:10:49","modified_gmt":"2025-02-15T13:10:49","slug":"pliego-sellos-hungria-1983-globos-kotott-leggomb-25-valores-x-1-florin-2-2","status":"publish","type":"product","link":"https:\/\/filatelia.cuentista.es\/en\/product\/pliego-sellos-hungria-1983-globos-kotott-leggomb-25-valores-x-1-florin-2-2","title":{"rendered":"Copia de Pliego sellos Hungr\u00eda 1983 &#8211; Globos : L\u00e9gg\u00f6mb\u00fcld\u00f6z\u00e9si verseny &#8211; 25 valores x 2 Florines"},"content":{"rendered":"<p>Balloon Competition, 1904<\/p>\n<p><img class=\"size-full\"><\/p>\n<p>Pa\u00eds:<\/p>\n<p>Hungr\u00eda<\/p>\n<p>Serie:<\/p>\n<p>200 Years of Manned Flight<\/p>\n<p>C\u00f3digo de cat\u00e1logo:<\/p>\n<p>Michel HU 3602A<\/p>\n<p>Stamp Number HU C440<\/p>\n<p>Yvert et Tellier HU PA452<\/p>\n<p>Stanley Gibbons HU 3485<\/p>\n<p>AFA n\u00famero HU 3489<\/p>\n<p>Cat\u00e1logo Philatelia Hungarica HU 3565<\/p>\n<p>Unificato HU A501A<\/p>\n<p>Tiene variantes menores: 1<\/p>\n<p>Temas:<\/p>\n<p>Aviaci\u00f3n | Aviones | Coches | Globos Aerost\u00e1ticos | Veh\u00edculos<\/p>\n<p>Fecha emisi\u00f3n:<\/p>\n<p>1983-05-04<\/p>\n<p>Tama\u00f1o:<\/p>\n<p>38 x 53 mm<\/p>\n<p>Colores:<\/p>\n<p>Multicolor<\/p>\n<p>Marca de agua:<\/p>\n<p>Sin Marca de agua<\/p>\n<p>Dise\u00f1adores:<\/p>\n<p>Dud\u00e1s L\u00e1szl\u00f3<\/p>\n<p>Impresores\/Imprentas:<\/p>\n<p>State Printing Works, Moscow<\/p>\n<p>Formato:<\/p>\n<p>Sello<\/p>\n<p>Emisi\u00f3n:<\/p>\n<p>Correo A\u00e9reo<\/p>\n<p>Perforaci\u00f3n:<\/p>\n<p>peine12 x 11\u00bd<\/p>\n<p>Impresi\u00f3n:<\/p>\n<p>Fotograbado<\/p>\n<p>Valor facial:<\/p>\n<p>2 Ft &#8211; Flor\u00edn h\u00fangaro<\/p>\n<p>Tiraje:<\/p>\n<p>461.300<\/p>\n<p><a href=\"https:\/\/colnect.com\/stamps\/stamp\/152127\">https:\/\/colnect.com\/stamps\/stamp\/152127<\/a><\/p>","protected":false},"excerpt":{"rendered":"<p>Balloon Competition, 1904 Pa\u00eds: Hungr\u00eda Serie: 200 Years of Manned Flight C\u00f3digo de cat\u00e1logo: Michel HU 3602A Stamp Number HU C440 Yvert et Tellier HU PA452 Stanley Gibbons HU 3485 AFA n\u00famero HU 3489 Cat\u00e1logo Philatelia Hungarica HU 3565 Unificato HU A501A Tiene variantes menores: 1 Temas: Aviaci\u00f3n | Aviones | Coches | Globos Aerost\u00e1ticos &hellip;<\/p>\n<p class=\"read-more\"> <a class=\"thunk-readmore button\" href=\"https:\/\/filatelia.cuentista.es\/en\/product\/pliego-sellos-hungria-1983-globos-kotott-leggomb-25-valores-x-1-florin-2-2\"> <span class=\"screen-reader-text\">Copia de Pliego sellos Hungr\u00eda 1983 &#8211; Globos : L\u00e9gg\u00f6mb\u00fcld\u00f6z\u00e9si verseny &#8211; 25 valores x 2 Florines<\/span>Read More<\/a><\/p>","protected":false},"featured_media":7465,"comment_status":"open","ping_status":"closed","template":"","meta":{"_acf_changed":false},"product_brand":[],"product_cat":[1585,660,1514],"product_tag":[691,1263],"class_list":{"0":"post-7463","1":"product","2":"type-product","3":"status-publish","4":"has-post-thumbnail","6":"product_cat-hungria","7":"product_cat-pliego","8":"product_cat-sello-nuevo-cancelado","9":"product_tag-aero-filatelia","10":"product_tag-globo","11":"thunk-woo-product-list","12":"opn-qv-enable","13":"open-woo-hover-zoom","14":"open-single-product-tab-horizontal","15":"open-shadow-","16":"open-shadow-hover-","18":"first","19":"instock","20":"shipping-taxable","21":"purchasable","22":"product-type-simple"},"acf":[],"jetpack_sharing_enabled":true,"_links":{"self":[{"href":"https:\/\/filatelia.cuentista.es\/en\/wp-json\/wp\/v2\/product\/7463","targetHints":{"allow":["GET"]}}],"collection":[{"href":"https:\/\/filatelia.cuentista.es\/en\/wp-json\/wp\/v2\/product"}],"about":[{"href":"https:\/\/filatelia.cuentista.es\/en\/wp-json\/wp\/v2\/types\/product"}],"replies":[{"embeddable":true,"href":"https:\/\/filatelia.cuentista.es\/en\/wp-json\/wp\/v2\/comments?post=7463"}],"wp:featuredmedia":[{"embeddable":true,"href":"https:\/\/filatelia.cuentista.es\/en\/wp-json\/wp\/v2\/media\/7465"}],"wp:attachment":[{"href":"https:\/\/filatelia.cuentista.es\/en\/wp-json\/wp\/v2\/media?parent=7463"}],"wp:term":[{"taxonomy":"product_brand","embeddable":true,"href":"https:\/\/filatelia.cuentista.es\/en\/wp-json\/wp\/v2\/product_brand?post=7463"},{"taxonomy":"product_cat","embeddable":true,"href":"https:\/\/filatelia.cuentista.es\/en\/wp-json\/wp\/v2\/product_cat?post=7463"},{"taxonomy":"product_tag","embeddable":true,"href":"https:\/\/filatelia.cuentista.es\/en\/wp-json\/wp\/v2\/product_tag?post=7463"}],"curies":[{"name":"wp","href":"https:\/\/api.w.org\/{rel}","templated":true}]}}