{"id":7454,"date":"2025-02-15T11:51:04","date_gmt":"2025-02-15T11:51:04","guid":{"rendered":"https:\/\/filatelia.cuentista.es\/?post_type=product&#038;p=7454"},"modified":"2025-02-15T11:53:31","modified_gmt":"2025-02-15T11:53:31","slug":"semipliego-hungria-1973-ibra-73-25-valores-x-80-filler-2-2-2-2","status":"publish","type":"product","link":"https:\/\/filatelia.cuentista.es\/en\/product\/semipliego-hungria-1973-ibra-73-25-valores-x-80-filler-2-2-2-2","title":{"rendered":"Semipliego Hungria 1973 &#8211; IBRA 73 &#8211; 25 valores x 60 Filler"},"content":{"rendered":"<p>Late Spider-Orchid (Ophrys fuciflora)<\/p>\n<p><img class=\"size-full\"><\/p>\n<p>Pa\u00eds:<\/p>\n<p>Hungr\u00eda<\/p>\n<p>Serie:<\/p>\n<p>International Stamp Exhibitions IBRA &#8217;73, POLSKA &#8217;73<\/p>\n<p>C\u00f3digo de cat\u00e1logo:<\/p>\n<p>Michel HU 2866A<\/p>\n<p>Stamp Number HU 2222<\/p>\n<p>Yvert et Tellier HU 2302<\/p>\n<p>Stanley Gibbons HU 2801<\/p>\n<p>AFA n\u00famero HU 2805<\/p>\n<p>Cat\u00e1logo Philatelia Hungarica HU 2881<\/p>\n<p>Unificato HU 2866A<\/p>\n<p>Variantes:<\/p>\n<p>Click para ver variantes<\/p>\n<p>Temas:<\/p>\n<p>Exposiciones Filat\u00e9licas | Flores | Orqu\u00eddeas | Plantas (Flora) | Sellos de Correos<\/p>\n<p>Fecha emisi\u00f3n:<\/p>\n<p>1973-05-11<\/p>\n<p>Tama\u00f1o:<\/p>\n<p>61 x 41 mm<\/p>\n<p>Colores:<\/p>\n<p>Multicolor<\/p>\n<p>Marca de agua:<\/p>\n<p>Sin Marca de agua<\/p>\n<p>Dise\u00f1adores:<\/p>\n<p>Czigl\u00e9nyi \u00c1d\u00e1m<\/p>\n<p>Formato:<\/p>\n<p>Sello<\/p>\n<p>Emisi\u00f3n:<\/p>\n<p>Conmemorativo<\/p>\n<p>Perforaci\u00f3n:<\/p>\n<p>peine12<\/p>\n<p>Impresi\u00f3n:<\/p>\n<p>Litograf\u00eda offset<\/p>\n<p>Valor facial:<\/p>\n<p>60 fi &#8211; Fill\u00e9r h\u00fangaro<\/p>\n<p>Tiraje:<\/p>\n<p>560.000<\/p>\n<p>Descripci\u00f3n:<\/p>\n<p>Publicity for IBRA \u201973 International Philatelic Exhibition, Munich, May 11-20; and POLSKA \u201973, Poznan, Aug. 15-Sept. 2: No. 1397, POLSKA \u201973<\/p>\n<p><a href=\"https:\/\/colnect.com\/stamps\/stamp\/137127\">https:\/\/colnect.com\/stamps\/stamp\/137127<\/a><\/p>","protected":false},"excerpt":{"rendered":"<p>Late Spider-Orchid (Ophrys fuciflora) Pa\u00eds: Hungr\u00eda Serie: International Stamp Exhibitions IBRA &#8217;73, POLSKA &#8217;73 C\u00f3digo de cat\u00e1logo: Michel HU 2866A Stamp Number HU 2222 Yvert et Tellier HU 2302 Stanley Gibbons HU 2801 AFA n\u00famero HU 2805 Cat\u00e1logo Philatelia Hungarica HU 2881 Unificato HU 2866A Variantes: Click para ver variantes Temas: Exposiciones Filat\u00e9licas | Flores &hellip;<\/p>\n<p class=\"read-more\"> <a class=\"thunk-readmore button\" href=\"https:\/\/filatelia.cuentista.es\/en\/product\/semipliego-hungria-1973-ibra-73-25-valores-x-80-filler-2-2-2-2\"> <span class=\"screen-reader-text\">Semipliego Hungria 1973 &#8211; IBRA 73 &#8211; 25 valores x 60 Filler<\/span>Read More<\/a><\/p>","protected":false},"featured_media":7456,"comment_status":"open","ping_status":"closed","template":"","meta":{"_acf_changed":false},"product_brand":[],"product_cat":[745,1585,660,1514],"product_tag":[76,1600,68],"class_list":{"0":"post-7454","1":"product","2":"type-product","3":"status-publish","4":"has-post-thumbnail","6":"product_cat-bloque-pliego","7":"product_cat-hungria","8":"product_cat-pliego","9":"product_cat-sello-nuevo-cancelado","10":"product_tag-76","11":"product_tag-budapest","12":"product_tag-filatelia","13":"thunk-woo-product-list","14":"opn-qv-enable","15":"open-woo-hover-zoom","16":"open-single-product-tab-horizontal","17":"open-shadow-","18":"open-shadow-hover-","20":"first","21":"instock","22":"shipping-taxable","23":"purchasable","24":"product-type-simple"},"acf":[],"jetpack_sharing_enabled":true,"_links":{"self":[{"href":"https:\/\/filatelia.cuentista.es\/en\/wp-json\/wp\/v2\/product\/7454","targetHints":{"allow":["GET"]}}],"collection":[{"href":"https:\/\/filatelia.cuentista.es\/en\/wp-json\/wp\/v2\/product"}],"about":[{"href":"https:\/\/filatelia.cuentista.es\/en\/wp-json\/wp\/v2\/types\/product"}],"replies":[{"embeddable":true,"href":"https:\/\/filatelia.cuentista.es\/en\/wp-json\/wp\/v2\/comments?post=7454"}],"wp:featuredmedia":[{"embeddable":true,"href":"https:\/\/filatelia.cuentista.es\/en\/wp-json\/wp\/v2\/media\/7456"}],"wp:attachment":[{"href":"https:\/\/filatelia.cuentista.es\/en\/wp-json\/wp\/v2\/media?parent=7454"}],"wp:term":[{"taxonomy":"product_brand","embeddable":true,"href":"https:\/\/filatelia.cuentista.es\/en\/wp-json\/wp\/v2\/product_brand?post=7454"},{"taxonomy":"product_cat","embeddable":true,"href":"https:\/\/filatelia.cuentista.es\/en\/wp-json\/wp\/v2\/product_cat?post=7454"},{"taxonomy":"product_tag","embeddable":true,"href":"https:\/\/filatelia.cuentista.es\/en\/wp-json\/wp\/v2\/product_tag?post=7454"}],"curies":[{"name":"wp","href":"https:\/\/api.w.org\/{rel}","templated":true}]}}