{"id":7445,"date":"2025-02-15T11:41:23","date_gmt":"2025-02-15T11:41:23","guid":{"rendered":"https:\/\/filatelia.cuentista.es\/?post_type=product&#038;p=7445"},"modified":"2025-02-15T11:44:06","modified_gmt":"2025-02-15T11:44:06","slug":"semipliego-hungria-1973-ibra-73-25-valores-x-80-filler-2","status":"publish","type":"product","link":"https:\/\/filatelia.cuentista.es\/en\/product\/semipliego-hungria-1973-ibra-73-25-valores-x-80-filler-2","title":{"rendered":"Semipliego Hungria 1973 &#8211; IBRA 73 &#8211; 25 valores x 1,20 Florines"},"content":{"rendered":"<p>IBRA &#8217;73 International Philatelic Exhibition<\/p>\n<p><img class=\"size-full\"><\/p>\n<p>Pa\u00eds:<\/p>\n<p>Hungr\u00eda<\/p>\n<p>Serie:<\/p>\n<p>International Stamp Exhibitions IBRA &#8217;73, POLSKA &#8217;73<\/p>\n<p>C\u00f3digo de cat\u00e1logo:<\/p>\n<p>Michel HU 2869B<\/p>\n<p>Cat\u00e1logo Philatelia Hungarica HU 2884V<\/p>\n<p>Stanley Gibbons No Listado<\/p>\n<p>Variantes:<\/p>\n<p>Click para ver variantes<\/p>\n<p>Temas:<\/p>\n<p>Cornetas de Correos | Estatuas | Exposiciones Filat\u00e9licas | Flores | Monumentos | Plantas (Flora) | Sellos de Correos<\/p>\n<p>Fecha emisi\u00f3n:<\/p>\n<p>1973-05-11<\/p>\n<p>Tama\u00f1o:<\/p>\n<p>61 x 41 mm<\/p>\n<p>Colores:<\/p>\n<p>Multicolor<\/p>\n<p>Marca de agua:<\/p>\n<p>Sin Marca de agua<\/p>\n<p>Dise\u00f1adores:<\/p>\n<p>Czigl\u00e9nyi \u00c1d\u00e1m<\/p>\n<p>Formato:<\/p>\n<p>Sello<\/p>\n<p>Emisi\u00f3n:<\/p>\n<p>Conmemorativo<\/p>\n<p>Perforaci\u00f3n:<\/p>\n<p>Imperforado<\/p>\n<p>Impresi\u00f3n:<\/p>\n<p>Litograf\u00eda offset<\/p>\n<p>Valor facial:<\/p>\n<p>1,20 Ft &#8211; Flor\u00edn h\u00fangaro<\/p>\n<p>Tiraje:<\/p>\n<p>6.874<\/p>\n<p><a href=\"https:\/\/colnect.com\/stamps\/stamp\/1033658\">https:\/\/colnect.com\/stamps\/stamp\/1033658<\/a><\/p>","protected":false},"excerpt":{"rendered":"<p>IBRA &#8217;73 International Philatelic Exhibition Pa\u00eds: Hungr\u00eda Serie: International Stamp Exhibitions IBRA &#8217;73, POLSKA &#8217;73 C\u00f3digo de cat\u00e1logo: Michel HU 2869B Cat\u00e1logo Philatelia Hungarica HU 2884V Stanley Gibbons No Listado Variantes: Click para ver variantes Temas: Cornetas de Correos | Estatuas | Exposiciones Filat\u00e9licas | Flores | Monumentos | Plantas (Flora) | Sellos de Correos &hellip;<\/p>\n<p class=\"read-more\"> <a class=\"thunk-readmore button\" href=\"https:\/\/filatelia.cuentista.es\/en\/product\/semipliego-hungria-1973-ibra-73-25-valores-x-80-filler-2\"> <span class=\"screen-reader-text\">Semipliego Hungria 1973 &#8211; IBRA 73 &#8211; 25 valores x 1,20 Florines<\/span>Read More<\/a><\/p>","protected":false},"featured_media":7447,"comment_status":"open","ping_status":"closed","template":"","meta":{"_acf_changed":false},"product_brand":[],"product_cat":[745,1585,660,1514],"product_tag":[76,1600,68],"class_list":{"0":"post-7445","1":"product","2":"type-product","3":"status-publish","4":"has-post-thumbnail","6":"product_cat-bloque-pliego","7":"product_cat-hungria","8":"product_cat-pliego","9":"product_cat-sello-nuevo-cancelado","10":"product_tag-76","11":"product_tag-budapest","12":"product_tag-filatelia","13":"thunk-woo-product-list","14":"opn-qv-enable","15":"open-woo-hover-zoom","16":"open-single-product-tab-horizontal","17":"open-shadow-","18":"open-shadow-hover-","20":"first","21":"instock","22":"shipping-taxable","23":"purchasable","24":"product-type-simple"},"acf":[],"jetpack_sharing_enabled":true,"_links":{"self":[{"href":"https:\/\/filatelia.cuentista.es\/en\/wp-json\/wp\/v2\/product\/7445","targetHints":{"allow":["GET"]}}],"collection":[{"href":"https:\/\/filatelia.cuentista.es\/en\/wp-json\/wp\/v2\/product"}],"about":[{"href":"https:\/\/filatelia.cuentista.es\/en\/wp-json\/wp\/v2\/types\/product"}],"replies":[{"embeddable":true,"href":"https:\/\/filatelia.cuentista.es\/en\/wp-json\/wp\/v2\/comments?post=7445"}],"wp:featuredmedia":[{"embeddable":true,"href":"https:\/\/filatelia.cuentista.es\/en\/wp-json\/wp\/v2\/media\/7447"}],"wp:attachment":[{"href":"https:\/\/filatelia.cuentista.es\/en\/wp-json\/wp\/v2\/media?parent=7445"}],"wp:term":[{"taxonomy":"product_brand","embeddable":true,"href":"https:\/\/filatelia.cuentista.es\/en\/wp-json\/wp\/v2\/product_brand?post=7445"},{"taxonomy":"product_cat","embeddable":true,"href":"https:\/\/filatelia.cuentista.es\/en\/wp-json\/wp\/v2\/product_cat?post=7445"},{"taxonomy":"product_tag","embeddable":true,"href":"https:\/\/filatelia.cuentista.es\/en\/wp-json\/wp\/v2\/product_tag?post=7445"}],"curies":[{"name":"wp","href":"https:\/\/api.w.org\/{rel}","templated":true}]}}