{"id":7441,"date":"2025-02-15T11:34:54","date_gmt":"2025-02-15T11:34:54","guid":{"rendered":"https:\/\/filatelia.cuentista.es\/product\/pliego-sellos-hungria-1972-tren-40-filler"},"modified":"2025-02-15T11:34:57","modified_gmt":"2025-02-15T11:34:57","slug":"pliego-sellos-hungria-1972-tren-40-filler","status":"publish","type":"product","link":"https:\/\/filatelia.cuentista.es\/en\/product\/pliego-sellos-hungria-1972-tren-40-filler","title":{"rendered":"Pliego sellos Hungr\u00eda 1972 &#8211; Tren &#8211; 40 Filler"},"content":{"rendered":"<p>Hungarian locomotive<\/p>\n<p><img class=\"size-full\"><\/p>\n<p>Pa\u00eds:<\/p>\n<p>Hungr\u00eda<\/p>\n<p>Serie:<\/p>\n<p>Locomotives (1972)<\/p>\n<p>C\u00f3digo de cat\u00e1logo:<\/p>\n<p>Michel HU 2730A<\/p>\n<p>Stamp Number HU 2123<\/p>\n<p>Yvert et Tellier HU 2209<\/p>\n<p>Stanley Gibbons HU 2647<\/p>\n<p>AFA n\u00famero HU 2672<\/p>\n<p>Cat\u00e1logo Philatelia Hungarica HU 2749<\/p>\n<p>Tiene variantes menores: 1<\/p>\n<p>Temas:<\/p>\n<p>Ferrocarriles | Locomotoras | Veh\u00edculos<\/p>\n<p>Fecha emisi\u00f3n:<\/p>\n<p>1972-02-23<\/p>\n<p>Tama\u00f1o:<\/p>\n<p>61 x 36 mm<\/p>\n<p>Colores:<\/p>\n<p>Multicolor<\/p>\n<p>Formato:<\/p>\n<p>Sello<\/p>\n<p>Emisi\u00f3n:<\/p>\n<p>Conmemorativo<\/p>\n<p>Perforaci\u00f3n:<\/p>\n<p>peine12<\/p>\n<p>Impresi\u00f3n:<\/p>\n<p>Fotograbado<\/p>\n<p>Valor facial:<\/p>\n<p>40 fi &#8211; Fill\u00e9r h\u00fangaro<\/p>\n<p>Tiraje:<\/p>\n<p>579.100<\/p>\n<p><a href=\"https:\/\/colnect.com\/stamps\/stamp\/175538\">https:\/\/colnect.com\/stamps\/stamp\/175538<\/a><\/p>","protected":false},"excerpt":{"rendered":"<p>Hungarian locomotive Pa\u00eds: Hungr\u00eda Serie: Locomotives (1972) C\u00f3digo de cat\u00e1logo: Michel HU 2730A Stamp Number HU 2123 Yvert et Tellier HU 2209 Stanley Gibbons HU 2647 AFA n\u00famero HU 2672 Cat\u00e1logo Philatelia Hungarica HU 2749 Tiene variantes menores: 1 Temas: Ferrocarriles | Locomotoras | Veh\u00edculos Fecha emisi\u00f3n: 1972-02-23 Tama\u00f1o: 61 x 36 mm Colores: Multicolor &hellip;<\/p>\n<p class=\"read-more\"> <a class=\"thunk-readmore button\" href=\"https:\/\/filatelia.cuentista.es\/en\/product\/pliego-sellos-hungria-1972-tren-40-filler\"> <span class=\"screen-reader-text\">Pliego sellos Hungr\u00eda 1972 &#8211; Tren &#8211; 40 Filler<\/span>Read More<\/a><\/p>","protected":false},"featured_media":7440,"comment_status":"open","ping_status":"closed","template":"","meta":{"_acf_changed":false},"product_brand":[],"product_cat":[1585,660,1514],"product_tag":[114,113],"class_list":{"0":"post-7441","1":"product","2":"type-product","3":"status-publish","4":"has-post-thumbnail","6":"product_cat-hungria","7":"product_cat-pliego","8":"product_cat-sello-nuevo-cancelado","9":"product_tag-ferrocarril","10":"product_tag-transporte","11":"thunk-woo-product-list","12":"opn-qv-enable","13":"open-woo-hover-zoom","14":"open-single-product-tab-horizontal","15":"open-shadow-","16":"open-shadow-hover-","18":"first","19":"instock","20":"shipping-taxable","21":"purchasable","22":"product-type-simple"},"acf":[],"jetpack_sharing_enabled":true,"_links":{"self":[{"href":"https:\/\/filatelia.cuentista.es\/en\/wp-json\/wp\/v2\/product\/7441","targetHints":{"allow":["GET"]}}],"collection":[{"href":"https:\/\/filatelia.cuentista.es\/en\/wp-json\/wp\/v2\/product"}],"about":[{"href":"https:\/\/filatelia.cuentista.es\/en\/wp-json\/wp\/v2\/types\/product"}],"replies":[{"embeddable":true,"href":"https:\/\/filatelia.cuentista.es\/en\/wp-json\/wp\/v2\/comments?post=7441"}],"wp:featuredmedia":[{"embeddable":true,"href":"https:\/\/filatelia.cuentista.es\/en\/wp-json\/wp\/v2\/media\/7440"}],"wp:attachment":[{"href":"https:\/\/filatelia.cuentista.es\/en\/wp-json\/wp\/v2\/media?parent=7441"}],"wp:term":[{"taxonomy":"product_brand","embeddable":true,"href":"https:\/\/filatelia.cuentista.es\/en\/wp-json\/wp\/v2\/product_brand?post=7441"},{"taxonomy":"product_cat","embeddable":true,"href":"https:\/\/filatelia.cuentista.es\/en\/wp-json\/wp\/v2\/product_cat?post=7441"},{"taxonomy":"product_tag","embeddable":true,"href":"https:\/\/filatelia.cuentista.es\/en\/wp-json\/wp\/v2\/product_tag?post=7441"}],"curies":[{"name":"wp","href":"https:\/\/api.w.org\/{rel}","templated":true}]}}