{"id":7435,"date":"2025-02-15T11:07:24","date_gmt":"2025-02-15T11:07:24","guid":{"rendered":"https:\/\/filatelia.cuentista.es\/product\/pliego-sellos-de-hungria-flores-adonis-vernalis-30-valores-x-2-florines"},"modified":"2025-02-15T11:35:35","modified_gmt":"2025-02-15T11:35:35","slug":"pliego-sellos-de-hungria-flores-adonis-vernalis-30-valores-x-2-florines","status":"publish","type":"product","link":"https:\/\/filatelia.cuentista.es\/en\/product\/pliego-sellos-de-hungria-flores-adonis-vernalis-30-valores-x-2-florines","title":{"rendered":"Semi-Pliego sellos de Hungr\u00eda 1973 &#8211; Flores : Adonis Vernalis &#8211; 30 Valores x 2 Florines"},"content":{"rendered":"<p>Buttercups (Adonis vernalis)<\/p>\n<p><img class=\"size-full\"><\/p>\n<p>Pa\u00eds:<\/p>\n<p>Hungr\u00eda<\/p>\n<p>Serie:<\/p>\n<p>Flowers (1973)<\/p>\n<p>C\u00f3digo de cat\u00e1logo:<\/p>\n<p>Michel HU 2891A<\/p>\n<p>Stamp Number HU 2244<\/p>\n<p>Yvert et Tellier HU 2326<\/p>\n<p>Stanley Gibbons HU 2824<\/p>\n<p>AFA n\u00famero HU 2831<\/p>\n<p>Cat\u00e1logo Philatelia Hungarica HU 2906<\/p>\n<p>Unificato HU 2891A<\/p>\n<p>Variantes:<\/p>\n<p>Click para ver variantes<\/p>\n<p>Temas:<\/p>\n<p>Flores | Plantas (Flora)<\/p>\n<p>Fecha emisi\u00f3n:<\/p>\n<p>1973-08-04<\/p>\n<p>Tama\u00f1o:<\/p>\n<p>34 x 44 mm<\/p>\n<p>Colores:<\/p>\n<p>Multicolor<\/p>\n<p>Marca de agua:<\/p>\n<p>Sin Marca de agua<\/p>\n<p>Dise\u00f1adores:<\/p>\n<p>Zombory \u00c9va<\/p>\n<p>Impresores\/Imprentas:<\/p>\n<p>State Printing Works (ANY Biztons\u00e1gi Nyomda Nyrt), Budapest<\/p>\n<p>Formato:<\/p>\n<p>Sello<\/p>\n<p>Emisi\u00f3n:<\/p>\n<p>Conmemorativo<\/p>\n<p>Perforaci\u00f3n:<\/p>\n<p>peine11\u00bd x 12<\/p>\n<p>Impresi\u00f3n:<\/p>\n<p>Fotograbado<\/p>\n<p>Valor facial:<\/p>\n<p>2 Ft &#8211; Flor\u00edn h\u00fangaro<\/p>\n<p>Tiraje:<\/p>\n<p>590.000<\/p>\n<p>Pliego sellos de Hungr\u00eda &#8211; Flores : Adonis Vernalis &#8211; 30 Valores x 2 Florines<\/p>\n<p><a href=\"https:\/\/colnect.com\/stamps\/stamp\/155806\">https:\/\/colnect.com\/stamps\/stamp\/155806<\/a><\/p>","protected":false},"excerpt":{"rendered":"<p>Buttercups (Adonis vernalis) Pa\u00eds: Hungr\u00eda Serie: Flowers (1973) C\u00f3digo de cat\u00e1logo: Michel HU 2891A Stamp Number HU 2244 Yvert et Tellier HU 2326 Stanley Gibbons HU 2824 AFA n\u00famero HU 2831 Cat\u00e1logo Philatelia Hungarica HU 2906 Unificato HU 2891A Variantes: Click para ver variantes Temas: Flores | Plantas (Flora) Fecha emisi\u00f3n: 1973-08-04 Tama\u00f1o: 34 x &hellip;<\/p>\n<p class=\"read-more\"> <a class=\"thunk-readmore button\" href=\"https:\/\/filatelia.cuentista.es\/en\/product\/pliego-sellos-de-hungria-flores-adonis-vernalis-30-valores-x-2-florines\"> <span class=\"screen-reader-text\">Semi-Pliego sellos de Hungr\u00eda 1973 &#8211; Flores : Adonis Vernalis &#8211; 30 Valores x 2 Florines<\/span>Read More<\/a><\/p>","protected":false},"featured_media":7434,"comment_status":"open","ping_status":"closed","template":"","meta":{"_acf_changed":false},"product_brand":[],"product_cat":[1585,660,1514],"product_tag":[],"class_list":{"0":"post-7435","1":"product","2":"type-product","3":"status-publish","4":"has-post-thumbnail","6":"product_cat-hungria","7":"product_cat-pliego","8":"product_cat-sello-nuevo-cancelado","9":"thunk-woo-product-list","10":"opn-qv-enable","11":"open-woo-hover-zoom","12":"open-single-product-tab-horizontal","13":"open-shadow-","14":"open-shadow-hover-","16":"first","17":"instock","18":"shipping-taxable","19":"purchasable","20":"product-type-simple"},"acf":[],"jetpack_sharing_enabled":true,"_links":{"self":[{"href":"https:\/\/filatelia.cuentista.es\/en\/wp-json\/wp\/v2\/product\/7435","targetHints":{"allow":["GET"]}}],"collection":[{"href":"https:\/\/filatelia.cuentista.es\/en\/wp-json\/wp\/v2\/product"}],"about":[{"href":"https:\/\/filatelia.cuentista.es\/en\/wp-json\/wp\/v2\/types\/product"}],"replies":[{"embeddable":true,"href":"https:\/\/filatelia.cuentista.es\/en\/wp-json\/wp\/v2\/comments?post=7435"}],"wp:featuredmedia":[{"embeddable":true,"href":"https:\/\/filatelia.cuentista.es\/en\/wp-json\/wp\/v2\/media\/7434"}],"wp:attachment":[{"href":"https:\/\/filatelia.cuentista.es\/en\/wp-json\/wp\/v2\/media?parent=7435"}],"wp:term":[{"taxonomy":"product_brand","embeddable":true,"href":"https:\/\/filatelia.cuentista.es\/en\/wp-json\/wp\/v2\/product_brand?post=7435"},{"taxonomy":"product_cat","embeddable":true,"href":"https:\/\/filatelia.cuentista.es\/en\/wp-json\/wp\/v2\/product_cat?post=7435"},{"taxonomy":"product_tag","embeddable":true,"href":"https:\/\/filatelia.cuentista.es\/en\/wp-json\/wp\/v2\/product_tag?post=7435"}],"curies":[{"name":"wp","href":"https:\/\/api.w.org\/{rel}","templated":true}]}}