{"id":7398,"date":"2025-02-09T13:09:56","date_gmt":"2025-02-09T13:09:56","guid":{"rendered":"https:\/\/filatelia.cuentista.es\/product\/catalogo-de-enteros-postales-privados-1980-bundestepublik-ddr-berlin"},"modified":"2025-02-09T13:09:59","modified_gmt":"2025-02-09T13:09:59","slug":"catalogo-de-enteros-postales-privados-1980-bundestepublik-ddr-berlin","status":"publish","type":"product","link":"https:\/\/filatelia.cuentista.es\/en\/product\/catalogo-de-enteros-postales-privados-1980-bundestepublik-ddr-berlin","title":{"rendered":"Cat\u00e1logo de Enteros Postales Privados 1980 &#8211; Bundestepublik &#8211; DDR &#8211; Berl\u00edn"},"content":{"rendered":"<p>Cat\u00e1logo de Enteros Postales Privados 1980<\/p>\n<p>BUNDESREPUBLIK DEUTSCHLAND &#8211; BERLIN &#8211; DEUTSCHE DEMOKRATISCHE REPUBLIk<\/p>\n<p>Privatganzsachen-Katalog 1980<\/p>\n<p>240 P\u00e1ginas<\/p>","protected":false},"excerpt":{"rendered":"<p>Cat\u00e1logo de Enteros Postales Privados 1980 BUNDESREPUBLIK DEUTSCHLAND &#8211; BERLIN &#8211; DEUTSCHE DEMOKRATISCHE REPUBLIk Privatganzsachen-Katalog 1980 240 P\u00e1ginas<\/p>","protected":false},"featured_media":7397,"comment_status":"open","ping_status":"closed","template":"","meta":{"_acf_changed":false},"product_brand":[],"product_cat":[886,1536],"product_tag":[],"class_list":{"0":"post-7398","1":"product","2":"type-product","3":"status-publish","4":"has-post-thumbnail","6":"product_cat-catalogo-filatelia","7":"product_cat-en-aleman","8":"thunk-woo-product-list","9":"opn-qv-enable","10":"open-woo-hover-zoom","11":"open-single-product-tab-horizontal","12":"open-shadow-","13":"open-shadow-hover-","15":"first","16":"instock","17":"sale","18":"shipping-taxable","19":"purchasable","20":"product-type-simple"},"acf":[],"jetpack_sharing_enabled":true,"_links":{"self":[{"href":"https:\/\/filatelia.cuentista.es\/en\/wp-json\/wp\/v2\/product\/7398","targetHints":{"allow":["GET"]}}],"collection":[{"href":"https:\/\/filatelia.cuentista.es\/en\/wp-json\/wp\/v2\/product"}],"about":[{"href":"https:\/\/filatelia.cuentista.es\/en\/wp-json\/wp\/v2\/types\/product"}],"replies":[{"embeddable":true,"href":"https:\/\/filatelia.cuentista.es\/en\/wp-json\/wp\/v2\/comments?post=7398"}],"wp:featuredmedia":[{"embeddable":true,"href":"https:\/\/filatelia.cuentista.es\/en\/wp-json\/wp\/v2\/media\/7397"}],"wp:attachment":[{"href":"https:\/\/filatelia.cuentista.es\/en\/wp-json\/wp\/v2\/media?parent=7398"}],"wp:term":[{"taxonomy":"product_brand","embeddable":true,"href":"https:\/\/filatelia.cuentista.es\/en\/wp-json\/wp\/v2\/product_brand?post=7398"},{"taxonomy":"product_cat","embeddable":true,"href":"https:\/\/filatelia.cuentista.es\/en\/wp-json\/wp\/v2\/product_cat?post=7398"},{"taxonomy":"product_tag","embeddable":true,"href":"https:\/\/filatelia.cuentista.es\/en\/wp-json\/wp\/v2\/product_tag?post=7398"}],"curies":[{"name":"wp","href":"https:\/\/api.w.org\/{rel}","templated":true}]}}