{"id":7383,"date":"2025-02-09T12:39:26","date_gmt":"2025-02-09T12:39:26","guid":{"rendered":"https:\/\/filatelia.cuentista.es\/product\/filatelia-timbres-sellos-y-estampillas-2"},"modified":"2025-02-09T12:39:29","modified_gmt":"2025-02-09T12:39:29","slug":"filatelia-timbres-sellos-y-estampillas-2","status":"publish","type":"product","link":"https:\/\/filatelia.cuentista.es\/en\/product\/filatelia-timbres-sellos-y-estampillas-2","title":{"rendered":"Filatelia. Timbres Sellos y Estampillas 2"},"content":{"rendered":"<p>Filatelia 2<\/p>\n<p>TIMBRES, SELLOS Y ESTAMPILLAS<\/p>\n<p>EMILIO OBREGON<\/p>\n<p>Presidente del Cap\u00edtulo de M\u00e9xico de la American Topical Association. Premio de TEMEX&#8217;61 en Buenos Aires, Argentina. Premio de la Rep\u00fablica de Ghana.<\/p>\n<p>Certificado de Honor por M\u00e9ritos Filat\u00e9licos<\/p>\n<p>Internacionales de la American Philatelic<\/p>\n<p>Con 112 figuias y 5 l\u00e1minas en colores<\/p>\n<p>190 P\u00e1ginas &#8211; Tapas Duras<\/p>","protected":false},"excerpt":{"rendered":"<p>Filatelia 2 TIMBRES, SELLOS Y ESTAMPILLAS EMILIO OBREGON Presidente del Cap\u00edtulo de M\u00e9xico de la American Topical Association. Premio de TEMEX&#8217;61 en Buenos Aires, Argentina. Premio de la Rep\u00fablica de Ghana. Certificado de Honor por M\u00e9ritos Filat\u00e9licos Internacionales de la American Philatelic Con 112 figuias y 5 l\u00e1minas en colores 190 P\u00e1ginas &#8211; Tapas Duras<\/p>","protected":false},"featured_media":7382,"comment_status":"open","ping_status":"closed","template":"","meta":{"_acf_changed":false},"product_brand":[],"product_cat":[838],"product_tag":[],"class_list":{"0":"post-7383","1":"product","2":"type-product","3":"status-publish","4":"has-post-thumbnail","6":"product_cat-filatelia-divulgacion","7":"thunk-woo-product-list","8":"opn-qv-enable","9":"open-woo-hover-zoom","10":"open-single-product-tab-horizontal","11":"open-shadow-","12":"open-shadow-hover-","14":"first","15":"instock","16":"sale","17":"shipping-taxable","18":"purchasable","19":"product-type-simple"},"acf":[],"jetpack_sharing_enabled":true,"_links":{"self":[{"href":"https:\/\/filatelia.cuentista.es\/en\/wp-json\/wp\/v2\/product\/7383","targetHints":{"allow":["GET"]}}],"collection":[{"href":"https:\/\/filatelia.cuentista.es\/en\/wp-json\/wp\/v2\/product"}],"about":[{"href":"https:\/\/filatelia.cuentista.es\/en\/wp-json\/wp\/v2\/types\/product"}],"replies":[{"embeddable":true,"href":"https:\/\/filatelia.cuentista.es\/en\/wp-json\/wp\/v2\/comments?post=7383"}],"wp:featuredmedia":[{"embeddable":true,"href":"https:\/\/filatelia.cuentista.es\/en\/wp-json\/wp\/v2\/media\/7382"}],"wp:attachment":[{"href":"https:\/\/filatelia.cuentista.es\/en\/wp-json\/wp\/v2\/media?parent=7383"}],"wp:term":[{"taxonomy":"product_brand","embeddable":true,"href":"https:\/\/filatelia.cuentista.es\/en\/wp-json\/wp\/v2\/product_brand?post=7383"},{"taxonomy":"product_cat","embeddable":true,"href":"https:\/\/filatelia.cuentista.es\/en\/wp-json\/wp\/v2\/product_cat?post=7383"},{"taxonomy":"product_tag","embeddable":true,"href":"https:\/\/filatelia.cuentista.es\/en\/wp-json\/wp\/v2\/product_tag?post=7383"}],"curies":[{"name":"wp","href":"https:\/\/api.w.org\/{rel}","templated":true}]}}