{"id":7364,"date":"2025-02-08T13:06:21","date_gmt":"2025-02-08T13:06:21","guid":{"rendered":"https:\/\/filatelia.cuentista.es\/product\/producto-47"},"modified":"2025-02-08T13:12:27","modified_gmt":"2025-02-08T13:12:27","slug":"producto-47","status":"publish","type":"product","link":"https:\/\/filatelia.cuentista.es\/en\/product\/producto-47","title":{"rendered":"Cat\u00e1logo Filatelia Yvert et Tellier &#8211; Timbres d\u2019outre mer &#8211; 1967"},"content":{"rendered":"<p>catalogue Yvert et Tellier 1967<\/p>\n<p>Tapas Duras<\/p>\n<p>TIMBRES D&#8217;OUTRE-MER<\/p>\n<p>Tomo III<\/p>\n<p>1213 P\u00e1ginas<\/p>\n<p>SOIXANTE-ET- ONZI\u00c8ME ANN\u00c9E<\/p>","protected":false},"excerpt":{"rendered":"<p>catalogue Yvert et Tellier 1967 Tapas Duras TIMBRES D&#8217;OUTRE-MER Tomo III 1213 P\u00e1ginas SOIXANTE-ET- ONZI\u00c8ME ANN\u00c9E<\/p>","protected":false},"featured_media":7365,"comment_status":"open","ping_status":"closed","template":"","meta":{"_acf_changed":false},"product_brand":[],"product_cat":[886,1579],"product_tag":[],"class_list":{"0":"post-7364","1":"product","2":"type-product","3":"status-publish","4":"has-post-thumbnail","6":"product_cat-catalogo-filatelia","7":"product_cat-francia","8":"thunk-woo-product-list","9":"opn-qv-enable","10":"open-woo-hover-zoom","11":"open-single-product-tab-horizontal","12":"open-shadow-","13":"open-shadow-hover-","15":"first","16":"instock","17":"sale","18":"shipping-taxable","19":"purchasable","20":"product-type-simple"},"acf":[],"jetpack_sharing_enabled":true,"_links":{"self":[{"href":"https:\/\/filatelia.cuentista.es\/en\/wp-json\/wp\/v2\/product\/7364","targetHints":{"allow":["GET"]}}],"collection":[{"href":"https:\/\/filatelia.cuentista.es\/en\/wp-json\/wp\/v2\/product"}],"about":[{"href":"https:\/\/filatelia.cuentista.es\/en\/wp-json\/wp\/v2\/types\/product"}],"replies":[{"embeddable":true,"href":"https:\/\/filatelia.cuentista.es\/en\/wp-json\/wp\/v2\/comments?post=7364"}],"wp:featuredmedia":[{"embeddable":true,"href":"https:\/\/filatelia.cuentista.es\/en\/wp-json\/wp\/v2\/media\/7365"}],"wp:attachment":[{"href":"https:\/\/filatelia.cuentista.es\/en\/wp-json\/wp\/v2\/media?parent=7364"}],"wp:term":[{"taxonomy":"product_brand","embeddable":true,"href":"https:\/\/filatelia.cuentista.es\/en\/wp-json\/wp\/v2\/product_brand?post=7364"},{"taxonomy":"product_cat","embeddable":true,"href":"https:\/\/filatelia.cuentista.es\/en\/wp-json\/wp\/v2\/product_cat?post=7364"},{"taxonomy":"product_tag","embeddable":true,"href":"https:\/\/filatelia.cuentista.es\/en\/wp-json\/wp\/v2\/product_tag?post=7364"}],"curies":[{"name":"wp","href":"https:\/\/api.w.org\/{rel}","templated":true}]}}