{"id":7346,"date":"2025-01-26T20:04:13","date_gmt":"2025-01-26T20:04:13","guid":{"rendered":"https:\/\/filatelia.cuentista.es\/?post_type=product&#038;p=7346"},"modified":"2025-01-26T20:08:04","modified_gmt":"2025-01-26T20:08:04","slug":"sobre-primer-dia-alemania-1981-fur-den-sport-2","status":"publish","type":"product","link":"https:\/\/filatelia.cuentista.es\/en\/product\/sobre-primer-dia-alemania-1981-fur-den-sport-2","title":{"rendered":"Sobre Primer D\u00eda Alemania 1981 &#8211; F\u00fcr den Sport &#8211; 90+45 Marcos"},"content":{"rendered":"<p>Sobre primer d\u00eda Numerado 13006<\/p>\n<p>Sello de valor facial 90+45<\/p>\n<p>BERLIN 12<\/p>\n<p>ERSTAUSGABE<\/p>\n<p>10.-4.1981<\/p>\n<p>F\u00dcR DEN SPORT<\/p>","protected":false},"excerpt":{"rendered":"<p>Sobre primer d\u00eda Numerado 13006 Sello de valor facial 90+45 BERLIN 12 ERSTAUSGABE 10.-4.1981 F\u00dcR DEN SPORT<\/p>","protected":false},"featured_media":7348,"comment_status":"open","ping_status":"closed","template":"","meta":{"_acf_changed":false},"product_brand":[],"product_cat":[1251,19],"product_tag":[],"class_list":{"0":"post-7346","1":"product","2":"type-product","3":"status-publish","4":"has-post-thumbnail","6":"product_cat-alemania-federal-bundesrepublik","7":"product_cat-spd-sobres-primer-dia","8":"thunk-woo-product-list","9":"opn-qv-enable","10":"open-woo-hover-zoom","11":"open-single-product-tab-horizontal","12":"open-shadow-","13":"open-shadow-hover-","15":"first","16":"instock","17":"sale","18":"shipping-taxable","19":"purchasable","20":"product-type-simple"},"acf":[],"jetpack_sharing_enabled":true,"_links":{"self":[{"href":"https:\/\/filatelia.cuentista.es\/en\/wp-json\/wp\/v2\/product\/7346","targetHints":{"allow":["GET"]}}],"collection":[{"href":"https:\/\/filatelia.cuentista.es\/en\/wp-json\/wp\/v2\/product"}],"about":[{"href":"https:\/\/filatelia.cuentista.es\/en\/wp-json\/wp\/v2\/types\/product"}],"replies":[{"embeddable":true,"href":"https:\/\/filatelia.cuentista.es\/en\/wp-json\/wp\/v2\/comments?post=7346"}],"wp:featuredmedia":[{"embeddable":true,"href":"https:\/\/filatelia.cuentista.es\/en\/wp-json\/wp\/v2\/media\/7348"}],"wp:attachment":[{"href":"https:\/\/filatelia.cuentista.es\/en\/wp-json\/wp\/v2\/media?parent=7346"}],"wp:term":[{"taxonomy":"product_brand","embeddable":true,"href":"https:\/\/filatelia.cuentista.es\/en\/wp-json\/wp\/v2\/product_brand?post=7346"},{"taxonomy":"product_cat","embeddable":true,"href":"https:\/\/filatelia.cuentista.es\/en\/wp-json\/wp\/v2\/product_cat?post=7346"},{"taxonomy":"product_tag","embeddable":true,"href":"https:\/\/filatelia.cuentista.es\/en\/wp-json\/wp\/v2\/product_tag?post=7346"}],"curies":[{"name":"wp","href":"https:\/\/api.w.org\/{rel}","templated":true}]}}