{"id":7322,"date":"2025-01-24T21:45:13","date_gmt":"2025-01-24T21:45:13","guid":{"rendered":"https:\/\/filatelia.cuentista.es\/product\/sobre-primer-dia-alemania-1980-visita-de-juan-pablo-ii"},"modified":"2025-01-24T21:46:40","modified_gmt":"2025-01-24T21:46:40","slug":"sobre-primer-dia-alemania-1980-visita-de-juan-pablo-ii","status":"publish","type":"product","link":"https:\/\/filatelia.cuentista.es\/en\/product\/sobre-primer-dia-alemania-1980-visita-de-juan-pablo-ii","title":{"rendered":"Sobre Primer D\u00eda Alemania 1980 &#8211; visita de Juan Pablo II"},"content":{"rendered":"<p>Sobre Primer D\u00eda Alemania 1980 &#8211; visita de Juan Pablo II<\/p>\n<p>Emisi\u00f3n : 15.11.1980<\/p>\n<p>Un Valor de 60<\/p>\n<p>Impresi\u00f3n en dorado<\/p>\n<p>matasellado de Colonia<\/p>","protected":false},"excerpt":{"rendered":"<p>Sobre Primer D\u00eda Alemania 1980 &#8211; visita de Juan Pablo II Emisi\u00f3n : 15.11.1980 Un Valor de 60 Impresi\u00f3n en dorado matasellado de Colonia<\/p>","protected":false},"featured_media":7320,"comment_status":"open","ping_status":"closed","template":"","meta":{"_acf_changed":false},"product_brand":[],"product_cat":[1251,19],"product_tag":[],"class_list":{"0":"post-7322","1":"product","2":"type-product","3":"status-publish","4":"has-post-thumbnail","6":"product_cat-alemania-federal-bundesrepublik","7":"product_cat-spd-sobres-primer-dia","8":"thunk-woo-product-list","9":"opn-qv-enable","10":"open-woo-hover-zoom","11":"open-single-product-tab-horizontal","12":"open-shadow-","13":"open-shadow-hover-","15":"first","16":"instock","17":"sale","18":"shipping-taxable","19":"purchasable","20":"product-type-simple"},"acf":[],"jetpack_sharing_enabled":true,"_links":{"self":[{"href":"https:\/\/filatelia.cuentista.es\/en\/wp-json\/wp\/v2\/product\/7322","targetHints":{"allow":["GET"]}}],"collection":[{"href":"https:\/\/filatelia.cuentista.es\/en\/wp-json\/wp\/v2\/product"}],"about":[{"href":"https:\/\/filatelia.cuentista.es\/en\/wp-json\/wp\/v2\/types\/product"}],"replies":[{"embeddable":true,"href":"https:\/\/filatelia.cuentista.es\/en\/wp-json\/wp\/v2\/comments?post=7322"}],"wp:featuredmedia":[{"embeddable":true,"href":"https:\/\/filatelia.cuentista.es\/en\/wp-json\/wp\/v2\/media\/7320"}],"wp:attachment":[{"href":"https:\/\/filatelia.cuentista.es\/en\/wp-json\/wp\/v2\/media?parent=7322"}],"wp:term":[{"taxonomy":"product_brand","embeddable":true,"href":"https:\/\/filatelia.cuentista.es\/en\/wp-json\/wp\/v2\/product_brand?post=7322"},{"taxonomy":"product_cat","embeddable":true,"href":"https:\/\/filatelia.cuentista.es\/en\/wp-json\/wp\/v2\/product_cat?post=7322"},{"taxonomy":"product_tag","embeddable":true,"href":"https:\/\/filatelia.cuentista.es\/en\/wp-json\/wp\/v2\/product_tag?post=7322"}],"curies":[{"name":"wp","href":"https:\/\/api.w.org\/{rel}","templated":true}]}}