{"id":7313,"date":"2025-01-24T21:35:13","date_gmt":"2025-01-24T21:35:13","guid":{"rendered":"https:\/\/filatelia.cuentista.es\/product\/sobre-primer-dia-alemania-1965-saarbrucken"},"modified":"2025-01-24T21:46:04","modified_gmt":"2025-01-24T21:46:04","slug":"sobre-primer-dia-alemania-1965-saarbrucken","status":"publish","type":"product","link":"https:\/\/filatelia.cuentista.es\/en\/product\/sobre-primer-dia-alemania-1965-saarbrucken","title":{"rendered":"Sobre Primer D\u00eda Alemania 1965 &#8211; Saarbr\u00fccken"},"content":{"rendered":"<p>Ludwigskirche Saarbr\u00fccken<\/p>\n<p>10. Jahrestag der Volksbefragung 1955<\/p>\n<p>&#8211; Ersttag &#8211;<\/p>\n<p>Landesverband der Briefmarkensammler e.V.<\/p>\n<p>23.10.1965<\/p>","protected":false},"excerpt":{"rendered":"<p>Ludwigskirche Saarbr\u00fccken 10. Jahrestag der Volksbefragung 1955 &#8211; Ersttag &#8211; Landesverband der Briefmarkensammler e.V. 23.10.1965<\/p>","protected":false},"featured_media":7311,"comment_status":"open","ping_status":"closed","template":"","meta":{"_acf_changed":false},"product_brand":[],"product_cat":[1251,19],"product_tag":[],"class_list":{"0":"post-7313","1":"product","2":"type-product","3":"status-publish","4":"has-post-thumbnail","6":"product_cat-alemania-federal-bundesrepublik","7":"product_cat-spd-sobres-primer-dia","8":"thunk-woo-product-list","9":"opn-qv-enable","10":"open-woo-hover-zoom","11":"open-single-product-tab-horizontal","12":"open-shadow-","13":"open-shadow-hover-","15":"first","16":"instock","17":"sale","18":"shipping-taxable","19":"purchasable","20":"product-type-simple"},"acf":[],"jetpack_sharing_enabled":true,"_links":{"self":[{"href":"https:\/\/filatelia.cuentista.es\/en\/wp-json\/wp\/v2\/product\/7313","targetHints":{"allow":["GET"]}}],"collection":[{"href":"https:\/\/filatelia.cuentista.es\/en\/wp-json\/wp\/v2\/product"}],"about":[{"href":"https:\/\/filatelia.cuentista.es\/en\/wp-json\/wp\/v2\/types\/product"}],"replies":[{"embeddable":true,"href":"https:\/\/filatelia.cuentista.es\/en\/wp-json\/wp\/v2\/comments?post=7313"}],"wp:featuredmedia":[{"embeddable":true,"href":"https:\/\/filatelia.cuentista.es\/en\/wp-json\/wp\/v2\/media\/7311"}],"wp:attachment":[{"href":"https:\/\/filatelia.cuentista.es\/en\/wp-json\/wp\/v2\/media?parent=7313"}],"wp:term":[{"taxonomy":"product_brand","embeddable":true,"href":"https:\/\/filatelia.cuentista.es\/en\/wp-json\/wp\/v2\/product_brand?post=7313"},{"taxonomy":"product_cat","embeddable":true,"href":"https:\/\/filatelia.cuentista.es\/en\/wp-json\/wp\/v2\/product_cat?post=7313"},{"taxonomy":"product_tag","embeddable":true,"href":"https:\/\/filatelia.cuentista.es\/en\/wp-json\/wp\/v2\/product_tag?post=7313"}],"curies":[{"name":"wp","href":"https:\/\/api.w.org\/{rel}","templated":true}]}}