{"id":7307,"date":"2025-01-11T15:33:31","date_gmt":"2025-01-11T15:33:31","guid":{"rendered":"https:\/\/filatelia.cuentista.es\/?post_type=product&#038;p=7307"},"modified":"2025-01-11T15:35:22","modified_gmt":"2025-01-11T15:35:22","slug":"sello-argentina-1959-caballo-criollo-1-peso-rojo-usado-2","status":"publish","type":"product","link":"https:\/\/filatelia.cuentista.es\/en\/product\/sello-argentina-1959-caballo-criollo-1-peso-rojo-usado-2","title":{"rendered":"Par de Sellos Vertical Argentina 1959 &#8211; Caballo Criollo &#8211; 1 Peso Rojo Usado"},"content":{"rendered":"<p>Horse (Equus ferus caballus)<\/p>\n<p><img class=\"size-full\"><img class=\"size-full\"><\/p>\n<p>Pa\u00eds:<\/p>\n<p>Argentina<\/p>\n<p>Serie:<\/p>\n<p>Personalities and Landscapes &#8211; Typo<\/p>\n<p>C\u00f3digo de cat\u00e1logo:<\/p>\n<p>Michel AR 701<\/p>\n<p>Stamp Number AR 689<\/p>\n<p>Yvert et Tellier AR 604<\/p>\n<p>Stanley Gibbons AR 950<\/p>\n<p>Gz (Cefiloza) AR 775<\/p>\n<p>G\u00f6tig and Jalil AR 1127<\/p>\n<p>Tiene variantes menores: 3<\/p>\n<p>Temas:<\/p>\n<p>Animales (Fauna) | Caballos | Mam\u00edferos<\/p>\n<p>Fecha emisi\u00f3n:<\/p>\n<p>1959-08-20<\/p>\n<p>Tama\u00f1o:<\/p>\n<p>30 x 24 mm<\/p>\n<p>Colores:<\/p>\n<p>Rosa rojo<\/p>\n<p>Marca de agua:<\/p>\n<p>Sol redondo RA (9&#215;8,5 mm) de lado a izquierda\/derecha<\/p>\n<p>Formato:<\/p>\n<p>Sello<\/p>\n<p>Emisi\u00f3n:<\/p>\n<p>Definitivo<\/p>\n<p>Perforaci\u00f3n:<\/p>\n<p>peine13\u00bc<\/p>\n<p>Impresi\u00f3n:<\/p>\n<p>Tipograf\u00eda<\/p>\n<p>Papel:<\/p>\n<p>National, horizontally fine grained<\/p>\n<p>Valor facial:<\/p>\n<p>1 m$n &#8211; Peso Moneda Nacional Argentino<\/p>\n<p><a href=\"https:\/\/colnect.com\/stamps\/stamp\/213205\">https:\/\/colnect.com\/stamps\/stamp\/213205<\/a><\/p>","protected":false},"excerpt":{"rendered":"<p>Horse (Equus ferus caballus) Pa\u00eds: Argentina Serie: Personalities and Landscapes &#8211; Typo C\u00f3digo de cat\u00e1logo: Michel AR 701 Stamp Number AR 689 Yvert et Tellier AR 604 Stanley Gibbons AR 950 Gz (Cefiloza) AR 775 G\u00f6tig and Jalil AR 1127 Tiene variantes menores: 3 Temas: Animales (Fauna) | Caballos | Mam\u00edferos Fecha emisi\u00f3n: 1959-08-20 Tama\u00f1o: &hellip;<\/p>\n<p class=\"read-more\"> <a class=\"thunk-readmore button\" href=\"https:\/\/filatelia.cuentista.es\/en\/product\/sello-argentina-1959-caballo-criollo-1-peso-rojo-usado-2\"> <span class=\"screen-reader-text\">Par de Sellos Vertical Argentina 1959 &#8211; Caballo Criollo &#8211; 1 Peso Rojo Usado<\/span>Read More<\/a><\/p>","protected":false},"featured_media":7308,"comment_status":"open","ping_status":"closed","template":"","meta":{"_acf_changed":false},"product_brand":[],"product_cat":[1568,20],"product_tag":[],"class_list":{"0":"post-7307","1":"product","2":"type-product","3":"status-publish","4":"has-post-thumbnail","6":"product_cat-argentina","7":"product_cat-sellos-usados","8":"thunk-woo-product-list","9":"opn-qv-enable","10":"open-woo-hover-zoom","11":"open-single-product-tab-horizontal","12":"open-shadow-","13":"open-shadow-hover-","15":"first","16":"instock","17":"shipping-taxable","18":"purchasable","19":"product-type-simple"},"acf":[],"jetpack_sharing_enabled":true,"_links":{"self":[{"href":"https:\/\/filatelia.cuentista.es\/en\/wp-json\/wp\/v2\/product\/7307","targetHints":{"allow":["GET"]}}],"collection":[{"href":"https:\/\/filatelia.cuentista.es\/en\/wp-json\/wp\/v2\/product"}],"about":[{"href":"https:\/\/filatelia.cuentista.es\/en\/wp-json\/wp\/v2\/types\/product"}],"replies":[{"embeddable":true,"href":"https:\/\/filatelia.cuentista.es\/en\/wp-json\/wp\/v2\/comments?post=7307"}],"wp:featuredmedia":[{"embeddable":true,"href":"https:\/\/filatelia.cuentista.es\/en\/wp-json\/wp\/v2\/media\/7308"}],"wp:attachment":[{"href":"https:\/\/filatelia.cuentista.es\/en\/wp-json\/wp\/v2\/media?parent=7307"}],"wp:term":[{"taxonomy":"product_brand","embeddable":true,"href":"https:\/\/filatelia.cuentista.es\/en\/wp-json\/wp\/v2\/product_brand?post=7307"},{"taxonomy":"product_cat","embeddable":true,"href":"https:\/\/filatelia.cuentista.es\/en\/wp-json\/wp\/v2\/product_cat?post=7307"},{"taxonomy":"product_tag","embeddable":true,"href":"https:\/\/filatelia.cuentista.es\/en\/wp-json\/wp\/v2\/product_tag?post=7307"}],"curies":[{"name":"wp","href":"https:\/\/api.w.org\/{rel}","templated":true}]}}