{"id":7305,"date":"2025-01-11T15:27:27","date_gmt":"2025-01-11T15:27:27","guid":{"rendered":"https:\/\/filatelia.cuentista.es\/?post_type=product&#038;p=7305"},"modified":"2025-01-11T15:33:04","modified_gmt":"2025-01-11T15:33:04","slug":"sello-argentina-1959-fauna-yacare-10c-verde-oscuro-nuevo-2-3","status":"publish","type":"product","link":"https:\/\/filatelia.cuentista.es\/en\/product\/sello-argentina-1959-fauna-yacare-10c-verde-oscuro-nuevo-2-3","title":{"rendered":"Sello Argentina 1959 &#8211; Fauna Yacare &#8211; 10c Verde Oscuro Usado &#8211; Sobreimpreso : S. Oficial"},"content":{"rendered":"<p>Caiman (Caiman sp.)<\/p>\n<p><img class=\"size-full\"><img class=\"size-full\"><\/p>\n<p>Pa\u00eds:<\/p>\n<p>Argentina<\/p>\n<p>Serie:<\/p>\n<p>Personalities and Landscapes &#8211; Offset<\/p>\n<p>C\u00f3digo de cat\u00e1logo:<\/p>\n<p>Michel AR 699<\/p>\n<p>Stamp Number AR 685<\/p>\n<p>Yvert et Tellier AR 602<\/p>\n<p>Stanley Gibbons AR 946<\/p>\n<p>Gz (Cefiloza) AR 779<\/p>\n<p>G\u00f6tig and Jalil AR 1123<\/p>\n<p>Variantes:<\/p>\n<p>Click para ver variantes<\/p>\n<p>Tiene variantes menores: 3<\/p>\n<p>Temas:<\/p>\n<p>Animales (Fauna) | Cocodrilos | Reptiles<\/p>\n<p>Fecha emisi\u00f3n:<\/p>\n<p>1959-09-09<\/p>\n<p>Tama\u00f1o:<\/p>\n<p>30 x 24 mm<\/p>\n<p>Colores:<\/p>\n<p>Verde oscuro<\/p>\n<p>Marca de agua:<\/p>\n<p>Sol redondo RA (9&#215;8,5 mm) normal\/invertido<\/p>\n<p>Formato:<\/p>\n<p>Sello<\/p>\n<p>Emisi\u00f3n:<\/p>\n<p>Definitivo<\/p>\n<p>Perforaci\u00f3n:<\/p>\n<p>peine13 x 13\u00bc<\/p>\n<p>Impresi\u00f3n:<\/p>\n<p>Litograf\u00eda offset<\/p>\n<p>Papel:<\/p>\n<p>National, horizontally laid<\/p>\n<p>Valor facial:<\/p>\n<p>10 \u00a2 &#8211; Centavo Argentino<\/p>\n<p><a href=\"https:\/\/colnect.com\/stamps\/stamp\/650003\">https:\/\/colnect.com\/stamps\/stamp\/650003<\/a><\/p>","protected":false},"excerpt":{"rendered":"<p>Caiman (Caiman sp.) Pa\u00eds: Argentina Serie: Personalities and Landscapes &#8211; Offset C\u00f3digo de cat\u00e1logo: Michel AR 699 Stamp Number AR 685 Yvert et Tellier AR 602 Stanley Gibbons AR 946 Gz (Cefiloza) AR 779 G\u00f6tig and Jalil AR 1123 Variantes: Click para ver variantes Tiene variantes menores: 3 Temas: Animales (Fauna) | Cocodrilos | Reptiles &hellip;<\/p>\n<p class=\"read-more\"> <a class=\"thunk-readmore button\" href=\"https:\/\/filatelia.cuentista.es\/en\/product\/sello-argentina-1959-fauna-yacare-10c-verde-oscuro-nuevo-2-3\"> <span class=\"screen-reader-text\">Sello Argentina 1959 &#8211; Fauna Yacare &#8211; 10c Verde Oscuro Usado &#8211; Sobreimpreso : S. Oficial<\/span>Read More<\/a><\/p>","protected":false},"featured_media":7306,"comment_status":"open","ping_status":"closed","template":"","meta":{"_acf_changed":false},"product_brand":[],"product_cat":[1568,1545,20],"product_tag":[],"class_list":{"0":"post-7305","1":"product","2":"type-product","3":"status-publish","4":"has-post-thumbnail","6":"product_cat-argentina","7":"product_cat-sobreimpreso","8":"product_cat-sellos-usados","9":"thunk-woo-product-list","10":"opn-qv-enable","11":"open-woo-hover-zoom","12":"open-single-product-tab-horizontal","13":"open-shadow-","14":"open-shadow-hover-","16":"first","17":"instock","18":"shipping-taxable","19":"purchasable","20":"product-type-simple"},"acf":[],"jetpack_sharing_enabled":true,"_links":{"self":[{"href":"https:\/\/filatelia.cuentista.es\/en\/wp-json\/wp\/v2\/product\/7305","targetHints":{"allow":["GET"]}}],"collection":[{"href":"https:\/\/filatelia.cuentista.es\/en\/wp-json\/wp\/v2\/product"}],"about":[{"href":"https:\/\/filatelia.cuentista.es\/en\/wp-json\/wp\/v2\/types\/product"}],"replies":[{"embeddable":true,"href":"https:\/\/filatelia.cuentista.es\/en\/wp-json\/wp\/v2\/comments?post=7305"}],"wp:featuredmedia":[{"embeddable":true,"href":"https:\/\/filatelia.cuentista.es\/en\/wp-json\/wp\/v2\/media\/7306"}],"wp:attachment":[{"href":"https:\/\/filatelia.cuentista.es\/en\/wp-json\/wp\/v2\/media?parent=7305"}],"wp:term":[{"taxonomy":"product_brand","embeddable":true,"href":"https:\/\/filatelia.cuentista.es\/en\/wp-json\/wp\/v2\/product_brand?post=7305"},{"taxonomy":"product_cat","embeddable":true,"href":"https:\/\/filatelia.cuentista.es\/en\/wp-json\/wp\/v2\/product_cat?post=7305"},{"taxonomy":"product_tag","embeddable":true,"href":"https:\/\/filatelia.cuentista.es\/en\/wp-json\/wp\/v2\/product_tag?post=7305"}],"curies":[{"name":"wp","href":"https:\/\/api.w.org\/{rel}","templated":true}]}}