{"id":7282,"date":"2025-01-06T19:51:31","date_gmt":"2025-01-06T19:51:31","guid":{"rendered":"https:\/\/filatelia.cuentista.es\/?post_type=product&#038;p=7282"},"modified":"2025-01-06T19:54:05","modified_gmt":"2025-01-06T19:54:05","slug":"semi-pliego-hungria-1972-porcelana-herendi-caramelera-25-valores-60-filler-2-2","status":"publish","type":"product","link":"https:\/\/filatelia.cuentista.es\/en\/product\/semi-pliego-hungria-1972-porcelana-herendi-caramelera-25-valores-60-filler-2-2","title":{"rendered":"Semi Pliego Hungr\u00eda 1972 &#8211; Porcelana Herendi Jarr\u00f3n &#8211; 25 Valores &#8211; 80 Filler"},"content":{"rendered":"<p>Vase with flowers and butterflies<\/p>\n<p><img class=\"size-full\"><\/p>\n<p>Pa\u00eds:<\/p>\n<p>Hungr\u00eda<\/p>\n<p>Serie:<\/p>\n<p>Herend Porcelain<\/p>\n<p>C\u00f3digo de cat\u00e1logo:<\/p>\n<p>Michel HU 2797A<\/p>\n<p>Stamp Number HU 2171<\/p>\n<p>Yvert et Tellier HU 2259<\/p>\n<p>Stanley Gibbons HU 2711<\/p>\n<p>AFA n\u00famero HU 2736<\/p>\n<p>Cat\u00e1logo Philatelia Hungarica HU 2812<\/p>\n<p>Variantes:<\/p>\n<p>Click para ver variantes<\/p>\n<p>Temas:<\/p>\n<p>Artesan\u00eda | Cer\u00e1micas | Flores | Mariposas y polillas | Vidrio y Cer\u00e1mica<\/p>\n<p>Fecha emisi\u00f3n:<\/p>\n<p>1972-09-15<\/p>\n<p>Tama\u00f1o:<\/p>\n<p>34 x 51 mm<\/p>\n<p>Colores:<\/p>\n<p>Multicolor<\/p>\n<p>Formato:<\/p>\n<p>Sello<\/p>\n<p>Emisi\u00f3n:<\/p>\n<p>Conmemorativo<\/p>\n<p>Perforaci\u00f3n:<\/p>\n<p>peine12<\/p>\n<p>Impresi\u00f3n:<\/p>\n<p>Litograf\u00eda offset<\/p>\n<p>Valor facial:<\/p>\n<p>80 fi &#8211; Fill\u00e9r h\u00fangaro<\/p>\n<p>Tiraje:<\/p>\n<p>569.100<\/p>\n<p><a href=\"https:\/\/colnect.com\/stamps\/stamp\/175560\">https:\/\/colnect.com\/stamps\/stamp\/175560<\/a><\/p>","protected":false},"excerpt":{"rendered":"<p>Vase with flowers and butterflies Pa\u00eds: Hungr\u00eda Serie: Herend Porcelain C\u00f3digo de cat\u00e1logo: Michel HU 2797A Stamp Number HU 2171 Yvert et Tellier HU 2259 Stanley Gibbons HU 2711 AFA n\u00famero HU 2736 Cat\u00e1logo Philatelia Hungarica HU 2812 Variantes: Click para ver variantes Temas: Artesan\u00eda | Cer\u00e1micas | Flores | Mariposas y polillas | Vidrio &hellip;<\/p>\n<p class=\"read-more\"> <a class=\"thunk-readmore button\" href=\"https:\/\/filatelia.cuentista.es\/en\/product\/semi-pliego-hungria-1972-porcelana-herendi-caramelera-25-valores-60-filler-2-2\"> <span class=\"screen-reader-text\">Semi Pliego Hungr\u00eda 1972 &#8211; Porcelana Herendi Jarr\u00f3n &#8211; 25 Valores &#8211; 80 Filler<\/span>Read More<\/a><\/p>","protected":false},"featured_media":7283,"comment_status":"open","ping_status":"closed","template":"","meta":{"_acf_changed":false},"product_brand":[],"product_cat":[1585,660,1514,20],"product_tag":[],"class_list":{"0":"post-7282","1":"product","2":"type-product","3":"status-publish","4":"has-post-thumbnail","6":"product_cat-hungria","7":"product_cat-pliego","8":"product_cat-sello-nuevo-cancelado","9":"product_cat-sellos-usados","10":"thunk-woo-product-list","11":"opn-qv-enable","12":"open-woo-hover-zoom","13":"open-single-product-tab-horizontal","14":"open-shadow-","15":"open-shadow-hover-","17":"first","18":"instock","19":"shipping-taxable","20":"purchasable","21":"product-type-simple"},"acf":[],"jetpack_sharing_enabled":true,"_links":{"self":[{"href":"https:\/\/filatelia.cuentista.es\/en\/wp-json\/wp\/v2\/product\/7282","targetHints":{"allow":["GET"]}}],"collection":[{"href":"https:\/\/filatelia.cuentista.es\/en\/wp-json\/wp\/v2\/product"}],"about":[{"href":"https:\/\/filatelia.cuentista.es\/en\/wp-json\/wp\/v2\/types\/product"}],"replies":[{"embeddable":true,"href":"https:\/\/filatelia.cuentista.es\/en\/wp-json\/wp\/v2\/comments?post=7282"}],"wp:featuredmedia":[{"embeddable":true,"href":"https:\/\/filatelia.cuentista.es\/en\/wp-json\/wp\/v2\/media\/7283"}],"wp:attachment":[{"href":"https:\/\/filatelia.cuentista.es\/en\/wp-json\/wp\/v2\/media?parent=7282"}],"wp:term":[{"taxonomy":"product_brand","embeddable":true,"href":"https:\/\/filatelia.cuentista.es\/en\/wp-json\/wp\/v2\/product_brand?post=7282"},{"taxonomy":"product_cat","embeddable":true,"href":"https:\/\/filatelia.cuentista.es\/en\/wp-json\/wp\/v2\/product_cat?post=7282"},{"taxonomy":"product_tag","embeddable":true,"href":"https:\/\/filatelia.cuentista.es\/en\/wp-json\/wp\/v2\/product_tag?post=7282"}],"curies":[{"name":"wp","href":"https:\/\/api.w.org\/{rel}","templated":true}]}}