{"id":7278,"date":"2025-01-06T19:47:46","date_gmt":"2025-01-06T19:47:46","guid":{"rendered":"https:\/\/filatelia.cuentista.es\/product\/semi-pliego-hungria-1972-porcelana-herendi-caramelera-25-valores-60-filler"},"modified":"2025-01-06T19:47:49","modified_gmt":"2025-01-06T19:47:49","slug":"semi-pliego-hungria-1972-porcelana-herendi-caramelera-25-valores-60-filler","status":"publish","type":"product","link":"https:\/\/filatelia.cuentista.es\/en\/product\/semi-pliego-hungria-1972-porcelana-herendi-caramelera-25-valores-60-filler","title":{"rendered":"Semi Pliego Hungr\u00eda 1972 &#8211; Porcelana Herendi Caramelera &#8211; 25 Valores &#8211; 60 Filler"},"content":{"rendered":"<p>Candy dish<\/p>\n<p><img class=\"size-full\"><\/p>\n<p>Pa\u00eds:<\/p>\n<p>Hungr\u00eda<\/p>\n<p>Serie:<\/p>\n<p>Herend Porcelain<\/p>\n<p>C\u00f3digo de cat\u00e1logo:<\/p>\n<p>Michel HU 2796A<\/p>\n<p>Stamp Number HU 2170<\/p>\n<p>Yvert et Tellier HU 2258<\/p>\n<p>Stanley Gibbons HU 2710<\/p>\n<p>AFA n\u00famero HU 2735<\/p>\n<p>Cat\u00e1logo Philatelia Hungarica HU 2811<\/p>\n<p>Variantes:<\/p>\n<p>Click para ver variantes<\/p>\n<p>Temas:<\/p>\n<p>Artesan\u00eda | Cer\u00e1micas | Vidrio y Cer\u00e1mica<\/p>\n<p>Fecha emisi\u00f3n:<\/p>\n<p>1972-09-15<\/p>\n<p>Tama\u00f1o:<\/p>\n<p>40 x 41 mm<\/p>\n<p>Colores:<\/p>\n<p>Multicolor<\/p>\n<p>Formato:<\/p>\n<p>Sello<\/p>\n<p>Emisi\u00f3n:<\/p>\n<p>Conmemorativo<\/p>\n<p>Perforaci\u00f3n:<\/p>\n<p>peine12<\/p>\n<p>Impresi\u00f3n:<\/p>\n<p>Litograf\u00eda offset<\/p>\n<p>Valor facial:<\/p>\n<p>60 fi &#8211; Fill\u00e9r h\u00fangaro<\/p>\n<p>Tiraje:<\/p>\n<p>569.100<\/p>\n<p>Puntuaci\u00f3n:<\/p>\n<p>5% Precisi\u00f3n: Muy alto<\/p>\n<p>Art\u00edculos relacionados:<\/p>\n<p>Producto Filat\u00e9lico (relacionado): Herend Porcelain (Hungr\u00eda, Hungr\u00eda)<\/p>\n<p>Descripci\u00f3n:<\/p>\n<p>Herend china factory, founded 1839: Herend Porcelain: Covered Candy Dish<\/p>\n<p><a href=\"https:\/\/colnect.com\/stamps\/stamp\/175559\">https:\/\/colnect.com\/stamps\/stamp\/175559<\/a><\/p>","protected":false},"excerpt":{"rendered":"<p>Candy dish Pa\u00eds: Hungr\u00eda Serie: Herend Porcelain C\u00f3digo de cat\u00e1logo: Michel HU 2796A Stamp Number HU 2170 Yvert et Tellier HU 2258 Stanley Gibbons HU 2710 AFA n\u00famero HU 2735 Cat\u00e1logo Philatelia Hungarica HU 2811 Variantes: Click para ver variantes Temas: Artesan\u00eda | Cer\u00e1micas | Vidrio y Cer\u00e1mica Fecha emisi\u00f3n: 1972-09-15 Tama\u00f1o: 40 x 41 &hellip;<\/p>\n<p class=\"read-more\"> <a class=\"thunk-readmore button\" href=\"https:\/\/filatelia.cuentista.es\/en\/product\/semi-pliego-hungria-1972-porcelana-herendi-caramelera-25-valores-60-filler\"> <span class=\"screen-reader-text\">Semi Pliego Hungr\u00eda 1972 &#8211; Porcelana Herendi Caramelera &#8211; 25 Valores &#8211; 60 Filler<\/span>Read More<\/a><\/p>","protected":false},"featured_media":7277,"comment_status":"open","ping_status":"closed","template":"","meta":{"_acf_changed":false},"product_brand":[],"product_cat":[1585,660,1514,20],"product_tag":[],"class_list":{"0":"post-7278","1":"product","2":"type-product","3":"status-publish","4":"has-post-thumbnail","6":"product_cat-hungria","7":"product_cat-pliego","8":"product_cat-sello-nuevo-cancelado","9":"product_cat-sellos-usados","10":"thunk-woo-product-list","11":"opn-qv-enable","12":"open-woo-hover-zoom","13":"open-single-product-tab-horizontal","14":"open-shadow-","15":"open-shadow-hover-","17":"first","18":"instock","19":"shipping-taxable","20":"purchasable","21":"product-type-simple"},"acf":[],"jetpack_sharing_enabled":true,"_links":{"self":[{"href":"https:\/\/filatelia.cuentista.es\/en\/wp-json\/wp\/v2\/product\/7278","targetHints":{"allow":["GET"]}}],"collection":[{"href":"https:\/\/filatelia.cuentista.es\/en\/wp-json\/wp\/v2\/product"}],"about":[{"href":"https:\/\/filatelia.cuentista.es\/en\/wp-json\/wp\/v2\/types\/product"}],"replies":[{"embeddable":true,"href":"https:\/\/filatelia.cuentista.es\/en\/wp-json\/wp\/v2\/comments?post=7278"}],"wp:featuredmedia":[{"embeddable":true,"href":"https:\/\/filatelia.cuentista.es\/en\/wp-json\/wp\/v2\/media\/7277"}],"wp:attachment":[{"href":"https:\/\/filatelia.cuentista.es\/en\/wp-json\/wp\/v2\/media?parent=7278"}],"wp:term":[{"taxonomy":"product_brand","embeddable":true,"href":"https:\/\/filatelia.cuentista.es\/en\/wp-json\/wp\/v2\/product_brand?post=7278"},{"taxonomy":"product_cat","embeddable":true,"href":"https:\/\/filatelia.cuentista.es\/en\/wp-json\/wp\/v2\/product_cat?post=7278"},{"taxonomy":"product_tag","embeddable":true,"href":"https:\/\/filatelia.cuentista.es\/en\/wp-json\/wp\/v2\/product_tag?post=7278"}],"curies":[{"name":"wp","href":"https:\/\/api.w.org\/{rel}","templated":true}]}}