{"id":7267,"date":"2025-01-06T18:37:16","date_gmt":"2025-01-06T18:37:16","guid":{"rendered":"https:\/\/filatelia.cuentista.es\/?post_type=product&#038;p=7267"},"modified":"2025-01-06T18:40:31","modified_gmt":"2025-01-06T18:40:31","slug":"pliego-hungria-1972-21-valores-principe-geza-escoge-sitio-de-szekesfehervar-40-filler-usado-2","status":"publish","type":"product","link":"https:\/\/filatelia.cuentista.es\/en\/product\/pliego-hungria-1972-21-valores-principe-geza-escoge-sitio-de-szekesfehervar-40-filler-usado-2","title":{"rendered":"Pliego Hungr\u00eda 1972 &#8211; 21 Valores &#8211; St Stephen primer rey de Hungr\u00eda &#8211; 60 Filler Usado"},"content":{"rendered":"<p>St Stephen, First King of Hungary<\/p>\n<p><img class=\"size-full\"><img class=\"size-full\"><\/p>\n<p>Pa\u00eds:<\/p>\n<p>Hungr\u00eda<\/p>\n<p>Serie:<\/p>\n<p>Millennium of the Town of Szekesfehervar<\/p>\n<p>C\u00f3digo de cat\u00e1logo:<\/p>\n<p>Michel HU 2783AI<\/p>\n<p>Stanley Gibbons HU 2697<\/p>\n<p>Cat\u00e1logo Philatelia Hungarica HU 2800a<\/p>\n<p>Variantes:<\/p>\n<p>Click para ver variantes<\/p>\n<p>Temas:<\/p>\n<p>Animales Her\u00e1ldicos | Aniversarios y Jubileos | Castillos | Escudo de Armas | Espadas | Reyes<\/p>\n<p>Fecha emisi\u00f3n:<\/p>\n<p>1972-08-20<\/p>\n<p>Colores:<\/p>\n<p>Multicolor<\/p>\n<p>Dise\u00f1adores:<\/p>\n<p>L\u00e9gr\u00e1dy S\u00e1ndor<\/p>\n<p>Formato:<\/p>\n<p>Sello<\/p>\n<p>Emisi\u00f3n:<\/p>\n<p>Conmemorativo<\/p>\n<p>Perforaci\u00f3n:<\/p>\n<p>peine12<\/p>\n<p>Impresi\u00f3n:<\/p>\n<p>Fotograbado<\/p>\n<p>Valor facial:<\/p>\n<p>60 fi &#8211; Fill\u00e9r h\u00fangaro<\/p>\n<p><a href=\"https:\/\/colnect.com\/stamps\/stamp\/774155\">https:\/\/colnect.com\/stamps\/stamp\/774155<\/a><\/p>","protected":false},"excerpt":{"rendered":"<p>St Stephen, First King of Hungary Pa\u00eds: Hungr\u00eda Serie: Millennium of the Town of Szekesfehervar C\u00f3digo de cat\u00e1logo: Michel HU 2783AI Stanley Gibbons HU 2697 Cat\u00e1logo Philatelia Hungarica HU 2800a Variantes: Click para ver variantes Temas: Animales Her\u00e1ldicos | Aniversarios y Jubileos | Castillos | Escudo de Armas | Espadas | Reyes Fecha emisi\u00f3n: 1972-08-20 &hellip;<\/p>\n<p class=\"read-more\"> <a class=\"thunk-readmore button\" href=\"https:\/\/filatelia.cuentista.es\/en\/product\/pliego-hungria-1972-21-valores-principe-geza-escoge-sitio-de-szekesfehervar-40-filler-usado-2\"> <span class=\"screen-reader-text\">Pliego Hungr\u00eda 1972 &#8211; 21 Valores &#8211; St Stephen primer rey de Hungr\u00eda &#8211; 60 Filler Usado<\/span>Read More<\/a><\/p>","protected":false},"featured_media":7268,"comment_status":"open","ping_status":"closed","template":"","meta":{"_acf_changed":false},"product_brand":[],"product_cat":[1394,1585,1514,20],"product_tag":[],"class_list":{"0":"post-7267","1":"product","2":"type-product","3":"status-publish","4":"has-post-thumbnail","6":"product_cat-cinderella-stamp","7":"product_cat-hungria","8":"product_cat-sello-nuevo-cancelado","9":"product_cat-sellos-usados","10":"thunk-woo-product-list","11":"opn-qv-enable","12":"open-woo-hover-zoom","13":"open-single-product-tab-horizontal","14":"open-shadow-","15":"open-shadow-hover-","17":"first","18":"instock","19":"shipping-taxable","20":"purchasable","21":"product-type-simple"},"acf":[],"jetpack_sharing_enabled":true,"_links":{"self":[{"href":"https:\/\/filatelia.cuentista.es\/en\/wp-json\/wp\/v2\/product\/7267","targetHints":{"allow":["GET"]}}],"collection":[{"href":"https:\/\/filatelia.cuentista.es\/en\/wp-json\/wp\/v2\/product"}],"about":[{"href":"https:\/\/filatelia.cuentista.es\/en\/wp-json\/wp\/v2\/types\/product"}],"replies":[{"embeddable":true,"href":"https:\/\/filatelia.cuentista.es\/en\/wp-json\/wp\/v2\/comments?post=7267"}],"wp:featuredmedia":[{"embeddable":true,"href":"https:\/\/filatelia.cuentista.es\/en\/wp-json\/wp\/v2\/media\/7268"}],"wp:attachment":[{"href":"https:\/\/filatelia.cuentista.es\/en\/wp-json\/wp\/v2\/media?parent=7267"}],"wp:term":[{"taxonomy":"product_brand","embeddable":true,"href":"https:\/\/filatelia.cuentista.es\/en\/wp-json\/wp\/v2\/product_brand?post=7267"},{"taxonomy":"product_cat","embeddable":true,"href":"https:\/\/filatelia.cuentista.es\/en\/wp-json\/wp\/v2\/product_cat?post=7267"},{"taxonomy":"product_tag","embeddable":true,"href":"https:\/\/filatelia.cuentista.es\/en\/wp-json\/wp\/v2\/product_tag?post=7267"}],"curies":[{"name":"wp","href":"https:\/\/api.w.org\/{rel}","templated":true}]}}